{"id":12,"date":"2024-07-28T17:15:29","date_gmt":"2024-07-28T20:15:29","guid":{"rendered":"http:\/\/localhost\/ohka\/jsl\/?page_id=12"},"modified":"2025-10-10T15:55:21","modified_gmt":"2025-10-10T18:55:21","slug":"home","status":"publish","type":"page","link":"https:\/\/www.jslvedacoes.com.br\/site\/","title":{"rendered":"Home"},"content":{"rendered":"\t\t<div data-elementor-type=\"wp-page\" data-elementor-id=\"12\" class=\"elementor elementor-12\" data-elementor-post-type=\"page\">\n\t\t\t\t<div class=\"elementor-element elementor-element-4ba1fca e-con-full e-flex e-con e-parent\" data-id=\"4ba1fca\" data-element_type=\"container\">\n\t\t\t\t<div class=\"elementor-element elementor-element-6dcc680 elementor--h-position-center elementor--v-position-middle elementor-arrows-position-inside elementor-widget elementor-widget-slides\" data-id=\"6dcc680\" data-element_type=\"widget\" data-settings=\"{&quot;navigation&quot;:&quot;arrows&quot;,&quot;autoplay&quot;:&quot;yes&quot;,&quot;pause_on_hover&quot;:&quot;yes&quot;,&quot;pause_on_interaction&quot;:&quot;yes&quot;,&quot;autoplay_speed&quot;:5000,&quot;transition&quot;:&quot;slide&quot;,&quot;transition_speed&quot;:500}\" data-widget_type=\"slides.default\">\n\t\t\t\t\t\t\t\t\t\t<div class=\"elementor-slides-wrapper elementor-main-swiper swiper\" role=\"region\" aria-roledescription=\"carousel\" aria-label=\"Slides\" dir=\"ltr\" data-animation=\"fadeInUp\">\n\t\t\t\t<div class=\"swiper-wrapper elementor-slides\">\n\t\t\t\t\t\t\t\t\t\t<div class=\"elementor-repeater-item-74ccd48 swiper-slide\" role=\"group\" aria-roledescription=\"slide\"><div class=\"swiper-slide-bg\" role=\"img\"><\/div><div class=\"swiper-slide-inner\" ><div class=\"swiper-slide-contents\"><a href=\"https:\/\/www.jslvedacoes.com.br\/site\/produtos\/\" class=\"elementor-button elementor-slide-button elementor-size-xs\">nossos produtos<\/a><\/div><\/div><\/div><div class=\"elementor-repeater-item-2f81f65 swiper-slide\" role=\"group\" aria-roledescription=\"slide\"><div class=\"swiper-slide-bg\" role=\"img\"><\/div><div class=\"swiper-slide-inner\" ><div class=\"swiper-slide-contents\"><a href=\"https:\/\/www.jslvedacoes.com.br\/site\/produtos\/\" class=\"elementor-button elementor-slide-button elementor-size-xs\">nossos produtos<\/a><\/div><\/div><\/div><div class=\"elementor-repeater-item-b3040d7 swiper-slide\" role=\"group\" aria-roledescription=\"slide\"><div class=\"swiper-slide-bg\" role=\"img\"><\/div><a class=\"swiper-slide-inner\" href=\"https:\/\/www.jslvedacoes.com.br\/site\/produtos\/\"><div class=\"swiper-slide-contents\"><div class=\"elementor-slide-heading\">Alta variedade em produtos importados<\/div><div  class=\"elementor-button elementor-slide-button elementor-size-xs\">confira os produtos<\/div><\/div><\/a><\/div>\t\t\t\t<\/div>\n\t\t\t\t\t\t\t\t\t\t\t\t\t\t\t<div class=\"elementor-swiper-button elementor-swiper-button-prev\" role=\"button\" tabindex=\"0\" aria-label=\"Previous slide\">\n\t\t\t\t\t\t\t<svg aria-hidden=\"true\" class=\"e-font-icon-svg e-eicon-chevron-left\" viewBox=\"0 0 1000 1000\" xmlns=\"http:\/\/www.w3.org\/2000\/svg\"><path d=\"M646 125C629 125 613 133 604 142L308 442C296 454 292 471 292 487 292 504 296 521 308 533L604 854C617 867 629 875 646 875 663 875 679 871 692 858 704 846 713 829 713 812 713 796 708 779 692 767L438 487 692 225C700 217 708 204 708 187 708 171 704 154 692 142 675 129 663 125 646 125Z\"><\/path><\/svg>\t\t\t\t\t\t<\/div>\n\t\t\t\t\t\t<div class=\"elementor-swiper-button elementor-swiper-button-next\" role=\"button\" tabindex=\"0\" aria-label=\"Next slide\">\n\t\t\t\t\t\t\t<svg aria-hidden=\"true\" class=\"e-font-icon-svg e-eicon-chevron-right\" viewBox=\"0 0 1000 1000\" xmlns=\"http:\/\/www.w3.org\/2000\/svg\"><path d=\"M696 533C708 521 713 504 713 487 713 471 708 454 696 446L400 146C388 133 375 125 354 125 338 125 325 129 313 142 300 154 292 171 292 187 292 204 296 221 308 233L563 492 304 771C292 783 288 800 288 817 288 833 296 850 308 863 321 871 338 875 354 875 371 875 388 867 400 854L696 533Z\"><\/path><\/svg>\t\t\t\t\t\t<\/div>\n\t\t\t\t\t\t\t\t\t\t\t\t\t\t\t\t\t<\/div>\n\t\t\t\t\t\t\t\t<\/div>\n\t\t\t\t<\/div>\n\t\t<div class=\"elementor-element elementor-element-4eb41b1 e-flex e-con-boxed e-con e-parent\" data-id=\"4eb41b1\" data-element_type=\"container\">\n\t\t\t\t\t<div class=\"e-con-inner\">\n\t\t<div class=\"elementor-element elementor-element-966affe e-con-full e-flex e-con e-child\" data-id=\"966affe\" data-element_type=\"container\">\n\t\t\t\t<div class=\"elementor-element elementor-element-ea6409a elementor-widget elementor-widget-heading\" data-id=\"ea6409a\" data-element_type=\"widget\" data-widget_type=\"heading.default\">\n\t\t\t\t\t<h2 class=\"elementor-heading-title elementor-size-default\">JSL VEDA\u00c7\u00d5ES<\/h2>\t\t\t\t<\/div>\n\t\t\t\t<div class=\"elementor-element elementor-element-1a6c706 elementor-widget-divider--view-line elementor-widget elementor-widget-divider\" data-id=\"1a6c706\" data-element_type=\"widget\" data-widget_type=\"divider.default\">\n\t\t\t\t\t\t\t<div class=\"elementor-divider\">\n\t\t\t<span class=\"elementor-divider-separator\">\n\t\t\t\t\t\t<\/span>\n\t\t<\/div>\n\t\t\t\t\t\t<\/div>\n\t\t\t\t<div class=\"elementor-element elementor-element-af8e384 elementor-button-warning elementor-widget elementor-widget-button\" data-id=\"af8e384\" data-element_type=\"widget\" data-widget_type=\"button.default\">\n\t\t\t\t\t\t\t\t\t\t<a class=\"elementor-button elementor-button-link elementor-size-sm\" href=\"#elementor-action%3Aaction%3Dpopup%3Aopen%26settings%3DeyJpZCI6IjExNzQiLCJ0b2dnbGUiOmZhbHNlfQ%3D%3D\">\n\t\t\t\t\t\t<span class=\"elementor-button-content-wrapper\">\n\t\t\t\t\t\t\t\t\t<span class=\"elementor-button-text\">Fale com nossos especialistas<\/span>\n\t\t\t\t\t<\/span>\n\t\t\t\t\t<\/a>\n\t\t\t\t\t\t\t\t<\/div>\n\t\t\t\t<div class=\"elementor-element elementor-element-73df99f elementor-widget elementor-widget-text-editor\" data-id=\"73df99f\" data-element_type=\"widget\" data-widget_type=\"text-editor.default\">\n\t\t\t\t\t\t\t\t\t<p>Somos sua principal fonte de <strong>solu\u00e7\u00f5es em veda\u00e7\u00f5es<\/strong>. Com uma ampla variedade de medidas, materiais e perfis.<\/p>\n<p>Com mais de <strong>25 anos de experi\u00eancia<\/strong> no mercado, nossa equipe est\u00e1 pronta para ajud\u00e1-lo a encontrar a <strong>solu\u00e7\u00e3o perfeita para seus projetos<\/strong>.<\/p>\n<p><b>ATENDEMOS TODO O BRASIL<\/b><\/p>\n<p>Explore nossos cat\u00e1logos e entre em contato conosco.<\/p>\t\t\t\t\t\t\t\t<\/div>\n\t\t\t\t<\/div>\n\t\t<div class=\"elementor-element elementor-element-94cba00 e-con-full e-flex e-con e-child\" data-id=\"94cba00\" data-element_type=\"container\">\n\t\t\t\t<div class=\"elementor-element elementor-element-318a63d elementor-widget elementor-widget-image\" data-id=\"318a63d\" data-element_type=\"widget\" data-widget_type=\"image.default\">\n\t\t\t\t\t\t\t\t\t\t\t\t\t\t\t<img fetchpriority=\"high\" decoding=\"async\" width=\"1600\" height=\"1068\" src=\"https:\/\/www.jslvedacoes.com.br\/site\/wp-content\/uploads\/2025\/03\/MONTAGEM-KIT-2-B.jpeg\" class=\"attachment-full size-full wp-image-942\" alt=\"\" srcset=\"https:\/\/www.jslvedacoes.com.br\/site\/wp-content\/uploads\/2025\/03\/MONTAGEM-KIT-2-B.jpeg 1600w, https:\/\/www.jslvedacoes.com.br\/site\/wp-content\/uploads\/2025\/03\/MONTAGEM-KIT-2-B-300x200.jpeg 300w, https:\/\/www.jslvedacoes.com.br\/site\/wp-content\/uploads\/2025\/03\/MONTAGEM-KIT-2-B-1024x684.jpeg 1024w, https:\/\/www.jslvedacoes.com.br\/site\/wp-content\/uploads\/2025\/03\/MONTAGEM-KIT-2-B-768x513.jpeg 768w, https:\/\/www.jslvedacoes.com.br\/site\/wp-content\/uploads\/2025\/03\/MONTAGEM-KIT-2-B-1536x1025.jpeg 1536w\" sizes=\"(max-width: 1600px) 100vw, 1600px\" \/>\t\t\t\t\t\t\t\t\t\t\t\t\t\t\t<\/div>\n\t\t\t\t<\/div>\n\t\t\t\t\t<\/div>\n\t\t\t\t<\/div>\n\t\t<div class=\"elementor-element elementor-element-02612e5 e-flex e-con-boxed e-con e-parent\" data-id=\"02612e5\" data-element_type=\"container\" data-settings=\"{&quot;background_background&quot;:&quot;classic&quot;}\">\n\t\t\t\t\t<div class=\"e-con-inner\">\n\t\t<div class=\"elementor-element elementor-element-c9ce724 e-con-full e-flex e-con e-child\" data-id=\"c9ce724\" data-element_type=\"container\">\n\t\t<div class=\"elementor-element elementor-element-ca6aecc e-con-full e-flex e-con e-child\" data-id=\"ca6aecc\" data-element_type=\"container\" data-settings=\"{&quot;background_background&quot;:&quot;classic&quot;}\">\n\t\t<div class=\"elementor-element elementor-element-1a4d344 e-con-full e-flex e-con e-child\" data-id=\"1a4d344\" data-element_type=\"container\" data-settings=\"{&quot;background_background&quot;:&quot;classic&quot;}\">\n\t\t\t\t<div class=\"elementor-element elementor-element-8c2377a elementor-widget elementor-widget-heading\" data-id=\"8c2377a\" data-element_type=\"widget\" data-widget_type=\"heading.default\">\n\t\t\t\t\t<h2 class=\"elementor-heading-title elementor-size-default\">Automotivo<\/h2>\t\t\t\t<\/div>\n\t\t\t\t<\/div>\n\t\t\t\t<\/div>\n\t\t<div class=\"elementor-element elementor-element-5a8b83b e-con-full e-flex e-con e-child\" data-id=\"5a8b83b\" data-element_type=\"container\">\n\t\t<div class=\"elementor-element elementor-element-c0521b2 e-con-full e-flex e-con e-child\" data-id=\"c0521b2\" data-element_type=\"container\" data-settings=\"{&quot;background_background&quot;:&quot;classic&quot;}\">\n\t\t\t\t<div class=\"elementor-element elementor-element-e88bb98 elementor-widget elementor-widget-heading\" data-id=\"e88bb98\" data-element_type=\"widget\" data-widget_type=\"heading.default\">\n\t\t\t\t\t<h2 class=\"elementor-heading-title elementor-size-default\">Agricultura<\/h2>\t\t\t\t<\/div>\n\t\t\t\t<\/div>\n\t\t\t\t<\/div>\n\t\t<div class=\"elementor-element elementor-element-d2d24a9 e-con-full e-flex e-con e-child\" data-id=\"d2d24a9\" data-element_type=\"container\">\n\t\t<div class=\"elementor-element elementor-element-dcccfab e-con-full e-flex e-con e-child\" data-id=\"dcccfab\" data-element_type=\"container\" data-settings=\"{&quot;background_background&quot;:&quot;classic&quot;}\">\n\t\t\t\t<div class=\"elementor-element elementor-element-b76529f elementor-widget elementor-widget-heading\" data-id=\"b76529f\" data-element_type=\"widget\" data-widget_type=\"heading.default\">\n\t\t\t\t\t<h2 class=\"elementor-heading-title elementor-size-default\">Portu\u00e1ria<\/h2>\t\t\t\t<\/div>\n\t\t\t\t<\/div>\n\t\t\t\t<\/div>\n\t\t<div class=\"elementor-element elementor-element-2e185c5 e-con-full e-flex e-con e-child\" data-id=\"2e185c5\" data-element_type=\"container\">\n\t\t<div class=\"elementor-element elementor-element-14a539f e-con-full e-flex e-con e-child\" data-id=\"14a539f\" data-element_type=\"container\" data-settings=\"{&quot;background_background&quot;:&quot;classic&quot;}\">\n\t\t\t\t<div class=\"elementor-element elementor-element-15bf8ea elementor-widget elementor-widget-heading\" data-id=\"15bf8ea\" data-element_type=\"widget\" data-widget_type=\"heading.default\">\n\t\t\t\t\t<h2 class=\"elementor-heading-title elementor-size-default\">Industrial<\/h2>\t\t\t\t<\/div>\n\t\t\t\t<\/div>\n\t\t\t\t<\/div>\n\t\t<div class=\"elementor-element elementor-element-7306dcd e-con-full e-flex e-con e-child\" data-id=\"7306dcd\" data-element_type=\"container\">\n\t\t<div class=\"elementor-element elementor-element-bbfcadd e-con-full e-flex e-con e-child\" data-id=\"bbfcadd\" data-element_type=\"container\" data-settings=\"{&quot;background_background&quot;:&quot;classic&quot;}\">\n\t\t\t\t<div class=\"elementor-element elementor-element-6d275fd elementor-widget elementor-widget-heading\" data-id=\"6d275fd\" data-element_type=\"widget\" data-widget_type=\"heading.default\">\n\t\t\t\t\t<h2 class=\"elementor-heading-title elementor-size-default\">Minera\u00e7\u00e3o<\/h2>\t\t\t\t<\/div>\n\t\t\t\t<\/div>\n\t\t\t\t<\/div>\n\t\t\t\t<\/div>\n\t\t<div class=\"elementor-element elementor-element-00dc0f5 e-con-full e-flex e-con e-child\" data-id=\"00dc0f5\" data-element_type=\"container\">\n\t\t<div class=\"elementor-element elementor-element-9e396d3 e-con-full e-flex e-con e-child\" data-id=\"9e396d3\" data-element_type=\"container\">\n\t\t<div class=\"elementor-element elementor-element-615f743 e-con-full e-flex e-con e-child\" data-id=\"615f743\" data-element_type=\"container\" data-settings=\"{&quot;background_background&quot;:&quot;classic&quot;}\">\n\t\t\t\t<div class=\"elementor-element elementor-element-592d5f5 elementor-widget elementor-widget-heading\" data-id=\"592d5f5\" data-element_type=\"widget\" data-widget_type=\"heading.default\">\n\t\t\t\t\t<h2 class=\"elementor-heading-title elementor-size-default\">A\u00e7\u00facar e \u00c1lcool<\/h2>\t\t\t\t<\/div>\n\t\t\t\t<\/div>\n\t\t\t\t<\/div>\n\t\t<div class=\"elementor-element elementor-element-c73da4f e-con-full e-flex e-con e-child\" data-id=\"c73da4f\" data-element_type=\"container\">\n\t\t<div class=\"elementor-element elementor-element-83a487d e-con-full e-flex e-con e-child\" data-id=\"83a487d\" data-element_type=\"container\" data-settings=\"{&quot;background_background&quot;:&quot;classic&quot;}\">\n\t\t\t\t<div class=\"elementor-element elementor-element-423560a elementor-widget elementor-widget-heading\" data-id=\"423560a\" data-element_type=\"widget\" data-widget_type=\"heading.default\">\n\t\t\t\t\t<h2 class=\"elementor-heading-title elementor-size-default\">Hidroeletrica<\/h2>\t\t\t\t<\/div>\n\t\t\t\t<\/div>\n\t\t\t\t<\/div>\n\t\t<div class=\"elementor-element elementor-element-ea1483a e-con-full e-flex e-con e-child\" data-id=\"ea1483a\" data-element_type=\"container\">\n\t\t<div class=\"elementor-element elementor-element-fdc5fd0 e-con-full e-flex e-con e-child\" data-id=\"fdc5fd0\" data-element_type=\"container\" data-settings=\"{&quot;background_background&quot;:&quot;classic&quot;}\">\n\t\t\t\t<div class=\"elementor-element elementor-element-6d0db0f elementor-widget elementor-widget-heading\" data-id=\"6d0db0f\" data-element_type=\"widget\" data-widget_type=\"heading.default\">\n\t\t\t\t\t<h2 class=\"elementor-heading-title elementor-size-default\">Aliment\u00edcia<\/h2>\t\t\t\t<\/div>\n\t\t\t\t<\/div>\n\t\t\t\t<\/div>\n\t\t<div class=\"elementor-element elementor-element-a4481f6 e-con-full e-flex e-con e-child\" data-id=\"a4481f6\" data-element_type=\"container\">\n\t\t<div class=\"elementor-element elementor-element-d137d93 e-con-full e-flex e-con e-child\" data-id=\"d137d93\" data-element_type=\"container\" data-settings=\"{&quot;background_background&quot;:&quot;classic&quot;}\">\n\t\t\t\t<div class=\"elementor-element elementor-element-85844db elementor-widget elementor-widget-heading\" data-id=\"85844db\" data-element_type=\"widget\" data-widget_type=\"heading.default\">\n\t\t\t\t\t<h2 class=\"elementor-heading-title elementor-size-default\">\u00d3leo e g\u00e1s<\/h2>\t\t\t\t<\/div>\n\t\t\t\t<\/div>\n\t\t\t\t<\/div>\n\t\t<div class=\"elementor-element elementor-element-5144ab9 e-con-full e-flex e-con e-child\" data-id=\"5144ab9\" data-element_type=\"container\">\n\t\t<div class=\"elementor-element elementor-element-7cb3820 e-con-full e-flex e-con e-child\" data-id=\"7cb3820\" data-element_type=\"container\" data-settings=\"{&quot;background_background&quot;:&quot;classic&quot;}\">\n\t\t\t\t<div class=\"elementor-element elementor-element-a51e03c elementor-widget elementor-widget-heading\" data-id=\"a51e03c\" data-element_type=\"widget\" data-widget_type=\"heading.default\">\n\t\t\t\t\t<h2 class=\"elementor-heading-title elementor-size-default\">Qu\u00edmica<\/h2>\t\t\t\t<\/div>\n\t\t\t\t<\/div>\n\t\t\t\t<\/div>\n\t\t\t\t<\/div>\n\t\t\t\t\t<\/div>\n\t\t\t\t<\/div>\n\t\t\t\t<\/div>\n\t\t","protected":false},"excerpt":{"rendered":"<p>nossos produtosnossos produtosAlta variedade em produtos importadosconfira os produtos JSL VEDA\u00c7\u00d5ES Fale com nossos especialistas Somos sua principal fonte de solu\u00e7\u00f5es em veda\u00e7\u00f5es. Com uma ampla variedade de medidas, materiais e perfis. Com mais de 25 anos de experi\u00eancia no mercado, nossa equipe est\u00e1 pronta para ajud\u00e1-lo a encontrar a solu\u00e7\u00e3o perfeita para seus projetos. [&hellip;]<\/p>\n","protected":false},"author":1,"featured_media":0,"parent":0,"menu_order":0,"comment_status":"closed","ping_status":"closed","template":"","meta":{"footnotes":""},"class_list":["post-12","page","type-page","status-publish","hentry"],"_links":{"self":[{"href":"https:\/\/www.jslvedacoes.com.br\/site\/wp-json\/wp\/v2\/pages\/12","targetHints":{"allow":["GET"]}}],"collection":[{"href":"https:\/\/www.jslvedacoes.com.br\/site\/wp-json\/wp\/v2\/pages"}],"about":[{"href":"https:\/\/www.jslvedacoes.com.br\/site\/wp-json\/wp\/v2\/types\/page"}],"author":[{"embeddable":true,"href":"https:\/\/www.jslvedacoes.com.br\/site\/wp-json\/wp\/v2\/users\/1"}],"replies":[{"embeddable":true,"href":"https:\/\/www.jslvedacoes.com.br\/site\/wp-json\/wp\/v2\/comments?post=12"}],"version-history":[{"count":327,"href":"https:\/\/www.jslvedacoes.com.br\/site\/wp-json\/wp\/v2\/pages\/12\/revisions"}],"predecessor-version":[{"id":1330,"href":"https:\/\/www.jslvedacoes.com.br\/site\/wp-json\/wp\/v2\/pages\/12\/revisions\/1330"}],"wp:attachment":[{"href":"https:\/\/www.jslvedacoes.com.br\/site\/wp-json\/wp\/v2\/media?parent=12"}],"curies":[{"name":"wp","href":"https:\/\/api.w.org\/{rel}","templated":true}]}}