{"id":23,"date":"2024-08-04T15:25:52","date_gmt":"2024-08-04T18:25:52","guid":{"rendered":"http:\/\/localhost\/ohka\/jsl\/?page_id=23"},"modified":"2025-05-24T20:30:06","modified_gmt":"2025-05-24T23:30:06","slug":"quem-somos","status":"publish","type":"page","link":"https:\/\/www.jslvedacoes.com.br\/site\/quem-somos\/","title":{"rendered":"Quem Somos"},"content":{"rendered":"\t\t<div data-elementor-type=\"wp-page\" data-elementor-id=\"23\" class=\"elementor elementor-23\" data-elementor-post-type=\"page\">\n\t\t\t\t<div class=\"elementor-element elementor-element-dfb662d e-flex e-con-boxed e-con e-parent\" data-id=\"dfb662d\" data-element_type=\"container\" data-settings=\"{&quot;background_background&quot;:&quot;classic&quot;,&quot;background_motion_fx_motion_fx_scrolling&quot;:&quot;yes&quot;,&quot;background_motion_fx_scale_effect&quot;:&quot;yes&quot;,&quot;background_motion_fx_range&quot;:&quot;viewport&quot;,&quot;background_motion_fx_scale_direction&quot;:&quot;out-in&quot;,&quot;background_motion_fx_scale_speed&quot;:{&quot;unit&quot;:&quot;px&quot;,&quot;size&quot;:4,&quot;sizes&quot;:[]},&quot;background_motion_fx_scale_range&quot;:{&quot;unit&quot;:&quot;%&quot;,&quot;size&quot;:&quot;&quot;,&quot;sizes&quot;:{&quot;start&quot;:20,&quot;end&quot;:80}},&quot;background_motion_fx_devices&quot;:[&quot;desktop&quot;,&quot;tablet&quot;,&quot;mobile&quot;]}\">\n\t\t\t\t\t<div class=\"e-con-inner\">\n\t\t\t\t<div class=\"elementor-element elementor-element-474f761 elementor-widget elementor-widget-heading\" data-id=\"474f761\" data-element_type=\"widget\" data-widget_type=\"heading.default\">\n\t\t\t\t\t<h1 class=\"elementor-heading-title elementor-size-default\">Quem Somos<\/h1>\t\t\t\t<\/div>\n\t\t\t\t\t<\/div>\n\t\t\t\t<\/div>\n\t\t<div class=\"elementor-element elementor-element-2356dab e-con-full elementor-hidden-desktop elementor-hidden-tablet elementor-hidden-mobile e-flex e-con e-parent\" data-id=\"2356dab\" data-element_type=\"container\" data-settings=\"{&quot;background_background&quot;:&quot;classic&quot;}\">\n\t\t<div class=\"elementor-element elementor-element-bcf3f95 e-flex e-con-boxed e-con e-child\" data-id=\"bcf3f95\" data-element_type=\"container\">\n\t\t\t\t\t<div class=\"e-con-inner\">\n\t\t\t\t<div class=\"elementor-element elementor-element-c5be711 elementor-widget elementor-widget-heading\" data-id=\"c5be711\" data-element_type=\"widget\" data-widget_type=\"heading.default\">\n\t\t\t\t\t<h2 class=\"elementor-heading-title elementor-size-default\">A JSL Equipamentos<\/h2>\t\t\t\t<\/div>\n\t\t\t\t<div class=\"elementor-element elementor-element-3c88250 elementor-widget-divider--view-line elementor-widget elementor-widget-divider\" data-id=\"3c88250\" data-element_type=\"widget\" data-widget_type=\"divider.default\">\n\t\t\t\t\t\t\t<div class=\"elementor-divider\">\n\t\t\t<span class=\"elementor-divider-separator\">\n\t\t\t\t\t\t<\/span>\n\t\t<\/div>\n\t\t\t\t\t\t<\/div>\n\t\t\t\t<div class=\"elementor-element elementor-element-badfe88 elementor-widget elementor-widget-text-editor\" data-id=\"badfe88\" data-element_type=\"widget\" data-widget_type=\"text-editor.default\">\n\t\t\t\t\t\t\t\t\t<p>Atua no mercado nacional desde 1999, se especializando na \u00e1rea para melhor atend\u00ea-lo em veda\u00e7\u00f5es, componentes hidr\u00e1ulicos e pneum\u00e1ticos. Distribuidor autorizado <span style=\"font-weight: 400;\">Trelleborg <\/span>(Busak + Shambam).<\/p>\t\t\t\t\t\t\t\t<\/div>\n\t\t\t\t\t<\/div>\n\t\t\t\t<\/div>\n\t\t\t\t<\/div>\n\t\t<div class=\"elementor-element elementor-element-8864e4a e-flex e-con-boxed e-con e-parent\" data-id=\"8864e4a\" data-element_type=\"container\" data-settings=\"{&quot;background_background&quot;:&quot;classic&quot;}\">\n\t\t\t\t\t<div class=\"e-con-inner\">\n\t\t<div class=\"elementor-element elementor-element-022bf82 e-con-full e-flex e-con e-child\" data-id=\"022bf82\" data-element_type=\"container\">\n\t\t\t\t<div class=\"elementor-element elementor-element-c50c899 elementor-widget elementor-widget-text-editor\" data-id=\"c50c899\" data-element_type=\"widget\" data-widget_type=\"text-editor.default\">\n\t\t\t\t\t\t\t\t\t<p class=\"s3\"><span class=\"s2\">A hist\u00f3ria da JSL Veda\u00e7\u00f5es come\u00e7ou em 1999, na cidade de Santa B\u00e1rbara d\u2019Oeste, interior de S\u00e3o Paulo, quando <\/span><span class=\"s2\">Jos\u00e9 Lu\u00eds Scognamiglio<\/span> <span class=\"s2\">e um s\u00f3cio <\/span><span class=\"s2\">decidiram transformar a experi\u00eancia que compartilhavam em uma f\u00e1brica de cilindros hidr\u00e1ulicos em algo maior. Com olhar atento ao mercado, eles enxergaram uma demanda crescente por solu\u00e7\u00f5es de veda\u00e7\u00e3o industrial que unissem confiabilidade, agilidade e efici\u00eancia t\u00e9cnica.<\/span><\/p><p class=\"s3\"><span class=\"s2\">Foi dessa percep\u00e7\u00e3o e do desejo genu\u00edno de empreender com prop\u00f3sito que nasceu a JSL Veda\u00e7\u00f5es uma empresa que j\u00e1 surgiu com foco em atender o mercado com solu\u00e7\u00f5es de alta qualidade, tendo como principal base a parceria com a Trelleborg. A matriz foi estruturada com esse objetivo desde o in\u00edcio, e pouco tempo depois, surgiu a oportunidade de representar oficialmente a marca Busak + Shamban \u2014 que mais tarde se tornaria Trelleborg \u2014 ampliando ainda mais o posicionamento da empresa na regi\u00e3o.<\/span><span class=\"s2\"><br \/><\/span><span class=\"s2\"><br \/><\/span><span class=\"s2\">Desde ent\u00e3o, a trajet\u00f3ria da JSL tem sido marcada por decis\u00f5es estrat\u00e9gicas. Em 2003, com o crescimento do neg\u00f3cio, a empresa inaugurou uma filial em Campinas<\/span><span class=\"s2\">\/SP<\/span><span class=\"s2\">, expandindo sua atua\u00e7\u00e3o em um dos principais polos industriais do pa\u00eds e fortalecendo ainda mais sua presen\u00e7a no mercado.<\/span><\/p><p class=\"s3\"><span class=\"s2\">Com o passar dos anos, os caminhos dos fundadores se <\/span><span class=\"s2\">separaram<\/span><span class=\"s2\">, o<\/span><span class=\"s2\"> s\u00f3cio seguiu para novos projetos<\/span> <span class=\"s2\">enquanto Jos\u00e9 Lu\u00eds permaneceu \u00e0 frente da empresa, mantendo firmes os valores que constru\u00edram sua <\/span><span class=\"s2\">base \u00e9tica<\/span><span class=\"s2\">, excel\u00eancia t\u00e9cnica, proximidade com o cliente e compromisso com resultados reais.<\/span><\/p><p class=\"s3\"><span class=\"s2\">Hoje, a JSL Veda\u00e7\u00f5es \u00e9 conduzida pela segunda gera\u00e7\u00e3o da fam\u00edlia. <\/span><span class=\"s2\">S\u00f4nia, Leonardo<\/span><span class=\"s2\"> e <\/span><span class=\"s2\">Kely<\/span> <span class=\"s2\">assumiram a lideran\u00e7a com o desafio e a responsabilidade de preservar a ess\u00eancia da marca, ao mesmo tempo em que impulsionam sua evolu\u00e7\u00e3o com inova\u00e7\u00e3o, gest\u00e3o estrat\u00e9gica e uma equipe t\u00e9cnica especializada, comprometida com a excel\u00eancia e pronta para responder aos desafios<\/span><span class=\"s2\"> do mercado.<\/span><\/p><p class=\"s3\"><span class=\"s2\">Mais do que fornecedora de veda\u00e7\u00f5es industriais, a JSL \u00e9 uma parceira de confian\u00e7a para empresas que n\u00e3o podem parar. Porque aqui, cada veda\u00e7\u00e3o tem um prop\u00f3sito e cada cliente, um lugar essencial na nossa hist\u00f3ria.<\/span><\/p>\t\t\t\t\t\t\t\t<\/div>\n\t\t\t\t<\/div>\n\t\t\t\t\t<\/div>\n\t\t\t\t<\/div>\n\t\t<div class=\"elementor-element elementor-element-6997060 e-flex e-con-boxed e-con e-parent\" data-id=\"6997060\" data-element_type=\"container\" data-settings=\"{&quot;background_background&quot;:&quot;classic&quot;}\">\n\t\t\t\t\t<div class=\"e-con-inner\">\n\t\t<div class=\"elementor-element elementor-element-0367dc4 e-con-full e-flex e-con e-child\" data-id=\"0367dc4\" data-element_type=\"container\">\n\t\t\t\t<div class=\"elementor-element elementor-element-4de7ba4 elementor-widget elementor-widget-heading\" data-id=\"4de7ba4\" data-element_type=\"widget\" data-widget_type=\"heading.default\">\n\t\t\t\t\t<h2 class=\"elementor-heading-title elementor-size-default\">Miss\u00e3o<\/h2>\t\t\t\t<\/div>\n\t\t\t\t<div class=\"elementor-element elementor-element-11d44eb elementor-widget elementor-widget-text-editor\" data-id=\"11d44eb\" data-element_type=\"widget\" data-widget_type=\"text-editor.default\">\n\t\t\t\t\t\t\t\t\t<p>Fornecer solu\u00e7\u00f5es eficientes e confi\u00e1veis em veda\u00e7\u00f5es hidr\u00e1ulicas e pneum\u00e1ticas, com agilidade e excel\u00eancia, atendendo \u00e0s necessidades espec\u00edficas de cada cliente.<\/p>\t\t\t\t\t\t\t\t<\/div>\n\t\t\t\t<\/div>\n\t\t<div class=\"elementor-element elementor-element-293b32e e-con-full e-flex e-con e-child\" data-id=\"293b32e\" data-element_type=\"container\">\n\t\t\t\t<div class=\"elementor-element elementor-element-db632bc elementor-widget elementor-widget-heading\" data-id=\"db632bc\" data-element_type=\"widget\" data-widget_type=\"heading.default\">\n\t\t\t\t\t<h2 class=\"elementor-heading-title elementor-size-default\">Vis\u00e3o<\/h2>\t\t\t\t<\/div>\n\t\t\t\t<div class=\"elementor-element elementor-element-5d43ab5 elementor-widget elementor-widget-text-editor\" data-id=\"5d43ab5\" data-element_type=\"widget\" data-widget_type=\"text-editor.default\">\n\t\t\t\t\t\t\t\t\t<p>Nos tornarmos a maior distribuidora de veda\u00e7\u00f5es para componentes hidr\u00e1ulicos e pneum\u00e1ticos, com um estoque robusto e de qualidade, para sempre atendermos com rapidez e excel\u00eancia.<\/p>\t\t\t\t\t\t\t\t<\/div>\n\t\t\t\t<\/div>\n\t\t<div class=\"elementor-element elementor-element-7cccd1f e-con-full e-flex e-con e-child\" data-id=\"7cccd1f\" data-element_type=\"container\">\n\t\t\t\t<div class=\"elementor-element elementor-element-eb59f59 elementor-widget elementor-widget-heading\" data-id=\"eb59f59\" data-element_type=\"widget\" data-widget_type=\"heading.default\">\n\t\t\t\t\t<h2 class=\"elementor-heading-title elementor-size-default\">Valores<\/h2>\t\t\t\t<\/div>\n\t\t\t\t<div class=\"elementor-element elementor-element-c2d178a elementor-widget elementor-widget-text-editor\" data-id=\"c2d178a\" data-element_type=\"widget\" data-widget_type=\"text-editor.default\">\n\t\t\t\t\t\t\t\t\t<p>Prezamos pela integridade nas rela\u00e7\u00f5es, excel\u00eancia nas entregas e pela agilidade no atendimento. Atuamos com transpar\u00eancia, priorizamos a inova\u00e7\u00e3o e constru\u00edmos parcerias duradouras com base na confian\u00e7a e na qualidade.<\/p>\t\t\t\t\t\t\t\t<\/div>\n\t\t\t\t<\/div>\n\t\t\t\t\t<\/div>\n\t\t\t\t<\/div>\n\t\t<div class=\"elementor-element elementor-element-5305aeb elementor-hidden-desktop elementor-hidden-tablet elementor-hidden-mobile e-flex e-con-boxed e-con e-parent\" data-id=\"5305aeb\" data-element_type=\"container\" data-settings=\"{&quot;background_background&quot;:&quot;classic&quot;}\">\n\t\t\t\t\t<div class=\"e-con-inner\">\n\t\t<div class=\"elementor-element elementor-element-6d17ca8 e-con-full e-flex e-con e-child\" data-id=\"6d17ca8\" data-element_type=\"container\">\n\t\t\t\t<div class=\"elementor-element elementor-element-601b78b elementor-widget elementor-widget-heading\" data-id=\"601b78b\" data-element_type=\"widget\" data-widget_type=\"heading.default\">\n\t\t\t\t\t<h2 class=\"elementor-heading-title elementor-size-default\">Miss\u00e3o<\/h2>\t\t\t\t<\/div>\n\t\t\t\t<div class=\"elementor-element elementor-element-7ba252e elementor-widget elementor-widget-text-editor\" data-id=\"7ba252e\" data-element_type=\"widget\" data-widget_type=\"text-editor.default\">\n\t\t\t\t\t\t\t\t\t<p>Atender os clientes com solu\u00e7\u00f5es guiadas pelo conhecimento de nossa equipe, alta tecnologia, personaliza\u00e7\u00e3o e comprometimento.<br \/>Permitir ao cliente, assertividade, seguran\u00e7a e bom funcionamento de seu produto.<\/p>\t\t\t\t\t\t\t\t<\/div>\n\t\t\t\t<\/div>\n\t\t<div class=\"elementor-element elementor-element-73496cd e-con-full e-flex e-con e-child\" data-id=\"73496cd\" data-element_type=\"container\">\n\t\t\t\t<div class=\"elementor-element elementor-element-d0166fb elementor-widget elementor-widget-heading\" data-id=\"d0166fb\" data-element_type=\"widget\" data-widget_type=\"heading.default\">\n\t\t\t\t\t<h2 class=\"elementor-heading-title elementor-size-default\">Vis\u00e3o<\/h2>\t\t\t\t<\/div>\n\t\t\t\t<div class=\"elementor-element elementor-element-002ebf4 elementor-widget elementor-widget-text-editor\" data-id=\"002ebf4\" data-element_type=\"widget\" data-widget_type=\"text-editor.default\">\n\t\t\t\t\t\t\t\t\t<p>Ser nacionalmente reconhecida pelos clientes como fornecedores de produtos e servi\u00e7os estrat\u00e9gicos ao seu neg\u00f3cio;<br \/>Estar sempre em busca de excel\u00eancia e inova\u00e7\u00e3o;<br \/>Refer\u00eancia em conduzir clientes a alcan\u00e7ar n\u00edveis de desempenho acima da m\u00e9dia em suas opera\u00e7\u00f5es.<\/p>\t\t\t\t\t\t\t\t<\/div>\n\t\t\t\t<\/div>\n\t\t<div class=\"elementor-element elementor-element-148a6d8 e-con-full e-flex e-con e-child\" data-id=\"148a6d8\" data-element_type=\"container\">\n\t\t\t\t<div class=\"elementor-element elementor-element-f6fd0bc elementor-widget elementor-widget-heading\" data-id=\"f6fd0bc\" data-element_type=\"widget\" data-widget_type=\"heading.default\">\n\t\t\t\t\t<h2 class=\"elementor-heading-title elementor-size-default\">vALORES\n<\/h2>\t\t\t\t<\/div>\n\t\t\t\t<\/div>\n\t\t<div class=\"elementor-element elementor-element-98b822f e-con-full e-flex e-con e-child\" data-id=\"98b822f\" data-element_type=\"container\">\n\t\t\t\t<div class=\"elementor-element elementor-element-9b42b1e elementor-widget elementor-widget-heading\" data-id=\"9b42b1e\" data-element_type=\"widget\" data-widget_type=\"heading.default\">\n\t\t\t\t\t<h3 class=\"elementor-heading-title elementor-size-default\">TRANSPAR\u00caNCIA<\/h3>\t\t\t\t<\/div>\n\t\t\t\t<div class=\"elementor-element elementor-element-cebeef9 elementor-widget elementor-widget-text-editor\" data-id=\"cebeef9\" data-element_type=\"widget\" data-widget_type=\"text-editor.default\">\n\t\t\t\t\t\t\t\t\t<p>Lidar com pares de trabalho e cliente de forma sincera e coerente<\/p>\t\t\t\t\t\t\t\t<\/div>\n\t\t\t\t<\/div>\n\t\t<div class=\"elementor-element elementor-element-1014148 e-con-full e-flex e-con e-child\" data-id=\"1014148\" data-element_type=\"container\">\n\t\t\t\t<div class=\"elementor-element elementor-element-00de9bb elementor-widget elementor-widget-heading\" data-id=\"00de9bb\" data-element_type=\"widget\" data-widget_type=\"heading.default\">\n\t\t\t\t\t<h3 class=\"elementor-heading-title elementor-size-default\">TRABALHO EM EQUIPE<\/h3>\t\t\t\t<\/div>\n\t\t\t\t<div class=\"elementor-element elementor-element-aea6af7 elementor-widget elementor-widget-text-editor\" data-id=\"aea6af7\" data-element_type=\"widget\" data-widget_type=\"text-editor.default\">\n\t\t\t\t\t\t\t\t\t<p>Pessoas unem seus esfor\u00e7os e conhecimento para o bom desenvolvimento e crescimento<\/p>\t\t\t\t\t\t\t\t<\/div>\n\t\t\t\t<\/div>\n\t\t<div class=\"elementor-element elementor-element-ae55e40 e-con-full e-flex e-con e-child\" data-id=\"ae55e40\" data-element_type=\"container\">\n\t\t\t\t<div class=\"elementor-element elementor-element-fd6ad3f elementor-widget elementor-widget-heading\" data-id=\"fd6ad3f\" data-element_type=\"widget\" data-widget_type=\"heading.default\">\n\t\t\t\t\t<h3 class=\"elementor-heading-title elementor-size-default\">COMPROMETIMENTO<\/h3>\t\t\t\t<\/div>\n\t\t\t\t<div class=\"elementor-element elementor-element-b7dfcdc elementor-widget elementor-widget-text-editor\" data-id=\"b7dfcdc\" data-element_type=\"widget\" data-widget_type=\"text-editor.default\">\n\t\t\t\t\t\t\t\t\t<p>Agir com vigor, motiva\u00e7\u00e3o<\/p>\t\t\t\t\t\t\t\t<\/div>\n\t\t\t\t<\/div>\n\t\t<div class=\"elementor-element elementor-element-2403d8d e-con-full e-flex e-con e-child\" data-id=\"2403d8d\" data-element_type=\"container\">\n\t\t\t\t<div class=\"elementor-element elementor-element-12d2ab0 elementor-widget elementor-widget-heading\" data-id=\"12d2ab0\" data-element_type=\"widget\" data-widget_type=\"heading.default\">\n\t\t\t\t\t<h3 class=\"elementor-heading-title elementor-size-default\">\u00c9TICA<\/h3>\t\t\t\t<\/div>\n\t\t\t\t<div class=\"elementor-element elementor-element-85e6856 elementor-widget elementor-widget-text-editor\" data-id=\"85e6856\" data-element_type=\"widget\" data-widget_type=\"text-editor.default\">\n\t\t\t\t\t\t\t\t\t<p>Conjunto de padr\u00f5es e valores.<\/p>\t\t\t\t\t\t\t\t<\/div>\n\t\t\t\t<\/div>\n\t\t<div class=\"elementor-element elementor-element-dba1589 e-con-full e-flex e-con e-child\" data-id=\"dba1589\" data-element_type=\"container\">\n\t\t\t\t<div class=\"elementor-element elementor-element-a1e973f elementor-widget elementor-widget-heading\" data-id=\"a1e973f\" data-element_type=\"widget\" data-widget_type=\"heading.default\">\n\t\t\t\t\t<h3 class=\"elementor-heading-title elementor-size-default\">RESPEITO AO PR\u00d3XIMO<\/h3>\t\t\t\t<\/div>\n\t\t\t\t<div class=\"elementor-element elementor-element-19f19ec elementor-widget elementor-widget-text-editor\" data-id=\"19f19ec\" data-element_type=\"widget\" data-widget_type=\"text-editor.default\">\n\t\t\t\t\t\t\t\t\t<p>Empatia e a arte de se colocar no lugar do outro.<\/p>\t\t\t\t\t\t\t\t<\/div>\n\t\t\t\t<\/div>\n\t\t\t\t\t<\/div>\n\t\t\t\t<\/div>\n\t\t<div class=\"elementor-element elementor-element-57432ff e-flex e-con-boxed e-con e-parent\" data-id=\"57432ff\" data-element_type=\"container\" data-settings=\"{&quot;background_background&quot;:&quot;classic&quot;}\">\n\t\t\t\t\t<div class=\"e-con-inner\">\n\t\t\t\t<div class=\"elementor-element elementor-element-050655e elementor-align-center elementor-widget elementor-widget-button\" data-id=\"050655e\" data-element_type=\"widget\" data-widget_type=\"button.default\">\n\t\t\t\t\t\t\t\t\t\t<a class=\"elementor-button elementor-button-link elementor-size-sm\" href=\"#elementor-action%3Aaction%3Dpopup%3Aopen%26settings%3DeyJpZCI6IjExNzQiLCJ0b2dnbGUiOmZhbHNlfQ%3D%3D\">\n\t\t\t\t\t\t<span class=\"elementor-button-content-wrapper\">\n\t\t\t\t\t\t\t\t\t<span class=\"elementor-button-text\">Fale com um de nossos especialistas<\/span>\n\t\t\t\t\t<\/span>\n\t\t\t\t\t<\/a>\n\t\t\t\t\t\t\t\t<\/div>\n\t\t\t\t\t<\/div>\n\t\t\t\t<\/div>\n\t\t\t\t<\/div>\n\t\t","protected":false},"excerpt":{"rendered":"<p>Quem Somos A JSL Equipamentos Atua no mercado nacional desde 1999, se especializando na \u00e1rea para melhor atend\u00ea-lo em veda\u00e7\u00f5es, componentes hidr\u00e1ulicos e pneum\u00e1ticos. Distribuidor autorizado Trelleborg (Busak + Shambam). A hist\u00f3ria da JSL Veda\u00e7\u00f5es come\u00e7ou em 1999, na cidade de Santa B\u00e1rbara d\u2019Oeste, interior de S\u00e3o Paulo, quando Jos\u00e9 Lu\u00eds Scognamiglio e um s\u00f3cio [&hellip;]<\/p>\n","protected":false},"author":1,"featured_media":0,"parent":0,"menu_order":0,"comment_status":"closed","ping_status":"closed","template":"","meta":{"footnotes":""},"class_list":["post-23","page","type-page","status-publish","hentry"],"_links":{"self":[{"href":"https:\/\/www.jslvedacoes.com.br\/site\/wp-json\/wp\/v2\/pages\/23","targetHints":{"allow":["GET"]}}],"collection":[{"href":"https:\/\/www.jslvedacoes.com.br\/site\/wp-json\/wp\/v2\/pages"}],"about":[{"href":"https:\/\/www.jslvedacoes.com.br\/site\/wp-json\/wp\/v2\/types\/page"}],"author":[{"embeddable":true,"href":"https:\/\/www.jslvedacoes.com.br\/site\/wp-json\/wp\/v2\/users\/1"}],"replies":[{"embeddable":true,"href":"https:\/\/www.jslvedacoes.com.br\/site\/wp-json\/wp\/v2\/comments?post=23"}],"version-history":[{"count":55,"href":"https:\/\/www.jslvedacoes.com.br\/site\/wp-json\/wp\/v2\/pages\/23\/revisions"}],"predecessor-version":[{"id":1261,"href":"https:\/\/www.jslvedacoes.com.br\/site\/wp-json\/wp\/v2\/pages\/23\/revisions\/1261"}],"wp:attachment":[{"href":"https:\/\/www.jslvedacoes.com.br\/site\/wp-json\/wp\/v2\/media?parent=23"}],"curies":[{"name":"wp","href":"https:\/\/api.w.org\/{rel}","templated":true}]}}