{"id":25,"date":"2024-08-04T15:26:23","date_gmt":"2024-08-04T18:26:23","guid":{"rendered":"http:\/\/localhost\/ohka\/jsl\/?page_id=25"},"modified":"2025-03-26T16:07:37","modified_gmt":"2025-03-26T19:07:37","slug":"unidades","status":"publish","type":"page","link":"https:\/\/www.jslvedacoes.com.br\/site\/unidades\/","title":{"rendered":"Unidades"},"content":{"rendered":"\t\t<div data-elementor-type=\"wp-page\" data-elementor-id=\"25\" class=\"elementor elementor-25\" data-elementor-post-type=\"page\">\n\t\t\t\t<div class=\"elementor-element elementor-element-c27a270 e-flex e-con-boxed e-con e-parent\" data-id=\"c27a270\" data-element_type=\"container\" data-settings=\"{&quot;background_background&quot;:&quot;classic&quot;,&quot;background_motion_fx_motion_fx_scrolling&quot;:&quot;yes&quot;,&quot;background_motion_fx_scale_effect&quot;:&quot;yes&quot;,&quot;background_motion_fx_range&quot;:&quot;viewport&quot;,&quot;background_motion_fx_scale_direction&quot;:&quot;out-in&quot;,&quot;background_motion_fx_scale_speed&quot;:{&quot;unit&quot;:&quot;px&quot;,&quot;size&quot;:4,&quot;sizes&quot;:[]},&quot;background_motion_fx_scale_range&quot;:{&quot;unit&quot;:&quot;%&quot;,&quot;size&quot;:&quot;&quot;,&quot;sizes&quot;:{&quot;start&quot;:20,&quot;end&quot;:80}},&quot;background_motion_fx_devices&quot;:[&quot;desktop&quot;,&quot;tablet&quot;,&quot;mobile&quot;]}\">\n\t\t\t\t\t<div class=\"e-con-inner\">\n\t\t\t\t<div class=\"elementor-element elementor-element-76496d0 elementor-widget elementor-widget-heading\" data-id=\"76496d0\" data-element_type=\"widget\" data-widget_type=\"heading.default\">\n\t\t\t\t\t<h1 class=\"elementor-heading-title elementor-size-default\">Unidades<\/h1>\t\t\t\t<\/div>\n\t\t\t\t\t<\/div>\n\t\t\t\t<\/div>\n\t\t<div class=\"elementor-element elementor-element-adc6364 e-flex e-con-boxed e-con e-parent\" data-id=\"adc6364\" data-element_type=\"container\">\n\t\t\t\t\t<div class=\"e-con-inner\">\n\t\t<div class=\"elementor-element elementor-element-16eda52 e-con-full e-flex e-con e-child\" data-id=\"16eda52\" data-element_type=\"container\">\n\t\t<div class=\"elementor-element elementor-element-f8c3e17 e-con-full e-flex e-con e-child\" data-id=\"f8c3e17\" data-element_type=\"container\">\n\t\t\t\t<div class=\"elementor-element elementor-element-eab75c4 elementor-widget elementor-widget-image\" data-id=\"eab75c4\" data-element_type=\"widget\" data-widget_type=\"image.default\">\n\t\t\t\t\t\t\t\t\t\t\t\t\t\t\t<img fetchpriority=\"high\" decoding=\"async\" width=\"800\" height=\"600\" src=\"https:\/\/www.jslvedacoes.com.br\/site\/wp-content\/uploads\/2025\/03\/FACHADA-JSL-SBO.jpg-1024x768.png\" class=\"attachment-large size-large wp-image-1154\" alt=\"\" srcset=\"https:\/\/www.jslvedacoes.com.br\/site\/wp-content\/uploads\/2025\/03\/FACHADA-JSL-SBO.jpg-1024x768.png 1024w, https:\/\/www.jslvedacoes.com.br\/site\/wp-content\/uploads\/2025\/03\/FACHADA-JSL-SBO.jpg-300x225.png 300w, https:\/\/www.jslvedacoes.com.br\/site\/wp-content\/uploads\/2025\/03\/FACHADA-JSL-SBO.jpg-768x576.png 768w, https:\/\/www.jslvedacoes.com.br\/site\/wp-content\/uploads\/2025\/03\/FACHADA-JSL-SBO.jpg-1536x1152.png 1536w, https:\/\/www.jslvedacoes.com.br\/site\/wp-content\/uploads\/2025\/03\/FACHADA-JSL-SBO.jpg.png 1600w\" sizes=\"(max-width: 800px) 100vw, 800px\" \/>\t\t\t\t\t\t\t\t\t\t\t\t\t\t\t<\/div>\n\t\t\t\t<\/div>\n\t\t<div class=\"elementor-element elementor-element-b11f30a e-con-full e-flex e-con e-child\" data-id=\"b11f30a\" data-element_type=\"container\">\n\t\t\t\t<div class=\"elementor-element elementor-element-1a29928 elementor-widget elementor-widget-heading\" data-id=\"1a29928\" data-element_type=\"widget\" data-widget_type=\"heading.default\">\n\t\t\t\t\t<h2 class=\"elementor-heading-title elementor-size-default\">JSL | Santa B\u00e1rbara D\u2019 Oeste<\/h2>\t\t\t\t<\/div>\n\t\t\t\t<div class=\"elementor-element elementor-element-0ebd135 elementor-widget elementor-widget-text-editor\" data-id=\"0ebd135\" data-element_type=\"widget\" data-widget_type=\"text-editor.default\">\n\t\t\t\t\t\t\t\t\t<p>R. Juscelino Kubtischek de Oliveira, 676, <br \/>Jardim Geriv\u00e1 &#8211; CEP 13456-401<br \/>Santa B\u00e1rbara d\u00b4Oeste\/SP<\/p><p>(19) 3457-5911<\/p>\t\t\t\t\t\t\t\t<\/div>\n\t\t\t\t<div class=\"elementor-element elementor-element-12f071e elementor-widget elementor-widget-heading\" data-id=\"12f071e\" data-element_type=\"widget\" data-widget_type=\"heading.default\">\n\t\t\t\t\t<h2 class=\"elementor-heading-title elementor-size-default\">H\u00f3rarios de atendimento<\/h2>\t\t\t\t<\/div>\n\t\t\t\t<div class=\"elementor-element elementor-element-bf1821b elementor-widget elementor-widget-text-editor\" data-id=\"bf1821b\" data-element_type=\"widget\" data-widget_type=\"text-editor.default\">\n\t\t\t\t\t\t\t\t\t<p>Segundas \u00e0 quintas<br \/>7:00 \u00e0s 17:00<\/p><p>Sextas<br \/>7:00 \u00e0s 16:00<\/p>\t\t\t\t\t\t\t\t<\/div>\n\t\t\t\t<\/div>\n\t\t\t\t<\/div>\n\t\t<div class=\"elementor-element elementor-element-0932064 e-con-full e-flex e-con e-child\" data-id=\"0932064\" data-element_type=\"container\">\n\t\t\t\t<div class=\"elementor-element elementor-element-c987668 elementor-widget elementor-widget-google_maps\" data-id=\"c987668\" data-element_type=\"widget\" data-widget_type=\"google_maps.default\">\n\t\t\t\t\t\t\t<div class=\"elementor-custom-embed\">\n\t\t\t<iframe loading=\"lazy\"\n\t\t\t\t\tsrc=\"https:\/\/maps.google.com\/maps?q=R.%20Juscelino%20Kubtischek%20de%20Oliveira%2C%20676%2C%20%20Jardim%20Geriv%C3%A1&#038;t=m&#038;z=15&#038;output=embed&#038;iwloc=near\"\n\t\t\t\t\ttitle=\"R. Juscelino Kubtischek de Oliveira, 676,  Jardim Geriv\u00e1\"\n\t\t\t\t\taria-label=\"R. Juscelino Kubtischek de Oliveira, 676,  Jardim Geriv\u00e1\"\n\t\t\t><\/iframe>\n\t\t<\/div>\n\t\t\t\t\t\t<\/div>\n\t\t\t\t<\/div>\n\t\t\t\t\t<\/div>\n\t\t\t\t<\/div>\n\t\t<div class=\"elementor-element elementor-element-1eef18e e-flex e-con-boxed e-con e-parent\" data-id=\"1eef18e\" data-element_type=\"container\">\n\t\t\t\t\t<div class=\"e-con-inner\">\n\t\t<div class=\"elementor-element elementor-element-dcbd2bb e-con-full e-flex e-con e-child\" data-id=\"dcbd2bb\" data-element_type=\"container\">\n\t\t<div class=\"elementor-element elementor-element-beccdaf e-con-full e-flex e-con e-child\" data-id=\"beccdaf\" data-element_type=\"container\">\n\t\t\t\t<div class=\"elementor-element elementor-element-7fb08c3 elementor-widget elementor-widget-image\" data-id=\"7fb08c3\" data-element_type=\"widget\" data-widget_type=\"image.default\">\n\t\t\t\t\t\t\t\t\t\t\t\t\t\t\t<img decoding=\"async\" width=\"800\" height=\"600\" src=\"https:\/\/www.jslvedacoes.com.br\/site\/wp-content\/uploads\/2024\/12\/FACHADA-JSL-CAMPINAS.jpg\" class=\"attachment-large size-large wp-image-635\" alt=\"\" srcset=\"https:\/\/www.jslvedacoes.com.br\/site\/wp-content\/uploads\/2024\/12\/FACHADA-JSL-CAMPINAS.jpg 800w, https:\/\/www.jslvedacoes.com.br\/site\/wp-content\/uploads\/2024\/12\/FACHADA-JSL-CAMPINAS-300x225.jpg 300w, https:\/\/www.jslvedacoes.com.br\/site\/wp-content\/uploads\/2024\/12\/FACHADA-JSL-CAMPINAS-768x576.jpg 768w\" sizes=\"(max-width: 800px) 100vw, 800px\" \/>\t\t\t\t\t\t\t\t\t\t\t\t\t\t\t<\/div>\n\t\t\t\t<\/div>\n\t\t<div class=\"elementor-element elementor-element-304f3be e-con-full e-flex e-con e-child\" data-id=\"304f3be\" data-element_type=\"container\">\n\t\t\t\t<div class=\"elementor-element elementor-element-56703c3 elementor-widget elementor-widget-heading\" data-id=\"56703c3\" data-element_type=\"widget\" data-widget_type=\"heading.default\">\n\t\t\t\t\t<h2 class=\"elementor-heading-title elementor-size-default\">JSL | Campinas<\/h2>\t\t\t\t<\/div>\n\t\t\t\t<div class=\"elementor-element elementor-element-6b52241 elementor-widget elementor-widget-text-editor\" data-id=\"6b52241\" data-element_type=\"widget\" data-widget_type=\"text-editor.default\">\n\t\t\t\t\t\t\t\t\t<p>Av. Joaquim Payolla, 1356,<br \/>Parque da Figueira &#8211; CEP 13040-211 <br \/>Campinas\/SP<\/p><p>(19) 3238-9000<\/p>\t\t\t\t\t\t\t\t<\/div>\n\t\t\t\t<div class=\"elementor-element elementor-element-0390567 elementor-widget elementor-widget-heading\" data-id=\"0390567\" data-element_type=\"widget\" data-widget_type=\"heading.default\">\n\t\t\t\t\t<h2 class=\"elementor-heading-title elementor-size-default\">H\u00f3rarios de atendimento<\/h2>\t\t\t\t<\/div>\n\t\t\t\t<div class=\"elementor-element elementor-element-cc738d4 elementor-widget elementor-widget-text-editor\" data-id=\"cc738d4\" data-element_type=\"widget\" data-widget_type=\"text-editor.default\">\n\t\t\t\t\t\t\t\t\t<p>Segundas \u00e0 quintas<br \/>7:00 \u00e0s 17:00<\/p><p>Sextas<br \/>7:00 \u00e0s 16:00<\/p>\t\t\t\t\t\t\t\t<\/div>\n\t\t\t\t<\/div>\n\t\t\t\t<\/div>\n\t\t<div class=\"elementor-element elementor-element-7094ab7 e-con-full e-flex e-con e-child\" data-id=\"7094ab7\" data-element_type=\"container\">\n\t\t\t\t<div class=\"elementor-element elementor-element-460ce7f elementor-widget elementor-widget-google_maps\" data-id=\"460ce7f\" data-element_type=\"widget\" data-widget_type=\"google_maps.default\">\n\t\t\t\t\t\t\t<div class=\"elementor-custom-embed\">\n\t\t\t<iframe loading=\"lazy\"\n\t\t\t\t\tsrc=\"https:\/\/maps.google.com\/maps?q=Av.%20Joaquim%20Payolla%2C%201356%2C%20Parque%20da%20Figueira&#038;t=m&#038;z=15&#038;output=embed&#038;iwloc=near\"\n\t\t\t\t\ttitle=\"Av. Joaquim Payolla, 1356, Parque da Figueira\"\n\t\t\t\t\taria-label=\"Av. Joaquim Payolla, 1356, Parque da Figueira\"\n\t\t\t><\/iframe>\n\t\t<\/div>\n\t\t\t\t\t\t<\/div>\n\t\t\t\t<\/div>\n\t\t\t\t\t<\/div>\n\t\t\t\t<\/div>\n\t\t\t\t<\/div>\n\t\t","protected":false},"excerpt":{"rendered":"<p>Unidades JSL | Santa B\u00e1rbara D\u2019 Oeste R. Juscelino Kubtischek de Oliveira, 676, Jardim Geriv\u00e1 &#8211; CEP 13456-401Santa B\u00e1rbara d\u00b4Oeste\/SP (19) 3457-5911 H\u00f3rarios de atendimento Segundas \u00e0 quintas7:00 \u00e0s 17:00 Sextas7:00 \u00e0s 16:00 JSL | Campinas Av. Joaquim Payolla, 1356,Parque da Figueira &#8211; CEP 13040-211 Campinas\/SP (19) 3238-9000 H\u00f3rarios de atendimento Segundas \u00e0 quintas7:00 \u00e0s [&hellip;]<\/p>\n","protected":false},"author":1,"featured_media":0,"parent":0,"menu_order":0,"comment_status":"closed","ping_status":"closed","template":"","meta":{"footnotes":""},"class_list":["post-25","page","type-page","status-publish","hentry"],"_links":{"self":[{"href":"https:\/\/www.jslvedacoes.com.br\/site\/wp-json\/wp\/v2\/pages\/25","targetHints":{"allow":["GET"]}}],"collection":[{"href":"https:\/\/www.jslvedacoes.com.br\/site\/wp-json\/wp\/v2\/pages"}],"about":[{"href":"https:\/\/www.jslvedacoes.com.br\/site\/wp-json\/wp\/v2\/types\/page"}],"author":[{"embeddable":true,"href":"https:\/\/www.jslvedacoes.com.br\/site\/wp-json\/wp\/v2\/users\/1"}],"replies":[{"embeddable":true,"href":"https:\/\/www.jslvedacoes.com.br\/site\/wp-json\/wp\/v2\/comments?post=25"}],"version-history":[{"count":38,"href":"https:\/\/www.jslvedacoes.com.br\/site\/wp-json\/wp\/v2\/pages\/25\/revisions"}],"predecessor-version":[{"id":1175,"href":"https:\/\/www.jslvedacoes.com.br\/site\/wp-json\/wp\/v2\/pages\/25\/revisions\/1175"}],"wp:attachment":[{"href":"https:\/\/www.jslvedacoes.com.br\/site\/wp-json\/wp\/v2\/media?parent=25"}],"curies":[{"name":"wp","href":"https:\/\/api.w.org\/{rel}","templated":true}]}}