{"id":299,"date":"2024-08-30T21:54:09","date_gmt":"2024-08-31T00:54:09","guid":{"rendered":"http:\/\/localhost\/ohka\/jsl\/?page_id=299"},"modified":"2025-04-03T12:51:52","modified_gmt":"2025-04-03T15:51:52","slug":"raspadores","status":"publish","type":"page","link":"https:\/\/www.jslvedacoes.com.br\/site\/produtos\/raspadores\/","title":{"rendered":"Raspadores"},"content":{"rendered":"\t\t<div data-elementor-type=\"wp-page\" data-elementor-id=\"299\" class=\"elementor elementor-299\" data-elementor-post-type=\"page\">\n\t\t\t\t<div class=\"elementor-element elementor-element-484d5ce e-flex e-con-boxed e-con e-parent\" data-id=\"484d5ce\" data-element_type=\"container\" data-settings=\"{&quot;background_background&quot;:&quot;classic&quot;,&quot;background_motion_fx_motion_fx_scrolling&quot;:&quot;yes&quot;,&quot;background_motion_fx_scale_effect&quot;:&quot;yes&quot;,&quot;background_motion_fx_scale_direction&quot;:&quot;out-in&quot;,&quot;background_motion_fx_scale_speed&quot;:{&quot;unit&quot;:&quot;px&quot;,&quot;size&quot;:4,&quot;sizes&quot;:[]},&quot;background_motion_fx_scale_range&quot;:{&quot;unit&quot;:&quot;%&quot;,&quot;size&quot;:&quot;&quot;,&quot;sizes&quot;:{&quot;start&quot;:20,&quot;end&quot;:80}},&quot;background_motion_fx_devices&quot;:[&quot;desktop&quot;,&quot;tablet&quot;,&quot;mobile&quot;]}\">\n\t\t\t\t\t<div class=\"e-con-inner\">\n\t\t\t\t<div class=\"elementor-element elementor-element-71da369 elementor-widget elementor-widget-heading\" data-id=\"71da369\" data-element_type=\"widget\" data-widget_type=\"heading.default\">\n\t\t\t\t\t<h1 class=\"elementor-heading-title elementor-size-default\">Nossos Produtos<\/h1>\t\t\t\t<\/div>\n\t\t\t\t\t<\/div>\n\t\t\t\t<\/div>\n\t\t<div class=\"elementor-element elementor-element-c1297cf e-con-full e-flex e-con e-parent\" data-id=\"c1297cf\" data-element_type=\"container\" data-settings=\"{&quot;background_background&quot;:&quot;classic&quot;}\">\n\t\t<div class=\"elementor-element elementor-element-e072308 e-flex e-con-boxed e-con e-child\" data-id=\"e072308\" data-element_type=\"container\">\n\t\t\t\t\t<div class=\"e-con-inner\">\n\t\t\t\t<div class=\"elementor-element elementor-element-97fcccb elementor-widget-divider--view-line elementor-widget elementor-widget-divider\" data-id=\"97fcccb\" data-element_type=\"widget\" data-widget_type=\"divider.default\">\n\t\t\t\t\t\t\t<div class=\"elementor-divider\">\n\t\t\t<span class=\"elementor-divider-separator\">\n\t\t\t\t\t\t<\/span>\n\t\t<\/div>\n\t\t\t\t\t\t<\/div>\n\t\t\t\t\t<\/div>\n\t\t\t\t<\/div>\n\t\t<div class=\"elementor-element elementor-element-9d5a939 e-flex e-con-boxed e-con e-child\" data-id=\"9d5a939\" data-element_type=\"container\">\n\t\t\t\t\t<div class=\"e-con-inner\">\n\t\t<div class=\"elementor-element elementor-element-8182f2e e-con-full e-flex e-con e-child\" data-id=\"8182f2e\" data-element_type=\"container\">\n\t\t\t\t<div class=\"elementor-element elementor-element-8bfa2dc elementor-widget elementor-widget-text-editor\" data-id=\"8bfa2dc\" data-element_type=\"widget\" data-widget_type=\"text-editor.default\">\n\t\t\t\t\t\t\t\t\t<p><span style=\"font-weight: 400;\">Os <\/span><b>raspadores<\/b><span style=\"font-weight: 400;\"> s\u00e3o componentes essenciais em sistemas hidr\u00e1ulicos e pneum\u00e1ticos, projetados para proteger os cilindros contra contamina\u00e7\u00e3o por part\u00edculas externas, como poeira, sujeira, lama ou detritos. Eles garantem a integridade do sistema de veda\u00e7\u00e3o e contribuem para o aumento da durabilidade e efici\u00eancia do cilindro.<\/span><\/p><p><b>Fun\u00e7\u00e3o dos Raspadores:<\/b><\/p><ul><li style=\"font-weight: 400;\" aria-level=\"1\"><b>Limpeza<\/b><span style=\"font-weight: 400;\">: Removem res\u00edduos ou contaminantes da haste ou do pist\u00e3o quando este se retrai para dentro do cilindro.<\/span><\/li><li style=\"font-weight: 400;\" aria-level=\"1\"><b>Prote\u00e7\u00e3o<\/b><span style=\"font-weight: 400;\">: Evitam que part\u00edculas abrasivas entrem no cilindro, preservando o sistema de veda\u00e7\u00e3o e prevenindo danos ao cilindro e \u00e0s superf\u00edcies deslizantes.<\/span><\/li><li style=\"font-weight: 400;\" aria-level=\"1\"><b>Melhoria do desempenho<\/b><span style=\"font-weight: 400;\">: Garantem o funcionamento suave e prolongam a vida \u00fatil do equipamento.<\/span><\/li><\/ul><p><b><br \/>Materiais Comuns:<\/b><\/p><ol><li style=\"font-weight: 400;\" aria-level=\"1\"><b>Poliuretano (PU)<\/b><span style=\"font-weight: 400;\">: Alta resist\u00eancia ao desgaste e boa flexibilidade.<\/span><\/li><li style=\"font-weight: 400;\" aria-level=\"1\"><b>Borrachas sint\u00e9ticas (NBR, FKM)<\/b><span style=\"font-weight: 400;\">: Resistentes a \u00f3leos e temperaturas variadas.<\/span><\/li><li style=\"font-weight: 400;\" aria-level=\"1\"><b>PTFE (Teflon)<\/b><span style=\"font-weight: 400;\">: Ideal para aplica\u00e7\u00f5es de alta temperatura e resist\u00eancia qu\u00edmica.<\/span><\/li><li style=\"font-weight: 400;\" aria-level=\"1\"><b>Materiais met\u00e1licos<\/b><span style=\"font-weight: 400;\">: Usados em aplica\u00e7\u00f5es robustas e de alto impacto.<\/span><\/li><\/ol><p><b>Tipos de Raspadores:<\/b><\/p><ol><li style=\"font-weight: 400;\" aria-level=\"1\"><b>Raspadores Simples<\/b><span style=\"font-weight: 400;\">:<\/span><ul><li style=\"font-weight: 400;\" aria-level=\"2\"><span style=\"font-weight: 400;\">Instalados em aplica\u00e7\u00f5es padr\u00e3o.<\/span><\/li><li style=\"font-weight: 400;\" aria-level=\"2\"><span style=\"font-weight: 400;\">Geralmente feitos de borracha ou poliuretano.<\/span><\/li><\/ul><\/li><li style=\"font-weight: 400;\" aria-level=\"1\"><b>Raspadores Duplos<\/b><span style=\"font-weight: 400;\">:<\/span><ul><li style=\"font-weight: 400;\" aria-level=\"2\"><span style=\"font-weight: 400;\">Al\u00e9m de limpar a haste, possuem uma segunda fun\u00e7\u00e3o: evitar que o fluido escape do cilindro.<\/span><\/li><li style=\"font-weight: 400;\" aria-level=\"2\"><span style=\"font-weight: 400;\">Utilizados em sistemas onde a veda\u00e7\u00e3o adicional \u00e9 necess\u00e1ria.<\/span><\/li><\/ul><\/li><li style=\"font-weight: 400;\" aria-level=\"1\"><b>Raspadores Met\u00e1licos<\/b><span style=\"font-weight: 400;\">:<\/span><ul><li style=\"font-weight: 400;\" aria-level=\"2\"><span style=\"font-weight: 400;\">Utilizados em ambientes com alta abrasividade.<\/span><\/li><li style=\"font-weight: 400;\" aria-level=\"2\"><span style=\"font-weight: 400;\">T\u00eam uma borda met\u00e1lica que refor\u00e7a a estrutura.<\/span><\/li><\/ul><\/li><\/ol><p>\u00a0<\/p>\t\t\t\t\t\t\t\t<\/div>\n\t\t\t\t<\/div>\n\t\t<div class=\"elementor-element elementor-element-dcaa01f e-con-full e-flex e-con e-child\" data-id=\"dcaa01f\" data-element_type=\"container\">\n\t\t\t\t<div class=\"elementor-element elementor-element-2d96af7 elementor-skin-carousel elementor-arrows-yes elementor-widget elementor-widget-media-carousel\" data-id=\"2d96af7\" data-element_type=\"widget\" data-settings=\"{&quot;slides_per_view&quot;:&quot;1&quot;,&quot;slides_to_scroll&quot;:&quot;1&quot;,&quot;lazyload&quot;:&quot;yes&quot;,&quot;skin&quot;:&quot;carousel&quot;,&quot;effect&quot;:&quot;slide&quot;,&quot;show_arrows&quot;:&quot;yes&quot;,&quot;speed&quot;:500,&quot;loop&quot;:&quot;yes&quot;,&quot;space_between&quot;:{&quot;unit&quot;:&quot;px&quot;,&quot;size&quot;:10,&quot;sizes&quot;:[]},&quot;space_between_tablet&quot;:{&quot;unit&quot;:&quot;px&quot;,&quot;size&quot;:10,&quot;sizes&quot;:[]},&quot;space_between_mobile&quot;:{&quot;unit&quot;:&quot;px&quot;,&quot;size&quot;:10,&quot;sizes&quot;:[]}}\" data-widget_type=\"media-carousel.default\">\n\t\t\t\t\t\t\t\t\t\t<div class=\"elementor-main-swiper swiper\" role=\"region\" aria-roledescription=\"carousel\" aria-label=\"Slides\">\n\t\t\t\t<div class=\"swiper-wrapper\">\n\t\t\t\t\t\t\t\t\t\t\t<div class=\"swiper-slide\" role=\"group\" aria-roledescription=\"slide\">\n\t\t\t\t\t\t\t\t\t<div class=\"elementor-carousel-image swiper-lazy\" role=\"img\" aria-label=\"raspadores-1\" data-background=\"https:\/\/www.jslvedacoes.com.br\/site\/wp-content\/uploads\/2025\/03\/raspadores-1.jpg\">\n\n\t\t\t\t\t\t\t<div class=\"swiper-lazy-preloader\"><\/div>\n\t\t\t\n\t\t\t\t\t<\/div>\n\t\t\t\t\t\t\t\t<\/div>\n\t\t\t\t\t\t\t\t\t\t\t<div class=\"swiper-slide\" role=\"group\" aria-roledescription=\"slide\">\n\t\t\t\t\t\t\t\t\t<div class=\"elementor-carousel-image swiper-lazy\" role=\"img\" aria-label=\"raspadores-2\" data-background=\"https:\/\/www.jslvedacoes.com.br\/site\/wp-content\/uploads\/2025\/03\/raspadores-2.jpg\">\n\n\t\t\t\t\t\t\t<div class=\"swiper-lazy-preloader\"><\/div>\n\t\t\t\n\t\t\t\t\t<\/div>\n\t\t\t\t\t\t\t\t<\/div>\n\t\t\t\t\t\t\t\t\t\t\t<div class=\"swiper-slide\" role=\"group\" aria-roledescription=\"slide\">\n\t\t\t\t\t\t\t\t\t<div class=\"elementor-carousel-image swiper-lazy\" role=\"img\" aria-label=\"raspadores-3\" data-background=\"https:\/\/www.jslvedacoes.com.br\/site\/wp-content\/uploads\/2025\/03\/raspadores-3.jpg\">\n\n\t\t\t\t\t\t\t<div class=\"swiper-lazy-preloader\"><\/div>\n\t\t\t\n\t\t\t\t\t<\/div>\n\t\t\t\t\t\t\t\t<\/div>\n\t\t\t\t\t\t\t\t\t<\/div>\n\t\t\t\t\t\t\t\t\t\t\t\t\t\t\t<div class=\"elementor-swiper-button elementor-swiper-button-prev\" role=\"button\" tabindex=\"0\" aria-label=\"Previous\">\n\t\t\t\t\t\t\t<svg aria-hidden=\"true\" class=\"e-font-icon-svg e-eicon-chevron-left\" viewBox=\"0 0 1000 1000\" xmlns=\"http:\/\/www.w3.org\/2000\/svg\"><path d=\"M646 125C629 125 613 133 604 142L308 442C296 454 292 471 292 487 292 504 296 521 308 533L604 854C617 867 629 875 646 875 663 875 679 871 692 858 704 846 713 829 713 812 713 796 708 779 692 767L438 487 692 225C700 217 708 204 708 187 708 171 704 154 692 142 675 129 663 125 646 125Z\"><\/path><\/svg>\t\t\t\t\t\t<\/div>\n\t\t\t\t\t\t<div class=\"elementor-swiper-button elementor-swiper-button-next\" role=\"button\" tabindex=\"0\" aria-label=\"Next\">\n\t\t\t\t\t\t\t<svg aria-hidden=\"true\" class=\"e-font-icon-svg e-eicon-chevron-right\" viewBox=\"0 0 1000 1000\" xmlns=\"http:\/\/www.w3.org\/2000\/svg\"><path d=\"M696 533C708 521 713 504 713 487 713 471 708 454 696 446L400 146C388 133 375 125 354 125 338 125 325 129 313 142 300 154 292 171 292 187 292 204 296 221 308 233L563 492 304 771C292 783 288 800 288 817 288 833 296 850 308 863 321 871 338 875 354 875 371 875 388 867 400 854L696 533Z\"><\/path><\/svg>\t\t\t\t\t\t<\/div>\n\t\t\t\t\t\t\t\t\t\t\t\t\t\t\t\t\t<\/div>\n\t\t\t\t\t\t\t\t<\/div>\n\t\t\t\t<\/div>\n\t\t\t\t\t<\/div>\n\t\t\t\t<\/div>\n\t\t\t\t<\/div>\n\t\t<div class=\"elementor-element elementor-element-8511c1a e-con-full elementor-hidden-desktop elementor-hidden-tablet elementor-hidden-mobile e-flex e-con e-parent\" data-id=\"8511c1a\" data-element_type=\"container\" data-settings=\"{&quot;background_background&quot;:&quot;classic&quot;}\">\n\t\t<div class=\"elementor-element elementor-element-a62ec26 e-flex e-con-boxed e-con e-child\" data-id=\"a62ec26\" data-element_type=\"container\">\n\t\t\t\t\t<div class=\"e-con-inner\">\n\t\t\t\t<div class=\"elementor-element elementor-element-635bca8 elementor-widget elementor-widget-heading\" data-id=\"635bca8\" data-element_type=\"widget\" data-widget_type=\"heading.default\">\n\t\t\t\t\t<h1 class=\"elementor-heading-title elementor-size-default\">Fun\u00e7\u00e3o<\/h1>\t\t\t\t<\/div>\n\t\t\t\t<div class=\"elementor-element elementor-element-d8aa48f elementor-widget-divider--view-line elementor-widget elementor-widget-divider\" data-id=\"d8aa48f\" data-element_type=\"widget\" data-widget_type=\"divider.default\">\n\t\t\t\t\t\t\t<div class=\"elementor-divider\">\n\t\t\t<span class=\"elementor-divider-separator\">\n\t\t\t\t\t\t<\/span>\n\t\t<\/div>\n\t\t\t\t\t\t<\/div>\n\t\t<div class=\"elementor-element elementor-element-6ef43af e-con-full e-flex e-con e-child\" data-id=\"6ef43af\" data-element_type=\"container\">\n\t\t<div class=\"elementor-element elementor-element-5a71d9e e-con-full e-flex e-con e-child\" data-id=\"5a71d9e\" data-element_type=\"container\">\n\t\t\t\t<div class=\"elementor-element elementor-element-646d8fb elementor-view-default elementor-widget elementor-widget-icon\" data-id=\"646d8fb\" data-element_type=\"widget\" data-widget_type=\"icon.default\">\n\t\t\t\t\t\t\t<div class=\"elementor-icon-wrapper\">\n\t\t\t<div class=\"elementor-icon\">\n\t\t\t<svg aria-hidden=\"true\" class=\"e-font-icon-svg e-fas-search\" viewBox=\"0 0 512 512\" xmlns=\"http:\/\/www.w3.org\/2000\/svg\"><path d=\"M505 442.7L405.3 343c-4.5-4.5-10.6-7-17-7H372c27.6-35.3 44-79.7 44-128C416 93.1 322.9 0 208 0S0 93.1 0 208s93.1 208 208 208c48.3 0 92.7-16.4 128-44v16.3c0 6.4 2.5 12.5 7 17l99.7 99.7c9.4 9.4 24.6 9.4 33.9 0l28.3-28.3c9.4-9.4 9.4-24.6.1-34zM208 336c-70.7 0-128-57.2-128-128 0-70.7 57.2-128 128-128 70.7 0 128 57.2 128 128 0 70.7-57.2 128-128 128z\"><\/path><\/svg>\t\t\t<\/div>\n\t\t<\/div>\n\t\t\t\t\t\t<\/div>\n\t\t\t\t<\/div>\n\t\t<div class=\"elementor-element elementor-element-fd73412 e-con-full e-flex e-con e-child\" data-id=\"fd73412\" data-element_type=\"container\">\n\t\t\t\t<div class=\"elementor-element elementor-element-78db9f9 elementor-widget elementor-widget-text-editor\" data-id=\"78db9f9\" data-element_type=\"widget\" data-widget_type=\"text-editor.default\">\n\t\t\t\t\t\t\t\t\t<p>Lorem ipsum dolor sit amet, consectetur adipiscing elit. Ut elit tellus, luctus nec ullamcorper mattis, pulvinar dapibus leo. Lorem ipsum dolor sit amet, consectetur adipiscing elit. Ut elit tellus, luctus nec ullamcorper mattis, pulvinar dapibus leo.<\/p>\t\t\t\t\t\t\t\t<\/div>\n\t\t\t\t<\/div>\n\t\t\t\t<\/div>\n\t\t<div class=\"elementor-element elementor-element-d9a2f65 e-con-full e-flex e-con e-child\" data-id=\"d9a2f65\" data-element_type=\"container\">\n\t\t<div class=\"elementor-element elementor-element-99c200e e-con-full e-flex e-con e-child\" data-id=\"99c200e\" data-element_type=\"container\">\n\t\t\t\t<div class=\"elementor-element elementor-element-ff82297 elementor-view-default elementor-widget elementor-widget-icon\" data-id=\"ff82297\" data-element_type=\"widget\" data-widget_type=\"icon.default\">\n\t\t\t\t\t\t\t<div class=\"elementor-icon-wrapper\">\n\t\t\t<div class=\"elementor-icon\">\n\t\t\t<svg aria-hidden=\"true\" class=\"e-font-icon-svg e-fas-search\" viewBox=\"0 0 512 512\" xmlns=\"http:\/\/www.w3.org\/2000\/svg\"><path d=\"M505 442.7L405.3 343c-4.5-4.5-10.6-7-17-7H372c27.6-35.3 44-79.7 44-128C416 93.1 322.9 0 208 0S0 93.1 0 208s93.1 208 208 208c48.3 0 92.7-16.4 128-44v16.3c0 6.4 2.5 12.5 7 17l99.7 99.7c9.4 9.4 24.6 9.4 33.9 0l28.3-28.3c9.4-9.4 9.4-24.6.1-34zM208 336c-70.7 0-128-57.2-128-128 0-70.7 57.2-128 128-128 70.7 0 128 57.2 128 128 0 70.7-57.2 128-128 128z\"><\/path><\/svg>\t\t\t<\/div>\n\t\t<\/div>\n\t\t\t\t\t\t<\/div>\n\t\t\t\t<\/div>\n\t\t<div class=\"elementor-element elementor-element-446a0c4 e-con-full e-flex e-con e-child\" data-id=\"446a0c4\" data-element_type=\"container\">\n\t\t\t\t<div class=\"elementor-element elementor-element-4b96a7e elementor-widget elementor-widget-text-editor\" data-id=\"4b96a7e\" data-element_type=\"widget\" data-widget_type=\"text-editor.default\">\n\t\t\t\t\t\t\t\t\t<p>Lorem ipsum dolor sit amet, consectetur adipiscing elit. Ut elit tellus, luctus nec ullamcorper mattis, pulvinar dapibus leo. Lorem ipsum dolor sit amet, consectetur adipiscing elit. Ut elit tellus, luctus nec ullamcorper mattis, pulvinar dapibus leo.<\/p>\t\t\t\t\t\t\t\t<\/div>\n\t\t\t\t<\/div>\n\t\t\t\t<\/div>\n\t\t<div class=\"elementor-element elementor-element-1c856de e-con-full e-flex e-con e-child\" data-id=\"1c856de\" data-element_type=\"container\">\n\t\t<div class=\"elementor-element elementor-element-981ea98 e-con-full e-flex e-con e-child\" data-id=\"981ea98\" data-element_type=\"container\">\n\t\t\t\t<div class=\"elementor-element elementor-element-2949c15 elementor-view-default elementor-widget elementor-widget-icon\" data-id=\"2949c15\" data-element_type=\"widget\" data-widget_type=\"icon.default\">\n\t\t\t\t\t\t\t<div class=\"elementor-icon-wrapper\">\n\t\t\t<div class=\"elementor-icon\">\n\t\t\t<svg aria-hidden=\"true\" class=\"e-font-icon-svg e-fas-search\" viewBox=\"0 0 512 512\" xmlns=\"http:\/\/www.w3.org\/2000\/svg\"><path d=\"M505 442.7L405.3 343c-4.5-4.5-10.6-7-17-7H372c27.6-35.3 44-79.7 44-128C416 93.1 322.9 0 208 0S0 93.1 0 208s93.1 208 208 208c48.3 0 92.7-16.4 128-44v16.3c0 6.4 2.5 12.5 7 17l99.7 99.7c9.4 9.4 24.6 9.4 33.9 0l28.3-28.3c9.4-9.4 9.4-24.6.1-34zM208 336c-70.7 0-128-57.2-128-128 0-70.7 57.2-128 128-128 70.7 0 128 57.2 128 128 0 70.7-57.2 128-128 128z\"><\/path><\/svg>\t\t\t<\/div>\n\t\t<\/div>\n\t\t\t\t\t\t<\/div>\n\t\t\t\t<\/div>\n\t\t<div class=\"elementor-element elementor-element-eb29ceb e-con-full e-flex e-con e-child\" data-id=\"eb29ceb\" data-element_type=\"container\">\n\t\t\t\t<div class=\"elementor-element elementor-element-268d57c elementor-widget elementor-widget-text-editor\" data-id=\"268d57c\" data-element_type=\"widget\" data-widget_type=\"text-editor.default\">\n\t\t\t\t\t\t\t\t\t<p>Lorem ipsum dolor sit amet, consectetur adipiscing elit. Ut elit tellus, luctus nec ullamcorper mattis, pulvinar dapibus leo. Lorem ipsum dolor sit amet, consectetur adipiscing elit. Ut elit tellus, luctus nec ullamcorper mattis, pulvinar dapibus leo.<\/p>\t\t\t\t\t\t\t\t<\/div>\n\t\t\t\t<\/div>\n\t\t\t\t<\/div>\n\t\t<div class=\"elementor-element elementor-element-4433088 e-con-full e-flex e-con e-child\" data-id=\"4433088\" data-element_type=\"container\">\n\t\t<div class=\"elementor-element elementor-element-755f80f e-con-full e-flex e-con e-child\" data-id=\"755f80f\" data-element_type=\"container\">\n\t\t\t\t<div class=\"elementor-element elementor-element-90ee694 elementor-view-default elementor-widget elementor-widget-icon\" data-id=\"90ee694\" data-element_type=\"widget\" data-widget_type=\"icon.default\">\n\t\t\t\t\t\t\t<div class=\"elementor-icon-wrapper\">\n\t\t\t<div class=\"elementor-icon\">\n\t\t\t<svg aria-hidden=\"true\" class=\"e-font-icon-svg e-fas-search\" viewBox=\"0 0 512 512\" xmlns=\"http:\/\/www.w3.org\/2000\/svg\"><path d=\"M505 442.7L405.3 343c-4.5-4.5-10.6-7-17-7H372c27.6-35.3 44-79.7 44-128C416 93.1 322.9 0 208 0S0 93.1 0 208s93.1 208 208 208c48.3 0 92.7-16.4 128-44v16.3c0 6.4 2.5 12.5 7 17l99.7 99.7c9.4 9.4 24.6 9.4 33.9 0l28.3-28.3c9.4-9.4 9.4-24.6.1-34zM208 336c-70.7 0-128-57.2-128-128 0-70.7 57.2-128 128-128 70.7 0 128 57.2 128 128 0 70.7-57.2 128-128 128z\"><\/path><\/svg>\t\t\t<\/div>\n\t\t<\/div>\n\t\t\t\t\t\t<\/div>\n\t\t\t\t<\/div>\n\t\t<div class=\"elementor-element elementor-element-fe40fa5 e-con-full e-flex e-con e-child\" data-id=\"fe40fa5\" data-element_type=\"container\">\n\t\t\t\t<div class=\"elementor-element elementor-element-17456e0 elementor-widget elementor-widget-text-editor\" data-id=\"17456e0\" data-element_type=\"widget\" data-widget_type=\"text-editor.default\">\n\t\t\t\t\t\t\t\t\t<p>Lorem ipsum dolor sit amet, consectetur adipiscing elit. Ut elit tellus, luctus nec ullamcorper mattis, pulvinar dapibus leo. Lorem ipsum dolor sit amet, consectetur adipiscing elit. Ut elit tellus, luctus nec ullamcorper mattis, pulvinar dapibus leo.<\/p>\t\t\t\t\t\t\t\t<\/div>\n\t\t\t\t<\/div>\n\t\t\t\t<\/div>\n\t\t\t\t\t<\/div>\n\t\t\t\t<\/div>\n\t\t\t\t<\/div>\n\t\t<div class=\"elementor-element elementor-element-2375ff8 e-con-full elementor-hidden-desktop elementor-hidden-tablet elementor-hidden-mobile e-flex e-con e-parent\" data-id=\"2375ff8\" data-element_type=\"container\" data-settings=\"{&quot;background_background&quot;:&quot;classic&quot;}\">\n\t\t<div class=\"elementor-element elementor-element-bff11e3 e-flex e-con-boxed e-con e-child\" data-id=\"bff11e3\" data-element_type=\"container\">\n\t\t\t\t\t<div class=\"e-con-inner\">\n\t\t\t\t<div class=\"elementor-element elementor-element-4dd4cda elementor-widget elementor-widget-heading\" data-id=\"4dd4cda\" data-element_type=\"widget\" data-widget_type=\"heading.default\">\n\t\t\t\t\t<h1 class=\"elementor-heading-title elementor-size-default\">Modelos<\/h1>\t\t\t\t<\/div>\n\t\t\t\t<div class=\"elementor-element elementor-element-c29b4c4 elementor-widget-divider--view-line elementor-widget elementor-widget-divider\" data-id=\"c29b4c4\" data-element_type=\"widget\" data-widget_type=\"divider.default\">\n\t\t\t\t\t\t\t<div class=\"elementor-divider\">\n\t\t\t<span class=\"elementor-divider-separator\">\n\t\t\t\t\t\t<\/span>\n\t\t<\/div>\n\t\t\t\t\t\t<\/div>\n\t\t<div class=\"elementor-element elementor-element-980d27d e-con-full e-flex e-con e-child\" data-id=\"980d27d\" data-element_type=\"container\">\n\t\t\t\t<div class=\"elementor-element elementor-element-6da787d elementor-widget elementor-widget-gallery\" data-id=\"6da787d\" data-element_type=\"widget\" data-settings=\"{&quot;gap&quot;:{&quot;unit&quot;:&quot;px&quot;,&quot;size&quot;:30,&quot;sizes&quot;:[]},&quot;aspect_ratio&quot;:&quot;1:1&quot;,&quot;gallery_layout&quot;:&quot;grid&quot;,&quot;columns&quot;:4,&quot;columns_tablet&quot;:2,&quot;columns_mobile&quot;:1,&quot;gap_tablet&quot;:{&quot;unit&quot;:&quot;px&quot;,&quot;size&quot;:10,&quot;sizes&quot;:[]},&quot;gap_mobile&quot;:{&quot;unit&quot;:&quot;px&quot;,&quot;size&quot;:10,&quot;sizes&quot;:[]},&quot;link_to&quot;:&quot;file&quot;,&quot;content_hover_animation&quot;:&quot;fade-in&quot;}\" data-widget_type=\"gallery.default\">\n\t\t\t\t\t\t\t<div class=\"elementor-gallery__container\">\n\t\t\t\t\t\t\t<a class=\"e-gallery-item elementor-gallery-item elementor-animated-content\" href=\"https:\/\/www.jslvedacoes.com.br\/site\/wp-content\/uploads\/2024\/08\/steel-pipelines-cables-plant.jpg\" data-elementor-open-lightbox=\"yes\" data-elementor-lightbox-slideshow=\"6da787d\" data-elementor-lightbox-title=\"steel-pipelines-cables-plant\" data-e-action-hash=\"#elementor-action%3Aaction%3Dlightbox%26settings%3DeyJpZCI6MTU1LCJ1cmwiOiJodHRwczpcL1wvd3d3LmpzbHZlZGFjb2VzLmNvbS5iclwvc2l0ZVwvd3AtY29udGVudFwvdXBsb2Fkc1wvMjAyNFwvMDhcL3N0ZWVsLXBpcGVsaW5lcy1jYWJsZXMtcGxhbnQuanBnIiwic2xpZGVzaG93IjoiNmRhNzg3ZCJ9\">\n\t\t\t\t\t<div class=\"e-gallery-image elementor-gallery-item__image\" data-thumbnail=\"https:\/\/www.jslvedacoes.com.br\/site\/wp-content\/uploads\/2024\/08\/steel-pipelines-cables-plant-300x300.jpg\" data-width=\"300\" data-height=\"300\" aria-label=\"\" role=\"img\" ><\/div>\n\t\t\t\t\t\t\t\t\t\t\t\t\t\t<\/a>\n\t\t\t\t\t\t\t<a class=\"e-gallery-item elementor-gallery-item elementor-animated-content\" href=\"https:\/\/www.jslvedacoes.com.br\/site\/wp-content\/uploads\/2024\/09\/img-reserva-galeria.jpg\" data-elementor-open-lightbox=\"yes\" data-elementor-lightbox-slideshow=\"6da787d\" data-elementor-lightbox-title=\"img-reserva-galeria\" data-e-action-hash=\"#elementor-action%3Aaction%3Dlightbox%26settings%3DeyJpZCI6NDQ1LCJ1cmwiOiJodHRwczpcL1wvd3d3LmpzbHZlZGFjb2VzLmNvbS5iclwvc2l0ZVwvd3AtY29udGVudFwvdXBsb2Fkc1wvMjAyNFwvMDlcL2ltZy1yZXNlcnZhLWdhbGVyaWEuanBnIiwic2xpZGVzaG93IjoiNmRhNzg3ZCJ9\">\n\t\t\t\t\t<div class=\"e-gallery-image elementor-gallery-item__image\" data-thumbnail=\"https:\/\/www.jslvedacoes.com.br\/site\/wp-content\/uploads\/2024\/09\/img-reserva-galeria-300x300.jpg\" data-width=\"300\" data-height=\"300\" aria-label=\"\" role=\"img\" ><\/div>\n\t\t\t\t\t\t\t\t\t\t\t\t\t\t<\/a>\n\t\t\t\t\t<\/div>\n\t\t\t\t\t<\/div>\n\t\t\t\t<\/div>\n\t\t\t\t\t<\/div>\n\t\t\t\t<\/div>\n\t\t\t\t<\/div>\n\t\t<div class=\"elementor-element elementor-element-3697995 e-flex e-con-boxed e-con e-parent\" data-id=\"3697995\" data-element_type=\"container\" data-settings=\"{&quot;background_background&quot;:&quot;classic&quot;}\">\n\t\t\t\t\t<div class=\"e-con-inner\">\n\t\t\t\t<div class=\"elementor-element elementor-element-33656e3 elementor-widget elementor-widget-button\" data-id=\"33656e3\" data-element_type=\"widget\" data-widget_type=\"button.default\">\n\t\t\t\t\t\t\t\t\t\t<a class=\"elementor-button elementor-button-link elementor-size-sm\" href=\"#elementor-action%3Aaction%3Dpopup%3Aopen%26settings%3DeyJpZCI6IjExNzQiLCJ0b2dnbGUiOmZhbHNlfQ%3D%3D\">\n\t\t\t\t\t\t<span class=\"elementor-button-content-wrapper\">\n\t\t\t\t\t\t\t\t\t<span class=\"elementor-button-text\">Fale com um de nossos especialistas<\/span>\n\t\t\t\t\t<\/span>\n\t\t\t\t\t<\/a>\n\t\t\t\t\t\t\t\t<\/div>\n\t\t\t\t\t<\/div>\n\t\t\t\t<\/div>\n\t\t\t\t<\/div>\n\t\t","protected":false},"excerpt":{"rendered":"<p>Nossos Produtos Os raspadores s\u00e3o componentes essenciais em sistemas hidr\u00e1ulicos e pneum\u00e1ticos, projetados para proteger os cilindros contra contamina\u00e7\u00e3o por part\u00edculas externas, como poeira, sujeira, lama ou detritos. Eles garantem a integridade do sistema de veda\u00e7\u00e3o e contribuem para o aumento da durabilidade e efici\u00eancia do cilindro. Fun\u00e7\u00e3o dos Raspadores: Limpeza: Removem res\u00edduos ou contaminantes [&hellip;]<\/p>\n","protected":false},"author":1,"featured_media":1062,"parent":30,"menu_order":0,"comment_status":"closed","ping_status":"closed","template":"","meta":{"footnotes":""},"class_list":["post-299","page","type-page","status-publish","has-post-thumbnail","hentry"],"_links":{"self":[{"href":"https:\/\/www.jslvedacoes.com.br\/site\/wp-json\/wp\/v2\/pages\/299","targetHints":{"allow":["GET"]}}],"collection":[{"href":"https:\/\/www.jslvedacoes.com.br\/site\/wp-json\/wp\/v2\/pages"}],"about":[{"href":"https:\/\/www.jslvedacoes.com.br\/site\/wp-json\/wp\/v2\/types\/page"}],"author":[{"embeddable":true,"href":"https:\/\/www.jslvedacoes.com.br\/site\/wp-json\/wp\/v2\/users\/1"}],"replies":[{"embeddable":true,"href":"https:\/\/www.jslvedacoes.com.br\/site\/wp-json\/wp\/v2\/comments?post=299"}],"version-history":[{"count":91,"href":"https:\/\/www.jslvedacoes.com.br\/site\/wp-json\/wp\/v2\/pages\/299\/revisions"}],"predecessor-version":[{"id":1224,"href":"https:\/\/www.jslvedacoes.com.br\/site\/wp-json\/wp\/v2\/pages\/299\/revisions\/1224"}],"up":[{"embeddable":true,"href":"https:\/\/www.jslvedacoes.com.br\/site\/wp-json\/wp\/v2\/pages\/30"}],"wp:featuredmedia":[{"embeddable":true,"href":"https:\/\/www.jslvedacoes.com.br\/site\/wp-json\/wp\/v2\/media\/1062"}],"wp:attachment":[{"href":"https:\/\/www.jslvedacoes.com.br\/site\/wp-json\/wp\/v2\/media?parent=299"}],"curies":[{"name":"wp","href":"https:\/\/api.w.org\/{rel}","templated":true}]}}