{"id":554,"date":"2024-09-06T23:30:03","date_gmt":"2024-09-07T02:30:03","guid":{"rendered":"http:\/\/localhost\/ohka\/jsl\/?page_id=554"},"modified":"2025-04-03T12:52:50","modified_gmt":"2025-04-03T15:52:50","slug":"vedacoes-para-haste-gaxetas","status":"publish","type":"page","link":"https:\/\/www.jslvedacoes.com.br\/site\/produtos\/vedacoes-para-haste-gaxetas\/","title":{"rendered":"Veda\u00e7\u00f5es para Haste &#8211; Gaxetas"},"content":{"rendered":"\t\t<div data-elementor-type=\"wp-page\" data-elementor-id=\"554\" class=\"elementor elementor-554\" data-elementor-post-type=\"page\">\n\t\t\t\t<div class=\"elementor-element elementor-element-fd8f142 e-flex e-con-boxed e-con e-parent\" data-id=\"fd8f142\" data-element_type=\"container\" data-settings=\"{&quot;background_background&quot;:&quot;classic&quot;,&quot;background_motion_fx_motion_fx_scrolling&quot;:&quot;yes&quot;,&quot;background_motion_fx_scale_effect&quot;:&quot;yes&quot;,&quot;background_motion_fx_scale_direction&quot;:&quot;out-in&quot;,&quot;background_motion_fx_scale_speed&quot;:{&quot;unit&quot;:&quot;px&quot;,&quot;size&quot;:4,&quot;sizes&quot;:[]},&quot;background_motion_fx_scale_range&quot;:{&quot;unit&quot;:&quot;%&quot;,&quot;size&quot;:&quot;&quot;,&quot;sizes&quot;:{&quot;start&quot;:20,&quot;end&quot;:80}},&quot;background_motion_fx_devices&quot;:[&quot;desktop&quot;,&quot;tablet&quot;,&quot;mobile&quot;]}\">\n\t\t\t\t\t<div class=\"e-con-inner\">\n\t\t\t\t<div class=\"elementor-element elementor-element-fb987b6 elementor-widget elementor-widget-heading\" data-id=\"fb987b6\" data-element_type=\"widget\" data-widget_type=\"heading.default\">\n\t\t\t\t\t<h1 class=\"elementor-heading-title elementor-size-default\">Nossos Produtos<\/h1>\t\t\t\t<\/div>\n\t\t\t\t\t<\/div>\n\t\t\t\t<\/div>\n\t\t<div class=\"elementor-element elementor-element-9afe784 e-con-full e-flex e-con e-parent\" data-id=\"9afe784\" data-element_type=\"container\" data-settings=\"{&quot;background_background&quot;:&quot;classic&quot;}\">\n\t\t<div class=\"elementor-element elementor-element-da67fa0 e-flex e-con-boxed e-con e-child\" data-id=\"da67fa0\" data-element_type=\"container\">\n\t\t\t\t\t<div class=\"e-con-inner\">\n\t\t\t\t<div class=\"elementor-element elementor-element-727aff2 elementor-widget-divider--view-line elementor-widget elementor-widget-divider\" data-id=\"727aff2\" data-element_type=\"widget\" data-widget_type=\"divider.default\">\n\t\t\t\t\t\t\t<div class=\"elementor-divider\">\n\t\t\t<span class=\"elementor-divider-separator\">\n\t\t\t\t\t\t<\/span>\n\t\t<\/div>\n\t\t\t\t\t\t<\/div>\n\t\t\t\t\t<\/div>\n\t\t\t\t<\/div>\n\t\t<div class=\"elementor-element elementor-element-a0ba0dd e-flex e-con-boxed e-con e-child\" data-id=\"a0ba0dd\" data-element_type=\"container\">\n\t\t\t\t\t<div class=\"e-con-inner\">\n\t\t<div class=\"elementor-element elementor-element-8d7d56b e-con-full e-flex e-con e-child\" data-id=\"8d7d56b\" data-element_type=\"container\">\n\t\t\t\t<div class=\"elementor-element elementor-element-c0ab35d elementor-widget elementor-widget-text-editor\" data-id=\"c0ab35d\" data-element_type=\"widget\" data-widget_type=\"text-editor.default\">\n\t\t\t\t\t\t\t\t\t<p><b>Veda\u00e7\u00f5es para haste<\/b><span style=\"font-weight: 400;\"> s\u00e3o componentes utilizados em sistemas hidr\u00e1ulicos e pneum\u00e1ticos para impedir o vazamento de fluidos (como \u00f3leos ou ar comprimido) ao longo da haste do cilindro durante o movimento linear. Elas desempenham um papel fundamental na efici\u00eancia e durabilidade do sistema, garantindo que o fluido permane\u00e7a dentro do cilindro enquanto a haste se move para fora ou para dentro.<\/span><\/p><p><b>Fun\u00e7\u00e3o Principal:<\/b><\/p><p><span style=\"font-weight: 400;\">As veda\u00e7\u00f5es para haste s\u00e3o projetadas para:<\/span><\/p><ul><li style=\"font-weight: 400;\" aria-level=\"1\"><span style=\"font-weight: 400;\">Evitar o vazamento de fluido sob press\u00e3o para fora do cilindro.<\/span><\/li><li style=\"font-weight: 400;\" aria-level=\"1\"><span style=\"font-weight: 400;\">Manter a veda\u00e7\u00e3o mesmo em condi\u00e7\u00f5es de alta press\u00e3o, temperaturas extremas e movimento repetitivo.<\/span><\/li><li style=\"font-weight: 400;\" aria-level=\"1\"><span style=\"font-weight: 400;\">Proteger o sistema contra entrada de contaminantes.<\/span><\/li><\/ul><p><b>Materiais Comuns:<\/b><\/p><p><span style=\"font-weight: 400;\">Os materiais das veda\u00e7\u00f5es s\u00e3o escolhidos com base nas condi\u00e7\u00f5es de opera\u00e7\u00e3o (press\u00e3o, temperatura, tipo de fluido, etc.):<\/span><\/p><ol><li style=\"font-weight: 400;\" aria-level=\"1\"><b>Poliuretano (PU)<\/b><span style=\"font-weight: 400;\">:<\/span><ul><li style=\"font-weight: 400;\" aria-level=\"2\"><span style=\"font-weight: 400;\">Alta resist\u00eancia ao desgaste e ao rasgo.<\/span><\/li><li style=\"font-weight: 400;\" aria-level=\"2\"><span style=\"font-weight: 400;\">Ideal para aplica\u00e7\u00f5es hidr\u00e1ulicas de alta press\u00e3o.<\/span><\/li><\/ul><\/li><li style=\"font-weight: 400;\" aria-level=\"1\"><b>Borracha Nitr\u00edlica (NBR)<\/b><span style=\"font-weight: 400;\">:<\/span><ul><li style=\"font-weight: 400;\" aria-level=\"2\"><span style=\"font-weight: 400;\">Boa resist\u00eancia a \u00f3leos minerais e graxas.<\/span><\/li><li style=\"font-weight: 400;\" aria-level=\"2\"><span style=\"font-weight: 400;\">Usado em aplica\u00e7\u00f5es gerais.<\/span><\/li><\/ul><\/li><li style=\"font-weight: 400;\" aria-level=\"1\"><b>Viton (FKM)<\/b><span style=\"font-weight: 400;\">:<\/span><ul><li style=\"font-weight: 400;\" aria-level=\"2\"><span style=\"font-weight: 400;\">Excelente resist\u00eancia a altas temperaturas e produtos qu\u00edmicos agressivos.<\/span><\/li><\/ul><\/li><li style=\"font-weight: 400;\" aria-level=\"1\"><b>PTFE (Teflon)<\/b><span style=\"font-weight: 400;\">:<\/span><ul><li style=\"font-weight: 400;\" aria-level=\"2\"><span style=\"font-weight: 400;\">Baixa fric\u00e7\u00e3o, alta resist\u00eancia qu\u00edmica e capacidade de operar em temperaturas extremas.<\/span><\/li><\/ul><\/li><li style=\"font-weight: 400;\" aria-level=\"1\"><b>EPDM<\/b><span style=\"font-weight: 400;\">:<\/span><ul><li style=\"font-weight: 400;\" aria-level=\"2\"><span style=\"font-weight: 400;\">Resistente a \u00e1gua quente, vapor e intemp\u00e9ries, mas n\u00e3o compat\u00edvel com \u00f3leos minerais.<\/span><\/li><\/ul><\/li><\/ol><p><b>Tipos de Veda\u00e7\u00f5es para Haste:<\/b><\/p><ol><li style=\"font-weight: 400;\" aria-level=\"1\"><b>Veda\u00e7\u00f5es em V (ou V-Rings)<\/b><span style=\"font-weight: 400;\">:<\/span><ul><li style=\"font-weight: 400;\" aria-level=\"2\"><span style=\"font-weight: 400;\">Conjunto de an\u00e9is em forma de &#8220;V&#8221;, empilhados para veda\u00e7\u00e3o em altas press\u00f5es.<\/span><\/li><\/ul><\/li><li style=\"font-weight: 400;\" aria-level=\"1\"><b>An\u00e9is O-Rings<\/b><span style=\"font-weight: 400;\">:<\/span><ul><li style=\"font-weight: 400;\" aria-level=\"2\"><span style=\"font-weight: 400;\">Simples e econ\u00f4micos, usados em sistemas de baixa press\u00e3o ou com cargas est\u00e1ticas.<\/span><\/li><\/ul><\/li><li style=\"font-weight: 400;\" aria-level=\"1\"><b>Veda\u00e7\u00f5es de L\u00e1bio Simples<\/b><span style=\"font-weight: 400;\">:<\/span><ul><li style=\"font-weight: 400;\" aria-level=\"2\"><span style=\"font-weight: 400;\">Com um \u00fanico l\u00e1bio que pressiona a haste para evitar vazamentos.<\/span><\/li><\/ul><\/li><li style=\"font-weight: 400;\" aria-level=\"1\"><b>Veda\u00e7\u00f5es de L\u00e1bio Duplo<\/b><span style=\"font-weight: 400;\">:<\/span><ul><li style=\"font-weight: 400;\" aria-level=\"2\"><span style=\"font-weight: 400;\">Possuem dois l\u00e1bios: um para veda\u00e7\u00e3o do fluido interno e outro para proteger contra contaminantes externos.<\/span><\/li><\/ul><\/li><li style=\"font-weight: 400;\" aria-level=\"1\"><b>Veda\u00e7\u00f5es Combinadas<\/b><span style=\"font-weight: 400;\">:<\/span><ul><li style=\"font-weight: 400;\" aria-level=\"2\"><span style=\"font-weight: 400;\">Integradas a outros elementos, como raspadores ou guias, para aplica\u00e7\u00f5es que exigem m\u00faltiplas fun\u00e7\u00f5es.<\/span><\/li><\/ul><\/li><\/ol><p><b>Aplica\u00e7\u00f5es:<\/b><\/p><ul><li style=\"font-weight: 400;\" aria-level=\"1\"><b>Cilindros hidr\u00e1ulicos<\/b><span style=\"font-weight: 400;\">: M\u00e1quinas de constru\u00e7\u00e3o, prensas industriais, guindastes.<\/span><\/li><li style=\"font-weight: 400;\" aria-level=\"1\"><b>Cilindros pneum\u00e1ticos<\/b><span style=\"font-weight: 400;\">: Sistemas de automa\u00e7\u00e3o, linhas de produ\u00e7\u00e3o.<\/span><\/li><li style=\"font-weight: 400;\" aria-level=\"1\"><b>Equipamentos pesados<\/b><span style=\"font-weight: 400;\">: Tratores, escavadeiras e colheitadeiras.<\/span><\/li><li style=\"font-weight: 400;\" aria-level=\"1\"><b>Ind\u00fastria automotiva<\/b><span style=\"font-weight: 400;\">: Sistemas de dire\u00e7\u00e3o hidr\u00e1ulica e freios.<\/span><\/li><\/ul>\t\t\t\t\t\t\t\t<\/div>\n\t\t\t\t<\/div>\n\t\t<div class=\"elementor-element elementor-element-a77bb9d e-con-full e-flex e-con e-child\" data-id=\"a77bb9d\" data-element_type=\"container\">\n\t\t\t\t<div class=\"elementor-element elementor-element-d4577f6 elementor-widget elementor-widget-image\" data-id=\"d4577f6\" data-element_type=\"widget\" data-widget_type=\"image.default\">\n\t\t\t\t\t\t\t\t\t\t\t\t\t\t\t<img fetchpriority=\"high\" decoding=\"async\" width=\"800\" height=\"640\" src=\"https:\/\/www.jslvedacoes.com.br\/site\/wp-content\/uploads\/2025\/03\/haste.jpg\" class=\"attachment-large size-large wp-image-1072\" alt=\"\" srcset=\"https:\/\/www.jslvedacoes.com.br\/site\/wp-content\/uploads\/2025\/03\/haste.jpg 1024w, https:\/\/www.jslvedacoes.com.br\/site\/wp-content\/uploads\/2025\/03\/haste-300x240.jpg 300w, https:\/\/www.jslvedacoes.com.br\/site\/wp-content\/uploads\/2025\/03\/haste-768x614.jpg 768w\" sizes=\"(max-width: 800px) 100vw, 800px\" \/>\t\t\t\t\t\t\t\t\t\t\t\t\t\t\t<\/div>\n\t\t\t\t<\/div>\n\t\t\t\t\t<\/div>\n\t\t\t\t<\/div>\n\t\t\t\t<\/div>\n\t\t<div class=\"elementor-element elementor-element-ef9d66e e-con-full elementor-hidden-desktop elementor-hidden-tablet elementor-hidden-mobile e-flex e-con e-parent\" data-id=\"ef9d66e\" data-element_type=\"container\" data-settings=\"{&quot;background_background&quot;:&quot;classic&quot;}\">\n\t\t<div class=\"elementor-element elementor-element-3f2e2f3 e-flex e-con-boxed e-con e-child\" data-id=\"3f2e2f3\" data-element_type=\"container\">\n\t\t\t\t\t<div class=\"e-con-inner\">\n\t\t\t\t<div class=\"elementor-element elementor-element-38f589d elementor-widget elementor-widget-heading\" data-id=\"38f589d\" data-element_type=\"widget\" data-widget_type=\"heading.default\">\n\t\t\t\t\t<h1 class=\"elementor-heading-title elementor-size-default\">Fun\u00e7\u00e3o<\/h1>\t\t\t\t<\/div>\n\t\t\t\t<div class=\"elementor-element elementor-element-59b88eb elementor-widget-divider--view-line elementor-widget elementor-widget-divider\" data-id=\"59b88eb\" data-element_type=\"widget\" data-widget_type=\"divider.default\">\n\t\t\t\t\t\t\t<div class=\"elementor-divider\">\n\t\t\t<span class=\"elementor-divider-separator\">\n\t\t\t\t\t\t<\/span>\n\t\t<\/div>\n\t\t\t\t\t\t<\/div>\n\t\t<div class=\"elementor-element elementor-element-070c12c e-con-full e-flex e-con e-child\" data-id=\"070c12c\" data-element_type=\"container\">\n\t\t<div class=\"elementor-element elementor-element-c845352 e-con-full e-flex e-con e-child\" data-id=\"c845352\" data-element_type=\"container\">\n\t\t\t\t<div class=\"elementor-element elementor-element-d779d83 elementor-view-default elementor-widget elementor-widget-icon\" data-id=\"d779d83\" data-element_type=\"widget\" data-widget_type=\"icon.default\">\n\t\t\t\t\t\t\t<div class=\"elementor-icon-wrapper\">\n\t\t\t<div class=\"elementor-icon\">\n\t\t\t<svg aria-hidden=\"true\" class=\"e-font-icon-svg e-fas-search\" viewBox=\"0 0 512 512\" xmlns=\"http:\/\/www.w3.org\/2000\/svg\"><path d=\"M505 442.7L405.3 343c-4.5-4.5-10.6-7-17-7H372c27.6-35.3 44-79.7 44-128C416 93.1 322.9 0 208 0S0 93.1 0 208s93.1 208 208 208c48.3 0 92.7-16.4 128-44v16.3c0 6.4 2.5 12.5 7 17l99.7 99.7c9.4 9.4 24.6 9.4 33.9 0l28.3-28.3c9.4-9.4 9.4-24.6.1-34zM208 336c-70.7 0-128-57.2-128-128 0-70.7 57.2-128 128-128 70.7 0 128 57.2 128 128 0 70.7-57.2 128-128 128z\"><\/path><\/svg>\t\t\t<\/div>\n\t\t<\/div>\n\t\t\t\t\t\t<\/div>\n\t\t\t\t<\/div>\n\t\t<div class=\"elementor-element elementor-element-22482a7 e-con-full e-flex e-con e-child\" data-id=\"22482a7\" data-element_type=\"container\">\n\t\t\t\t<div class=\"elementor-element elementor-element-21926ba elementor-widget elementor-widget-text-editor\" data-id=\"21926ba\" data-element_type=\"widget\" data-widget_type=\"text-editor.default\">\n\t\t\t\t\t\t\t\t\t<p>Lorem ipsum dolor sit amet, consectetur adipiscing elit. Ut elit tellus, luctus nec ullamcorper mattis, pulvinar dapibus leo. Lorem ipsum dolor sit amet, consectetur adipiscing elit. Ut elit tellus, luctus nec ullamcorper mattis, pulvinar dapibus leo.<\/p>\t\t\t\t\t\t\t\t<\/div>\n\t\t\t\t<\/div>\n\t\t\t\t<\/div>\n\t\t<div class=\"elementor-element elementor-element-a0cf6b4 e-con-full e-flex e-con e-child\" data-id=\"a0cf6b4\" data-element_type=\"container\">\n\t\t<div class=\"elementor-element elementor-element-3fa3ff7 e-con-full e-flex e-con e-child\" data-id=\"3fa3ff7\" data-element_type=\"container\">\n\t\t\t\t<div class=\"elementor-element elementor-element-d1b9109 elementor-view-default elementor-widget elementor-widget-icon\" data-id=\"d1b9109\" data-element_type=\"widget\" data-widget_type=\"icon.default\">\n\t\t\t\t\t\t\t<div class=\"elementor-icon-wrapper\">\n\t\t\t<div class=\"elementor-icon\">\n\t\t\t<svg aria-hidden=\"true\" class=\"e-font-icon-svg e-fas-search\" viewBox=\"0 0 512 512\" xmlns=\"http:\/\/www.w3.org\/2000\/svg\"><path d=\"M505 442.7L405.3 343c-4.5-4.5-10.6-7-17-7H372c27.6-35.3 44-79.7 44-128C416 93.1 322.9 0 208 0S0 93.1 0 208s93.1 208 208 208c48.3 0 92.7-16.4 128-44v16.3c0 6.4 2.5 12.5 7 17l99.7 99.7c9.4 9.4 24.6 9.4 33.9 0l28.3-28.3c9.4-9.4 9.4-24.6.1-34zM208 336c-70.7 0-128-57.2-128-128 0-70.7 57.2-128 128-128 70.7 0 128 57.2 128 128 0 70.7-57.2 128-128 128z\"><\/path><\/svg>\t\t\t<\/div>\n\t\t<\/div>\n\t\t\t\t\t\t<\/div>\n\t\t\t\t<\/div>\n\t\t<div class=\"elementor-element elementor-element-a01f389 e-con-full e-flex e-con e-child\" data-id=\"a01f389\" data-element_type=\"container\">\n\t\t\t\t<div class=\"elementor-element elementor-element-7d9ea21 elementor-widget elementor-widget-text-editor\" data-id=\"7d9ea21\" data-element_type=\"widget\" data-widget_type=\"text-editor.default\">\n\t\t\t\t\t\t\t\t\t<p>Lorem ipsum dolor sit amet, consectetur adipiscing elit. Ut elit tellus, luctus nec ullamcorper mattis, pulvinar dapibus leo. Lorem ipsum dolor sit amet, consectetur adipiscing elit. Ut elit tellus, luctus nec ullamcorper mattis, pulvinar dapibus leo.<\/p>\t\t\t\t\t\t\t\t<\/div>\n\t\t\t\t<\/div>\n\t\t\t\t<\/div>\n\t\t<div class=\"elementor-element elementor-element-fed1e44 e-con-full e-flex e-con e-child\" data-id=\"fed1e44\" data-element_type=\"container\">\n\t\t<div class=\"elementor-element elementor-element-8741680 e-con-full e-flex e-con e-child\" data-id=\"8741680\" data-element_type=\"container\">\n\t\t\t\t<div class=\"elementor-element elementor-element-a5cb0bb elementor-view-default elementor-widget elementor-widget-icon\" data-id=\"a5cb0bb\" data-element_type=\"widget\" data-widget_type=\"icon.default\">\n\t\t\t\t\t\t\t<div class=\"elementor-icon-wrapper\">\n\t\t\t<div class=\"elementor-icon\">\n\t\t\t<svg aria-hidden=\"true\" class=\"e-font-icon-svg e-fas-search\" viewBox=\"0 0 512 512\" xmlns=\"http:\/\/www.w3.org\/2000\/svg\"><path d=\"M505 442.7L405.3 343c-4.5-4.5-10.6-7-17-7H372c27.6-35.3 44-79.7 44-128C416 93.1 322.9 0 208 0S0 93.1 0 208s93.1 208 208 208c48.3 0 92.7-16.4 128-44v16.3c0 6.4 2.5 12.5 7 17l99.7 99.7c9.4 9.4 24.6 9.4 33.9 0l28.3-28.3c9.4-9.4 9.4-24.6.1-34zM208 336c-70.7 0-128-57.2-128-128 0-70.7 57.2-128 128-128 70.7 0 128 57.2 128 128 0 70.7-57.2 128-128 128z\"><\/path><\/svg>\t\t\t<\/div>\n\t\t<\/div>\n\t\t\t\t\t\t<\/div>\n\t\t\t\t<\/div>\n\t\t<div class=\"elementor-element elementor-element-fb590d9 e-con-full e-flex e-con e-child\" data-id=\"fb590d9\" data-element_type=\"container\">\n\t\t\t\t<div class=\"elementor-element elementor-element-3b4d684 elementor-widget elementor-widget-text-editor\" data-id=\"3b4d684\" data-element_type=\"widget\" data-widget_type=\"text-editor.default\">\n\t\t\t\t\t\t\t\t\t<p>Lorem ipsum dolor sit amet, consectetur adipiscing elit. Ut elit tellus, luctus nec ullamcorper mattis, pulvinar dapibus leo. Lorem ipsum dolor sit amet, consectetur adipiscing elit. Ut elit tellus, luctus nec ullamcorper mattis, pulvinar dapibus leo.<\/p>\t\t\t\t\t\t\t\t<\/div>\n\t\t\t\t<\/div>\n\t\t\t\t<\/div>\n\t\t<div class=\"elementor-element elementor-element-c398780 e-con-full e-flex e-con e-child\" data-id=\"c398780\" data-element_type=\"container\">\n\t\t<div class=\"elementor-element elementor-element-b4788c9 e-con-full e-flex e-con e-child\" data-id=\"b4788c9\" data-element_type=\"container\">\n\t\t\t\t<div class=\"elementor-element elementor-element-d0a0134 elementor-view-default elementor-widget elementor-widget-icon\" data-id=\"d0a0134\" data-element_type=\"widget\" data-widget_type=\"icon.default\">\n\t\t\t\t\t\t\t<div class=\"elementor-icon-wrapper\">\n\t\t\t<div class=\"elementor-icon\">\n\t\t\t<svg aria-hidden=\"true\" class=\"e-font-icon-svg e-fas-search\" viewBox=\"0 0 512 512\" xmlns=\"http:\/\/www.w3.org\/2000\/svg\"><path d=\"M505 442.7L405.3 343c-4.5-4.5-10.6-7-17-7H372c27.6-35.3 44-79.7 44-128C416 93.1 322.9 0 208 0S0 93.1 0 208s93.1 208 208 208c48.3 0 92.7-16.4 128-44v16.3c0 6.4 2.5 12.5 7 17l99.7 99.7c9.4 9.4 24.6 9.4 33.9 0l28.3-28.3c9.4-9.4 9.4-24.6.1-34zM208 336c-70.7 0-128-57.2-128-128 0-70.7 57.2-128 128-128 70.7 0 128 57.2 128 128 0 70.7-57.2 128-128 128z\"><\/path><\/svg>\t\t\t<\/div>\n\t\t<\/div>\n\t\t\t\t\t\t<\/div>\n\t\t\t\t<\/div>\n\t\t<div class=\"elementor-element elementor-element-222c708 e-con-full e-flex e-con e-child\" data-id=\"222c708\" data-element_type=\"container\">\n\t\t\t\t<div class=\"elementor-element elementor-element-8695b6e elementor-widget elementor-widget-text-editor\" data-id=\"8695b6e\" data-element_type=\"widget\" data-widget_type=\"text-editor.default\">\n\t\t\t\t\t\t\t\t\t<p>Lorem ipsum dolor sit amet, consectetur adipiscing elit. Ut elit tellus, luctus nec ullamcorper mattis, pulvinar dapibus leo. Lorem ipsum dolor sit amet, consectetur adipiscing elit. Ut elit tellus, luctus nec ullamcorper mattis, pulvinar dapibus leo.<\/p>\t\t\t\t\t\t\t\t<\/div>\n\t\t\t\t<\/div>\n\t\t\t\t<\/div>\n\t\t\t\t\t<\/div>\n\t\t\t\t<\/div>\n\t\t\t\t<\/div>\n\t\t<div class=\"elementor-element elementor-element-3ebfac7 e-con-full elementor-hidden-desktop elementor-hidden-tablet elementor-hidden-mobile e-flex e-con e-parent\" data-id=\"3ebfac7\" data-element_type=\"container\" data-settings=\"{&quot;background_background&quot;:&quot;classic&quot;}\">\n\t\t<div class=\"elementor-element elementor-element-bae8434 e-flex e-con-boxed e-con e-child\" data-id=\"bae8434\" data-element_type=\"container\">\n\t\t\t\t\t<div class=\"e-con-inner\">\n\t\t\t\t<div class=\"elementor-element elementor-element-db6d46b elementor-widget elementor-widget-heading\" data-id=\"db6d46b\" data-element_type=\"widget\" data-widget_type=\"heading.default\">\n\t\t\t\t\t<h1 class=\"elementor-heading-title elementor-size-default\">Modelos<\/h1>\t\t\t\t<\/div>\n\t\t\t\t<div class=\"elementor-element elementor-element-53b73a6 elementor-widget-divider--view-line elementor-widget elementor-widget-divider\" data-id=\"53b73a6\" data-element_type=\"widget\" data-widget_type=\"divider.default\">\n\t\t\t\t\t\t\t<div class=\"elementor-divider\">\n\t\t\t<span class=\"elementor-divider-separator\">\n\t\t\t\t\t\t<\/span>\n\t\t<\/div>\n\t\t\t\t\t\t<\/div>\n\t\t<div class=\"elementor-element elementor-element-7639d3f e-con-full e-flex e-con e-child\" data-id=\"7639d3f\" data-element_type=\"container\">\n\t\t\t\t<div class=\"elementor-element elementor-element-cd8eb5d elementor-widget elementor-widget-gallery\" data-id=\"cd8eb5d\" data-element_type=\"widget\" data-settings=\"{&quot;gap&quot;:{&quot;unit&quot;:&quot;px&quot;,&quot;size&quot;:30,&quot;sizes&quot;:[]},&quot;aspect_ratio&quot;:&quot;1:1&quot;,&quot;gallery_layout&quot;:&quot;grid&quot;,&quot;columns&quot;:4,&quot;columns_tablet&quot;:2,&quot;columns_mobile&quot;:1,&quot;gap_tablet&quot;:{&quot;unit&quot;:&quot;px&quot;,&quot;size&quot;:10,&quot;sizes&quot;:[]},&quot;gap_mobile&quot;:{&quot;unit&quot;:&quot;px&quot;,&quot;size&quot;:10,&quot;sizes&quot;:[]},&quot;link_to&quot;:&quot;file&quot;,&quot;content_hover_animation&quot;:&quot;fade-in&quot;}\" data-widget_type=\"gallery.default\">\n\t\t\t\t\t\t\t<div class=\"elementor-gallery__container\">\n\t\t\t\t\t\t\t<a class=\"e-gallery-item elementor-gallery-item elementor-animated-content\" href=\"https:\/\/www.jslvedacoes.com.br\/site\/wp-content\/uploads\/2024\/08\/steel-pipelines-cables-plant.jpg\" data-elementor-open-lightbox=\"yes\" data-elementor-lightbox-slideshow=\"cd8eb5d\" data-elementor-lightbox-title=\"steel-pipelines-cables-plant\" data-e-action-hash=\"#elementor-action%3Aaction%3Dlightbox%26settings%3DeyJpZCI6MTU1LCJ1cmwiOiJodHRwczpcL1wvd3d3LmpzbHZlZGFjb2VzLmNvbS5iclwvc2l0ZVwvd3AtY29udGVudFwvdXBsb2Fkc1wvMjAyNFwvMDhcL3N0ZWVsLXBpcGVsaW5lcy1jYWJsZXMtcGxhbnQuanBnIiwic2xpZGVzaG93IjoiY2Q4ZWI1ZCJ9\">\n\t\t\t\t\t<div class=\"e-gallery-image elementor-gallery-item__image\" data-thumbnail=\"https:\/\/www.jslvedacoes.com.br\/site\/wp-content\/uploads\/2024\/08\/steel-pipelines-cables-plant-300x300.jpg\" data-width=\"300\" data-height=\"300\" aria-label=\"\" role=\"img\" ><\/div>\n\t\t\t\t\t\t\t\t\t\t\t\t\t\t<\/a>\n\t\t\t\t\t\t\t<a class=\"e-gallery-item elementor-gallery-item elementor-animated-content\" href=\"https:\/\/www.jslvedacoes.com.br\/site\/wp-content\/uploads\/2024\/09\/img-reserva-galeria.jpg\" data-elementor-open-lightbox=\"yes\" data-elementor-lightbox-slideshow=\"cd8eb5d\" data-elementor-lightbox-title=\"img-reserva-galeria\" data-e-action-hash=\"#elementor-action%3Aaction%3Dlightbox%26settings%3DeyJpZCI6NDQ1LCJ1cmwiOiJodHRwczpcL1wvd3d3LmpzbHZlZGFjb2VzLmNvbS5iclwvc2l0ZVwvd3AtY29udGVudFwvdXBsb2Fkc1wvMjAyNFwvMDlcL2ltZy1yZXNlcnZhLWdhbGVyaWEuanBnIiwic2xpZGVzaG93IjoiY2Q4ZWI1ZCJ9\">\n\t\t\t\t\t<div class=\"e-gallery-image elementor-gallery-item__image\" data-thumbnail=\"https:\/\/www.jslvedacoes.com.br\/site\/wp-content\/uploads\/2024\/09\/img-reserva-galeria-300x300.jpg\" data-width=\"300\" data-height=\"300\" aria-label=\"\" role=\"img\" ><\/div>\n\t\t\t\t\t\t\t\t\t\t\t\t\t\t<\/a>\n\t\t\t\t\t<\/div>\n\t\t\t\t\t<\/div>\n\t\t\t\t<\/div>\n\t\t\t\t\t<\/div>\n\t\t\t\t<\/div>\n\t\t\t\t<\/div>\n\t\t<div class=\"elementor-element elementor-element-1b1adb2 e-flex e-con-boxed e-con e-parent\" data-id=\"1b1adb2\" data-element_type=\"container\" data-settings=\"{&quot;background_background&quot;:&quot;classic&quot;}\">\n\t\t\t\t\t<div class=\"e-con-inner\">\n\t\t\t\t<div class=\"elementor-element elementor-element-3fd45a4 elementor-widget elementor-widget-button\" data-id=\"3fd45a4\" data-element_type=\"widget\" data-widget_type=\"button.default\">\n\t\t\t\t\t\t\t\t\t\t<a class=\"elementor-button elementor-button-link elementor-size-sm\" href=\"#elementor-action%3Aaction%3Dpopup%3Aopen%26settings%3DeyJpZCI6IjExNzQiLCJ0b2dnbGUiOmZhbHNlfQ%3D%3D\">\n\t\t\t\t\t\t<span class=\"elementor-button-content-wrapper\">\n\t\t\t\t\t\t\t\t\t<span class=\"elementor-button-text\">Fale com um de nossos especialistas<\/span>\n\t\t\t\t\t<\/span>\n\t\t\t\t\t<\/a>\n\t\t\t\t\t\t\t\t<\/div>\n\t\t\t\t\t<\/div>\n\t\t\t\t<\/div>\n\t\t\t\t<\/div>\n\t\t","protected":false},"excerpt":{"rendered":"<p>Nossos Produtos Veda\u00e7\u00f5es para haste s\u00e3o componentes utilizados em sistemas hidr\u00e1ulicos e pneum\u00e1ticos para impedir o vazamento de fluidos (como \u00f3leos ou ar comprimido) ao longo da haste do cilindro durante o movimento linear. Elas desempenham um papel fundamental na efici\u00eancia e durabilidade do sistema, garantindo que o fluido permane\u00e7a dentro do cilindro enquanto a [&hellip;]<\/p>\n","protected":false},"author":1,"featured_media":1072,"parent":30,"menu_order":0,"comment_status":"closed","ping_status":"closed","template":"","meta":{"footnotes":""},"class_list":["post-554","page","type-page","status-publish","has-post-thumbnail","hentry"],"_links":{"self":[{"href":"https:\/\/www.jslvedacoes.com.br\/site\/wp-json\/wp\/v2\/pages\/554","targetHints":{"allow":["GET"]}}],"collection":[{"href":"https:\/\/www.jslvedacoes.com.br\/site\/wp-json\/wp\/v2\/pages"}],"about":[{"href":"https:\/\/www.jslvedacoes.com.br\/site\/wp-json\/wp\/v2\/types\/page"}],"author":[{"embeddable":true,"href":"https:\/\/www.jslvedacoes.com.br\/site\/wp-json\/wp\/v2\/users\/1"}],"replies":[{"embeddable":true,"href":"https:\/\/www.jslvedacoes.com.br\/site\/wp-json\/wp\/v2\/comments?post=554"}],"version-history":[{"count":23,"href":"https:\/\/www.jslvedacoes.com.br\/site\/wp-json\/wp\/v2\/pages\/554\/revisions"}],"predecessor-version":[{"id":1230,"href":"https:\/\/www.jslvedacoes.com.br\/site\/wp-json\/wp\/v2\/pages\/554\/revisions\/1230"}],"up":[{"embeddable":true,"href":"https:\/\/www.jslvedacoes.com.br\/site\/wp-json\/wp\/v2\/pages\/30"}],"wp:featuredmedia":[{"embeddable":true,"href":"https:\/\/www.jslvedacoes.com.br\/site\/wp-json\/wp\/v2\/media\/1072"}],"wp:attachment":[{"href":"https:\/\/www.jslvedacoes.com.br\/site\/wp-json\/wp\/v2\/media?parent=554"}],"curies":[{"name":"wp","href":"https:\/\/api.w.org\/{rel}","templated":true}]}}