{"id":562,"date":"2024-09-06T23:33:02","date_gmt":"2024-09-07T02:33:02","guid":{"rendered":"http:\/\/localhost\/ohka\/jsl\/?page_id=562"},"modified":"2025-04-03T12:51:41","modified_gmt":"2025-04-03T15:51:41","slug":"o-rings","status":"publish","type":"page","link":"https:\/\/www.jslvedacoes.com.br\/site\/produtos\/o-rings\/","title":{"rendered":"O-Rings"},"content":{"rendered":"\t\t<div data-elementor-type=\"wp-page\" data-elementor-id=\"562\" class=\"elementor elementor-562\" data-elementor-post-type=\"page\">\n\t\t\t\t<div class=\"elementor-element elementor-element-40e5625 e-flex e-con-boxed e-con e-parent\" data-id=\"40e5625\" data-element_type=\"container\" data-settings=\"{&quot;background_background&quot;:&quot;classic&quot;,&quot;background_motion_fx_motion_fx_scrolling&quot;:&quot;yes&quot;,&quot;background_motion_fx_scale_effect&quot;:&quot;yes&quot;,&quot;background_motion_fx_scale_direction&quot;:&quot;out-in&quot;,&quot;background_motion_fx_scale_speed&quot;:{&quot;unit&quot;:&quot;px&quot;,&quot;size&quot;:4,&quot;sizes&quot;:[]},&quot;background_motion_fx_scale_range&quot;:{&quot;unit&quot;:&quot;%&quot;,&quot;size&quot;:&quot;&quot;,&quot;sizes&quot;:{&quot;start&quot;:20,&quot;end&quot;:80}},&quot;background_motion_fx_devices&quot;:[&quot;desktop&quot;,&quot;tablet&quot;,&quot;mobile&quot;]}\">\n\t\t\t\t\t<div class=\"e-con-inner\">\n\t\t\t\t<div class=\"elementor-element elementor-element-b5c84b1 elementor-widget elementor-widget-heading\" data-id=\"b5c84b1\" data-element_type=\"widget\" data-widget_type=\"heading.default\">\n\t\t\t\t\t<h1 class=\"elementor-heading-title elementor-size-default\">Nossos Produtos<\/h1>\t\t\t\t<\/div>\n\t\t\t\t\t<\/div>\n\t\t\t\t<\/div>\n\t\t<div class=\"elementor-element elementor-element-03c2b5f e-con-full e-flex e-con e-parent\" data-id=\"03c2b5f\" data-element_type=\"container\" data-settings=\"{&quot;background_background&quot;:&quot;classic&quot;}\">\n\t\t<div class=\"elementor-element elementor-element-e961b14 e-flex e-con-boxed e-con e-child\" data-id=\"e961b14\" data-element_type=\"container\">\n\t\t\t\t\t<div class=\"e-con-inner\">\n\t\t\t\t<div class=\"elementor-element elementor-element-55a404b elementor-widget-divider--view-line elementor-widget elementor-widget-divider\" data-id=\"55a404b\" data-element_type=\"widget\" data-widget_type=\"divider.default\">\n\t\t\t\t\t\t\t<div class=\"elementor-divider\">\n\t\t\t<span class=\"elementor-divider-separator\">\n\t\t\t\t\t\t<\/span>\n\t\t<\/div>\n\t\t\t\t\t\t<\/div>\n\t\t\t\t\t<\/div>\n\t\t\t\t<\/div>\n\t\t<div class=\"elementor-element elementor-element-9fb1f65 e-flex e-con-boxed e-con e-child\" data-id=\"9fb1f65\" data-element_type=\"container\">\n\t\t\t\t\t<div class=\"e-con-inner\">\n\t\t<div class=\"elementor-element elementor-element-f6da807 e-con-full e-flex e-con e-child\" data-id=\"f6da807\" data-element_type=\"container\">\n\t\t\t\t<div class=\"elementor-element elementor-element-4b2ed64 elementor-widget elementor-widget-text-editor\" data-id=\"4b2ed64\" data-element_type=\"widget\" data-widget_type=\"text-editor.default\">\n\t\t\t\t\t\t\t\t\t<p><span style=\"font-weight: 400;\">Os <\/span><b>an\u00e9is O-Rings<\/b><span style=\"font-weight: 400;\"> s\u00e3o um dos elementos de veda\u00e7\u00e3o mais utilizados em diversos tipos de equipamentos e sistemas industriais. Sua popularidade vem de sua simplicidade, efici\u00eancia e custo-benef\u00edcio. Eles t\u00eam uma forma circular, com uma se\u00e7\u00e3o transversal em forma de c\u00edrculo, parecendo a letra &#8220;O&#8221;, da\u00ed o nome.<\/span><\/p><p><b>Caracter\u00edsticas dos O-Rings:<\/b><\/p><ol><li style=\"font-weight: 400;\" aria-level=\"1\"><b>Forma e Estrutura<\/b><span style=\"font-weight: 400;\">:<\/span><ul><li style=\"font-weight: 400;\" aria-level=\"2\"><span style=\"font-weight: 400;\">S\u00e3o geralmente feitos de materiais elastom\u00e9ricos (borrachas sint\u00e9ticas ou naturais), mas podem ser encontrados em outros materiais, como teflon ou silicone, para aplica\u00e7\u00f5es espec\u00edficas.<\/span><\/li><li style=\"font-weight: 400;\" aria-level=\"2\"><span style=\"font-weight: 400;\">Projetados para compress\u00e3o e veda\u00e7\u00e3o em superf\u00edcies est\u00e1ticas ou din\u00e2micas.<\/span><\/li><\/ul><\/li><li style=\"font-weight: 400;\" aria-level=\"1\"><b>Fun\u00e7\u00e3o<\/b><span style=\"font-weight: 400;\">:<\/span><ul><li style=\"font-weight: 400;\" aria-level=\"2\"><span style=\"font-weight: 400;\">Vedam sistemas para evitar vazamentos de l\u00edquidos ou gases.<\/span><\/li><li style=\"font-weight: 400;\" aria-level=\"2\"><span style=\"font-weight: 400;\">Suportam altas press\u00f5es e temperaturas vari\u00e1veis, dependendo do material utilizado.<\/span><\/li><\/ul><\/li><\/ol><p><b>Materiais Comuns:<\/b><\/p><ul><li style=\"font-weight: 400;\" aria-level=\"1\"><b>NBR (Borracha Nitr\u00edlica)<\/b><span style=\"font-weight: 400;\">: Boa resist\u00eancia a \u00f3leos, graxas e combust\u00edveis.<\/span><\/li><li style=\"font-weight: 400;\" aria-level=\"1\"><b>EPDM<\/b><span style=\"font-weight: 400;\">: Resistente a intemp\u00e9ries, oz\u00f4nio, vapor e \u00e1gua quente, mas n\u00e3o \u00e9 indicado para uso com \u00f3leos.<\/span><\/li><li style=\"font-weight: 400;\" aria-level=\"1\"><b>Viton (FKM)<\/b><span style=\"font-weight: 400;\">: Excelente para altas temperaturas e resist\u00eancia qu\u00edmica.<\/span><\/li><li style=\"font-weight: 400;\" aria-level=\"1\"><b>Silicone<\/b><span style=\"font-weight: 400;\">: Flex\u00edvel em temperaturas extremas, mas com menor resist\u00eancia mec\u00e2nica.<\/span><\/li><li style=\"font-weight: 400;\" aria-level=\"1\"><b>PTFE (Teflon)<\/b><span style=\"font-weight: 400;\">: Resistente a produtos qu\u00edmicos agressivos e altas temperaturas, mas com menos elasticidade.<\/span><\/li><\/ul><p><b>Aplica\u00e7\u00f5es:<\/b><\/p><p><span style=\"font-weight: 400;\">Os O-Rings s\u00e3o usados em uma ampla gama de aplica\u00e7\u00f5es, incluindo:<\/span><\/p><ul><li style=\"font-weight: 400;\" aria-level=\"1\"><b>Hidr\u00e1ulica e pneum\u00e1tica<\/b><span style=\"font-weight: 400;\">: Para veda\u00e7\u00e3o de cilindros, v\u00e1lvulas e bombas.<\/span><\/li><li style=\"font-weight: 400;\" aria-level=\"1\"><b>Automotivo<\/b><span style=\"font-weight: 400;\">: Veda\u00e7\u00e3o de motores, sistemas de ar-condicionado e freios.<\/span><\/li><li style=\"font-weight: 400;\" aria-level=\"1\"><b>Ind\u00fastria qu\u00edmica<\/b><span style=\"font-weight: 400;\">: Veda\u00e7\u00e3o em tubula\u00e7\u00f5es e equipamentos sujeitos a agentes qu\u00edmicos agressivos.<\/span><\/li><li style=\"font-weight: 400;\" aria-level=\"1\"><b>Equipamentos m\u00e9dicos e aliment\u00edcios<\/b><span style=\"font-weight: 400;\">: Uso em sistemas que requerem materiais seguros e inertes.<\/span><\/li><\/ul><p><b>Tipos de Veda\u00e7\u00e3o:<\/b><\/p><ol><li style=\"font-weight: 400;\" aria-level=\"1\"><b>Est\u00e1tica<\/b><span style=\"font-weight: 400;\">: Quando o O-Ring \u00e9 comprimido entre duas superf\u00edcies fixas.<\/span><\/li><li style=\"font-weight: 400;\" aria-level=\"1\"><b>Din\u00e2mica<\/b><span style=\"font-weight: 400;\">: Em superf\u00edcies m\u00f3veis, como pist\u00f5es e eixos rotativos.<\/span><\/li><\/ol><p><b>Vantagens:<\/b><\/p><ul><li style=\"font-weight: 400;\" aria-level=\"1\"><span style=\"font-weight: 400;\">Simples de instalar.<\/span><\/li><li style=\"font-weight: 400;\" aria-level=\"1\"><span style=\"font-weight: 400;\">Econ\u00f4micos.<\/span><\/li><li style=\"font-weight: 400;\" aria-level=\"1\"><span style=\"font-weight: 400;\">Compactos e vers\u00e1teis.<\/span><\/li><li style=\"font-weight: 400;\" aria-level=\"1\"><span style=\"font-weight: 400;\">Alta capacidade de veda\u00e7\u00e3o mesmo em condi\u00e7\u00f5es adversas.<\/span><\/li><\/ul><p><b>Cuidados ao Usar:<\/b><\/p><ul><li style=\"font-weight: 400;\" aria-level=\"1\"><span style=\"font-weight: 400;\">Escolha o material adequado para a aplica\u00e7\u00e3o.<\/span><\/li><li style=\"font-weight: 400;\" aria-level=\"1\"><span style=\"font-weight: 400;\">Certifique-se de que o O-Ring est\u00e1 no tamanho correto.<\/span><\/li><li style=\"font-weight: 400;\" aria-level=\"1\"><span style=\"font-weight: 400;\">Lubrifica\u00e7\u00e3o pode ser necess\u00e1ria para reduzir atrito em aplica\u00e7\u00f5es din\u00e2micas.<\/span><\/li><li style=\"font-weight: 400;\" aria-level=\"1\"><span style=\"font-weight: 400;\">Evite cortes ou danos durante a instala\u00e7\u00e3o.<\/span><\/li><\/ul>\t\t\t\t\t\t\t\t<\/div>\n\t\t\t\t<\/div>\n\t\t<div class=\"elementor-element elementor-element-a515e43 e-con-full e-flex e-con e-child\" data-id=\"a515e43\" data-element_type=\"container\">\n\t\t\t\t<div class=\"elementor-element elementor-element-4c04743 elementor-skin-carousel elementor-arrows-yes elementor-widget elementor-widget-media-carousel\" data-id=\"4c04743\" data-element_type=\"widget\" data-settings=\"{&quot;slides_per_view&quot;:&quot;1&quot;,&quot;slides_to_scroll&quot;:&quot;1&quot;,&quot;lazyload&quot;:&quot;yes&quot;,&quot;skin&quot;:&quot;carousel&quot;,&quot;effect&quot;:&quot;slide&quot;,&quot;show_arrows&quot;:&quot;yes&quot;,&quot;speed&quot;:500,&quot;loop&quot;:&quot;yes&quot;,&quot;space_between&quot;:{&quot;unit&quot;:&quot;px&quot;,&quot;size&quot;:10,&quot;sizes&quot;:[]},&quot;space_between_tablet&quot;:{&quot;unit&quot;:&quot;px&quot;,&quot;size&quot;:10,&quot;sizes&quot;:[]},&quot;space_between_mobile&quot;:{&quot;unit&quot;:&quot;px&quot;,&quot;size&quot;:10,&quot;sizes&quot;:[]}}\" data-widget_type=\"media-carousel.default\">\n\t\t\t\t\t\t\t\t\t\t<div class=\"elementor-main-swiper swiper\" role=\"region\" aria-roledescription=\"carousel\" aria-label=\"Slides\">\n\t\t\t\t<div class=\"swiper-wrapper\">\n\t\t\t\t\t\t\t\t\t\t\t<div class=\"swiper-slide\" role=\"group\" aria-roledescription=\"slide\">\n\t\t\t\t\t\t\t\t\t<div class=\"elementor-carousel-image swiper-lazy\" role=\"img\" aria-label=\"orings-1\" data-background=\"https:\/\/www.jslvedacoes.com.br\/site\/wp-content\/uploads\/2025\/03\/orings-1.jpg\">\n\n\t\t\t\t\t\t\t<div class=\"swiper-lazy-preloader\"><\/div>\n\t\t\t\n\t\t\t\t\t<\/div>\n\t\t\t\t\t\t\t\t<\/div>\n\t\t\t\t\t\t\t\t\t\t\t<div class=\"swiper-slide\" role=\"group\" aria-roledescription=\"slide\">\n\t\t\t\t\t\t\t\t\t<div class=\"elementor-carousel-image swiper-lazy\" role=\"img\" aria-label=\"orings-2\" data-background=\"https:\/\/www.jslvedacoes.com.br\/site\/wp-content\/uploads\/2025\/03\/orings-2.jpg\">\n\n\t\t\t\t\t\t\t<div class=\"swiper-lazy-preloader\"><\/div>\n\t\t\t\n\t\t\t\t\t<\/div>\n\t\t\t\t\t\t\t\t<\/div>\n\t\t\t\t\t\t\t\t\t<\/div>\n\t\t\t\t\t\t\t\t\t\t\t\t\t\t\t<div class=\"elementor-swiper-button elementor-swiper-button-prev\" role=\"button\" tabindex=\"0\" aria-label=\"Previous\">\n\t\t\t\t\t\t\t<svg aria-hidden=\"true\" class=\"e-font-icon-svg e-eicon-chevron-left\" viewBox=\"0 0 1000 1000\" xmlns=\"http:\/\/www.w3.org\/2000\/svg\"><path d=\"M646 125C629 125 613 133 604 142L308 442C296 454 292 471 292 487 292 504 296 521 308 533L604 854C617 867 629 875 646 875 663 875 679 871 692 858 704 846 713 829 713 812 713 796 708 779 692 767L438 487 692 225C700 217 708 204 708 187 708 171 704 154 692 142 675 129 663 125 646 125Z\"><\/path><\/svg>\t\t\t\t\t\t<\/div>\n\t\t\t\t\t\t<div class=\"elementor-swiper-button elementor-swiper-button-next\" role=\"button\" tabindex=\"0\" aria-label=\"Next\">\n\t\t\t\t\t\t\t<svg aria-hidden=\"true\" class=\"e-font-icon-svg e-eicon-chevron-right\" viewBox=\"0 0 1000 1000\" xmlns=\"http:\/\/www.w3.org\/2000\/svg\"><path d=\"M696 533C708 521 713 504 713 487 713 471 708 454 696 446L400 146C388 133 375 125 354 125 338 125 325 129 313 142 300 154 292 171 292 187 292 204 296 221 308 233L563 492 304 771C292 783 288 800 288 817 288 833 296 850 308 863 321 871 338 875 354 875 371 875 388 867 400 854L696 533Z\"><\/path><\/svg>\t\t\t\t\t\t<\/div>\n\t\t\t\t\t\t\t\t\t\t\t\t\t\t\t\t\t<\/div>\n\t\t\t\t\t\t\t\t<\/div>\n\t\t\t\t<\/div>\n\t\t\t\t\t<\/div>\n\t\t\t\t<\/div>\n\t\t\t\t<\/div>\n\t\t<div class=\"elementor-element elementor-element-8de6704 e-con-full elementor-hidden-desktop elementor-hidden-tablet elementor-hidden-mobile e-flex e-con e-parent\" data-id=\"8de6704\" data-element_type=\"container\" data-settings=\"{&quot;background_background&quot;:&quot;classic&quot;}\">\n\t\t<div class=\"elementor-element elementor-element-b10ad35 e-flex e-con-boxed e-con e-child\" data-id=\"b10ad35\" data-element_type=\"container\">\n\t\t\t\t\t<div class=\"e-con-inner\">\n\t\t\t\t<div class=\"elementor-element elementor-element-a9ef2d2 elementor-widget elementor-widget-heading\" data-id=\"a9ef2d2\" data-element_type=\"widget\" data-widget_type=\"heading.default\">\n\t\t\t\t\t<h1 class=\"elementor-heading-title elementor-size-default\">Fun\u00e7\u00e3o<\/h1>\t\t\t\t<\/div>\n\t\t\t\t<div class=\"elementor-element elementor-element-6ace06e elementor-widget-divider--view-line elementor-widget elementor-widget-divider\" data-id=\"6ace06e\" data-element_type=\"widget\" data-widget_type=\"divider.default\">\n\t\t\t\t\t\t\t<div class=\"elementor-divider\">\n\t\t\t<span class=\"elementor-divider-separator\">\n\t\t\t\t\t\t<\/span>\n\t\t<\/div>\n\t\t\t\t\t\t<\/div>\n\t\t<div class=\"elementor-element elementor-element-57d97f2 e-con-full e-flex e-con e-child\" data-id=\"57d97f2\" data-element_type=\"container\">\n\t\t<div class=\"elementor-element elementor-element-ce325de e-con-full e-flex e-con e-child\" data-id=\"ce325de\" data-element_type=\"container\">\n\t\t\t\t<div class=\"elementor-element elementor-element-9f71a80 elementor-view-default elementor-widget elementor-widget-icon\" data-id=\"9f71a80\" data-element_type=\"widget\" data-widget_type=\"icon.default\">\n\t\t\t\t\t\t\t<div class=\"elementor-icon-wrapper\">\n\t\t\t<div class=\"elementor-icon\">\n\t\t\t<svg aria-hidden=\"true\" class=\"e-font-icon-svg e-fas-search\" viewBox=\"0 0 512 512\" xmlns=\"http:\/\/www.w3.org\/2000\/svg\"><path d=\"M505 442.7L405.3 343c-4.5-4.5-10.6-7-17-7H372c27.6-35.3 44-79.7 44-128C416 93.1 322.9 0 208 0S0 93.1 0 208s93.1 208 208 208c48.3 0 92.7-16.4 128-44v16.3c0 6.4 2.5 12.5 7 17l99.7 99.7c9.4 9.4 24.6 9.4 33.9 0l28.3-28.3c9.4-9.4 9.4-24.6.1-34zM208 336c-70.7 0-128-57.2-128-128 0-70.7 57.2-128 128-128 70.7 0 128 57.2 128 128 0 70.7-57.2 128-128 128z\"><\/path><\/svg>\t\t\t<\/div>\n\t\t<\/div>\n\t\t\t\t\t\t<\/div>\n\t\t\t\t<\/div>\n\t\t<div class=\"elementor-element elementor-element-961c8f8 e-con-full e-flex e-con e-child\" data-id=\"961c8f8\" data-element_type=\"container\">\n\t\t\t\t<div class=\"elementor-element elementor-element-19dba22 elementor-widget elementor-widget-text-editor\" data-id=\"19dba22\" data-element_type=\"widget\" data-widget_type=\"text-editor.default\">\n\t\t\t\t\t\t\t\t\t<p>Lorem ipsum dolor sit amet, consectetur adipiscing elit. Ut elit tellus, luctus nec ullamcorper mattis, pulvinar dapibus leo. Lorem ipsum dolor sit amet, consectetur adipiscing elit. Ut elit tellus, luctus nec ullamcorper mattis, pulvinar dapibus leo.<\/p>\t\t\t\t\t\t\t\t<\/div>\n\t\t\t\t<\/div>\n\t\t\t\t<\/div>\n\t\t<div class=\"elementor-element elementor-element-23d55f5 e-con-full e-flex e-con e-child\" data-id=\"23d55f5\" data-element_type=\"container\">\n\t\t<div class=\"elementor-element elementor-element-3c88620 e-con-full e-flex e-con e-child\" data-id=\"3c88620\" data-element_type=\"container\">\n\t\t\t\t<div class=\"elementor-element elementor-element-637ff4f elementor-view-default elementor-widget elementor-widget-icon\" data-id=\"637ff4f\" data-element_type=\"widget\" data-widget_type=\"icon.default\">\n\t\t\t\t\t\t\t<div class=\"elementor-icon-wrapper\">\n\t\t\t<div class=\"elementor-icon\">\n\t\t\t<svg aria-hidden=\"true\" class=\"e-font-icon-svg e-fas-search\" viewBox=\"0 0 512 512\" xmlns=\"http:\/\/www.w3.org\/2000\/svg\"><path d=\"M505 442.7L405.3 343c-4.5-4.5-10.6-7-17-7H372c27.6-35.3 44-79.7 44-128C416 93.1 322.9 0 208 0S0 93.1 0 208s93.1 208 208 208c48.3 0 92.7-16.4 128-44v16.3c0 6.4 2.5 12.5 7 17l99.7 99.7c9.4 9.4 24.6 9.4 33.9 0l28.3-28.3c9.4-9.4 9.4-24.6.1-34zM208 336c-70.7 0-128-57.2-128-128 0-70.7 57.2-128 128-128 70.7 0 128 57.2 128 128 0 70.7-57.2 128-128 128z\"><\/path><\/svg>\t\t\t<\/div>\n\t\t<\/div>\n\t\t\t\t\t\t<\/div>\n\t\t\t\t<\/div>\n\t\t<div class=\"elementor-element elementor-element-69a2866 e-con-full e-flex e-con e-child\" data-id=\"69a2866\" data-element_type=\"container\">\n\t\t\t\t<div class=\"elementor-element elementor-element-2086e65 elementor-widget elementor-widget-text-editor\" data-id=\"2086e65\" data-element_type=\"widget\" data-widget_type=\"text-editor.default\">\n\t\t\t\t\t\t\t\t\t<p>Lorem ipsum dolor sit amet, consectetur adipiscing elit. Ut elit tellus, luctus nec ullamcorper mattis, pulvinar dapibus leo. Lorem ipsum dolor sit amet, consectetur adipiscing elit. Ut elit tellus, luctus nec ullamcorper mattis, pulvinar dapibus leo.<\/p>\t\t\t\t\t\t\t\t<\/div>\n\t\t\t\t<\/div>\n\t\t\t\t<\/div>\n\t\t<div class=\"elementor-element elementor-element-5983de2 e-con-full e-flex e-con e-child\" data-id=\"5983de2\" data-element_type=\"container\">\n\t\t<div class=\"elementor-element elementor-element-53238c5 e-con-full e-flex e-con e-child\" data-id=\"53238c5\" data-element_type=\"container\">\n\t\t\t\t<div class=\"elementor-element elementor-element-ab5607b elementor-view-default elementor-widget elementor-widget-icon\" data-id=\"ab5607b\" data-element_type=\"widget\" data-widget_type=\"icon.default\">\n\t\t\t\t\t\t\t<div class=\"elementor-icon-wrapper\">\n\t\t\t<div class=\"elementor-icon\">\n\t\t\t<svg aria-hidden=\"true\" class=\"e-font-icon-svg e-fas-search\" viewBox=\"0 0 512 512\" xmlns=\"http:\/\/www.w3.org\/2000\/svg\"><path d=\"M505 442.7L405.3 343c-4.5-4.5-10.6-7-17-7H372c27.6-35.3 44-79.7 44-128C416 93.1 322.9 0 208 0S0 93.1 0 208s93.1 208 208 208c48.3 0 92.7-16.4 128-44v16.3c0 6.4 2.5 12.5 7 17l99.7 99.7c9.4 9.4 24.6 9.4 33.9 0l28.3-28.3c9.4-9.4 9.4-24.6.1-34zM208 336c-70.7 0-128-57.2-128-128 0-70.7 57.2-128 128-128 70.7 0 128 57.2 128 128 0 70.7-57.2 128-128 128z\"><\/path><\/svg>\t\t\t<\/div>\n\t\t<\/div>\n\t\t\t\t\t\t<\/div>\n\t\t\t\t<\/div>\n\t\t<div class=\"elementor-element elementor-element-c3c8a4d e-con-full e-flex e-con e-child\" data-id=\"c3c8a4d\" data-element_type=\"container\">\n\t\t\t\t<div class=\"elementor-element elementor-element-583f366 elementor-widget elementor-widget-text-editor\" data-id=\"583f366\" data-element_type=\"widget\" data-widget_type=\"text-editor.default\">\n\t\t\t\t\t\t\t\t\t<p>Lorem ipsum dolor sit amet, consectetur adipiscing elit. Ut elit tellus, luctus nec ullamcorper mattis, pulvinar dapibus leo. Lorem ipsum dolor sit amet, consectetur adipiscing elit. Ut elit tellus, luctus nec ullamcorper mattis, pulvinar dapibus leo.<\/p>\t\t\t\t\t\t\t\t<\/div>\n\t\t\t\t<\/div>\n\t\t\t\t<\/div>\n\t\t<div class=\"elementor-element elementor-element-16964d1 e-con-full e-flex e-con e-child\" data-id=\"16964d1\" data-element_type=\"container\">\n\t\t<div class=\"elementor-element elementor-element-414fec1 e-con-full e-flex e-con e-child\" data-id=\"414fec1\" data-element_type=\"container\">\n\t\t\t\t<div class=\"elementor-element elementor-element-e4db2b6 elementor-view-default elementor-widget elementor-widget-icon\" data-id=\"e4db2b6\" data-element_type=\"widget\" data-widget_type=\"icon.default\">\n\t\t\t\t\t\t\t<div class=\"elementor-icon-wrapper\">\n\t\t\t<div class=\"elementor-icon\">\n\t\t\t<svg aria-hidden=\"true\" class=\"e-font-icon-svg e-fas-search\" viewBox=\"0 0 512 512\" xmlns=\"http:\/\/www.w3.org\/2000\/svg\"><path d=\"M505 442.7L405.3 343c-4.5-4.5-10.6-7-17-7H372c27.6-35.3 44-79.7 44-128C416 93.1 322.9 0 208 0S0 93.1 0 208s93.1 208 208 208c48.3 0 92.7-16.4 128-44v16.3c0 6.4 2.5 12.5 7 17l99.7 99.7c9.4 9.4 24.6 9.4 33.9 0l28.3-28.3c9.4-9.4 9.4-24.6.1-34zM208 336c-70.7 0-128-57.2-128-128 0-70.7 57.2-128 128-128 70.7 0 128 57.2 128 128 0 70.7-57.2 128-128 128z\"><\/path><\/svg>\t\t\t<\/div>\n\t\t<\/div>\n\t\t\t\t\t\t<\/div>\n\t\t\t\t<\/div>\n\t\t<div class=\"elementor-element elementor-element-5546c3e e-con-full e-flex e-con e-child\" data-id=\"5546c3e\" data-element_type=\"container\">\n\t\t\t\t<div class=\"elementor-element elementor-element-dedb48d elementor-widget elementor-widget-text-editor\" data-id=\"dedb48d\" data-element_type=\"widget\" data-widget_type=\"text-editor.default\">\n\t\t\t\t\t\t\t\t\t<p>Lorem ipsum dolor sit amet, consectetur adipiscing elit. Ut elit tellus, luctus nec ullamcorper mattis, pulvinar dapibus leo. Lorem ipsum dolor sit amet, consectetur adipiscing elit. Ut elit tellus, luctus nec ullamcorper mattis, pulvinar dapibus leo.<\/p>\t\t\t\t\t\t\t\t<\/div>\n\t\t\t\t<\/div>\n\t\t\t\t<\/div>\n\t\t\t\t\t<\/div>\n\t\t\t\t<\/div>\n\t\t\t\t<\/div>\n\t\t<div class=\"elementor-element elementor-element-ed5fb47 e-con-full elementor-hidden-desktop elementor-hidden-tablet elementor-hidden-mobile e-flex e-con e-parent\" data-id=\"ed5fb47\" data-element_type=\"container\" data-settings=\"{&quot;background_background&quot;:&quot;classic&quot;}\">\n\t\t<div class=\"elementor-element elementor-element-2d71145 e-flex e-con-boxed e-con e-child\" data-id=\"2d71145\" data-element_type=\"container\">\n\t\t\t\t\t<div class=\"e-con-inner\">\n\t\t\t\t<div class=\"elementor-element elementor-element-a511d8c elementor-widget elementor-widget-heading\" data-id=\"a511d8c\" data-element_type=\"widget\" data-widget_type=\"heading.default\">\n\t\t\t\t\t<h1 class=\"elementor-heading-title elementor-size-default\">Modelos<\/h1>\t\t\t\t<\/div>\n\t\t\t\t<div class=\"elementor-element elementor-element-88b4120 elementor-widget-divider--view-line elementor-widget elementor-widget-divider\" data-id=\"88b4120\" data-element_type=\"widget\" data-widget_type=\"divider.default\">\n\t\t\t\t\t\t\t<div class=\"elementor-divider\">\n\t\t\t<span class=\"elementor-divider-separator\">\n\t\t\t\t\t\t<\/span>\n\t\t<\/div>\n\t\t\t\t\t\t<\/div>\n\t\t<div class=\"elementor-element elementor-element-49d992c e-con-full e-flex e-con e-child\" data-id=\"49d992c\" data-element_type=\"container\">\n\t\t\t\t<div class=\"elementor-element elementor-element-5ac51d3 elementor-widget elementor-widget-gallery\" data-id=\"5ac51d3\" data-element_type=\"widget\" data-settings=\"{&quot;gap&quot;:{&quot;unit&quot;:&quot;px&quot;,&quot;size&quot;:30,&quot;sizes&quot;:[]},&quot;aspect_ratio&quot;:&quot;1:1&quot;,&quot;gallery_layout&quot;:&quot;grid&quot;,&quot;columns&quot;:4,&quot;columns_tablet&quot;:2,&quot;columns_mobile&quot;:1,&quot;gap_tablet&quot;:{&quot;unit&quot;:&quot;px&quot;,&quot;size&quot;:10,&quot;sizes&quot;:[]},&quot;gap_mobile&quot;:{&quot;unit&quot;:&quot;px&quot;,&quot;size&quot;:10,&quot;sizes&quot;:[]},&quot;link_to&quot;:&quot;file&quot;,&quot;content_hover_animation&quot;:&quot;fade-in&quot;}\" data-widget_type=\"gallery.default\">\n\t\t\t\t\t\t\t<div class=\"elementor-gallery__container\">\n\t\t\t\t\t\t\t<a class=\"e-gallery-item elementor-gallery-item elementor-animated-content\" href=\"https:\/\/www.jslvedacoes.com.br\/site\/wp-content\/uploads\/2024\/08\/steel-pipelines-cables-plant.jpg\" data-elementor-open-lightbox=\"yes\" data-elementor-lightbox-slideshow=\"5ac51d3\" data-elementor-lightbox-title=\"steel-pipelines-cables-plant\" data-e-action-hash=\"#elementor-action%3Aaction%3Dlightbox%26settings%3DeyJpZCI6MTU1LCJ1cmwiOiJodHRwczpcL1wvd3d3LmpzbHZlZGFjb2VzLmNvbS5iclwvc2l0ZVwvd3AtY29udGVudFwvdXBsb2Fkc1wvMjAyNFwvMDhcL3N0ZWVsLXBpcGVsaW5lcy1jYWJsZXMtcGxhbnQuanBnIiwic2xpZGVzaG93IjoiNWFjNTFkMyJ9\">\n\t\t\t\t\t<div class=\"e-gallery-image elementor-gallery-item__image\" data-thumbnail=\"https:\/\/www.jslvedacoes.com.br\/site\/wp-content\/uploads\/2024\/08\/steel-pipelines-cables-plant-300x300.jpg\" data-width=\"300\" data-height=\"300\" aria-label=\"\" role=\"img\" ><\/div>\n\t\t\t\t\t\t\t\t\t\t\t\t\t\t<\/a>\n\t\t\t\t\t\t\t<a class=\"e-gallery-item elementor-gallery-item elementor-animated-content\" href=\"https:\/\/www.jslvedacoes.com.br\/site\/wp-content\/uploads\/2024\/09\/img-reserva-galeria.jpg\" data-elementor-open-lightbox=\"yes\" data-elementor-lightbox-slideshow=\"5ac51d3\" data-elementor-lightbox-title=\"img-reserva-galeria\" data-e-action-hash=\"#elementor-action%3Aaction%3Dlightbox%26settings%3DeyJpZCI6NDQ1LCJ1cmwiOiJodHRwczpcL1wvd3d3LmpzbHZlZGFjb2VzLmNvbS5iclwvc2l0ZVwvd3AtY29udGVudFwvdXBsb2Fkc1wvMjAyNFwvMDlcL2ltZy1yZXNlcnZhLWdhbGVyaWEuanBnIiwic2xpZGVzaG93IjoiNWFjNTFkMyJ9\">\n\t\t\t\t\t<div class=\"e-gallery-image elementor-gallery-item__image\" data-thumbnail=\"https:\/\/www.jslvedacoes.com.br\/site\/wp-content\/uploads\/2024\/09\/img-reserva-galeria-300x300.jpg\" data-width=\"300\" data-height=\"300\" aria-label=\"\" role=\"img\" ><\/div>\n\t\t\t\t\t\t\t\t\t\t\t\t\t\t<\/a>\n\t\t\t\t\t<\/div>\n\t\t\t\t\t<\/div>\n\t\t\t\t<\/div>\n\t\t\t\t\t<\/div>\n\t\t\t\t<\/div>\n\t\t\t\t<\/div>\n\t\t<div class=\"elementor-element elementor-element-e8bdb8f e-flex e-con-boxed e-con e-parent\" data-id=\"e8bdb8f\" data-element_type=\"container\" data-settings=\"{&quot;background_background&quot;:&quot;classic&quot;}\">\n\t\t\t\t\t<div class=\"e-con-inner\">\n\t\t\t\t<div class=\"elementor-element elementor-element-e41a119 elementor-widget elementor-widget-button\" data-id=\"e41a119\" data-element_type=\"widget\" data-widget_type=\"button.default\">\n\t\t\t\t\t\t\t\t\t\t<a class=\"elementor-button elementor-button-link elementor-size-sm\" href=\"#elementor-action%3Aaction%3Dpopup%3Aopen%26settings%3DeyJpZCI6IjExNzQiLCJ0b2dnbGUiOmZhbHNlfQ%3D%3D\">\n\t\t\t\t\t\t<span class=\"elementor-button-content-wrapper\">\n\t\t\t\t\t\t\t\t\t<span class=\"elementor-button-text\">Fale com um de nossos especialistas<\/span>\n\t\t\t\t\t<\/span>\n\t\t\t\t\t<\/a>\n\t\t\t\t\t\t\t\t<\/div>\n\t\t\t\t\t<\/div>\n\t\t\t\t<\/div>\n\t\t\t\t<\/div>\n\t\t","protected":false},"excerpt":{"rendered":"<p>Nossos Produtos Os an\u00e9is O-Rings s\u00e3o um dos elementos de veda\u00e7\u00e3o mais utilizados em diversos tipos de equipamentos e sistemas industriais. Sua popularidade vem de sua simplicidade, efici\u00eancia e custo-benef\u00edcio. Eles t\u00eam uma forma circular, com uma se\u00e7\u00e3o transversal em forma de c\u00edrculo, parecendo a letra &#8220;O&#8221;, da\u00ed o nome. Caracter\u00edsticas dos O-Rings: Forma e [&hellip;]<\/p>\n","protected":false},"author":1,"featured_media":1055,"parent":30,"menu_order":0,"comment_status":"closed","ping_status":"closed","template":"","meta":{"footnotes":""},"class_list":["post-562","page","type-page","status-publish","has-post-thumbnail","hentry"],"_links":{"self":[{"href":"https:\/\/www.jslvedacoes.com.br\/site\/wp-json\/wp\/v2\/pages\/562","targetHints":{"allow":["GET"]}}],"collection":[{"href":"https:\/\/www.jslvedacoes.com.br\/site\/wp-json\/wp\/v2\/pages"}],"about":[{"href":"https:\/\/www.jslvedacoes.com.br\/site\/wp-json\/wp\/v2\/types\/page"}],"author":[{"embeddable":true,"href":"https:\/\/www.jslvedacoes.com.br\/site\/wp-json\/wp\/v2\/users\/1"}],"replies":[{"embeddable":true,"href":"https:\/\/www.jslvedacoes.com.br\/site\/wp-json\/wp\/v2\/comments?post=562"}],"version-history":[{"count":16,"href":"https:\/\/www.jslvedacoes.com.br\/site\/wp-json\/wp\/v2\/pages\/562\/revisions"}],"predecessor-version":[{"id":1221,"href":"https:\/\/www.jslvedacoes.com.br\/site\/wp-json\/wp\/v2\/pages\/562\/revisions\/1221"}],"up":[{"embeddable":true,"href":"https:\/\/www.jslvedacoes.com.br\/site\/wp-json\/wp\/v2\/pages\/30"}],"wp:featuredmedia":[{"embeddable":true,"href":"https:\/\/www.jslvedacoes.com.br\/site\/wp-json\/wp\/v2\/media\/1055"}],"wp:attachment":[{"href":"https:\/\/www.jslvedacoes.com.br\/site\/wp-json\/wp\/v2\/media?parent=562"}],"curies":[{"name":"wp","href":"https:\/\/api.w.org\/{rel}","templated":true}]}}