{"id":568,"date":"2024-09-06T23:34:46","date_gmt":"2024-09-07T02:34:46","guid":{"rendered":"http:\/\/localhost\/ohka\/jsl\/?page_id=568"},"modified":"2025-04-03T12:51:28","modified_gmt":"2025-04-03T15:51:28","slug":"kits-vedacoes-especiais","status":"publish","type":"page","link":"https:\/\/www.jslvedacoes.com.br\/site\/produtos\/kits-vedacoes-especiais\/","title":{"rendered":"Kits Veda\u00e7\u00f5es Especiais"},"content":{"rendered":"\t\t<div data-elementor-type=\"wp-page\" data-elementor-id=\"568\" class=\"elementor elementor-568\" data-elementor-post-type=\"page\">\n\t\t\t\t<div class=\"elementor-element elementor-element-f8a7b6f e-flex e-con-boxed e-con e-parent\" data-id=\"f8a7b6f\" data-element_type=\"container\" data-settings=\"{&quot;background_background&quot;:&quot;classic&quot;,&quot;background_motion_fx_motion_fx_scrolling&quot;:&quot;yes&quot;,&quot;background_motion_fx_scale_effect&quot;:&quot;yes&quot;,&quot;background_motion_fx_scale_direction&quot;:&quot;out-in&quot;,&quot;background_motion_fx_scale_speed&quot;:{&quot;unit&quot;:&quot;px&quot;,&quot;size&quot;:4,&quot;sizes&quot;:[]},&quot;background_motion_fx_scale_range&quot;:{&quot;unit&quot;:&quot;%&quot;,&quot;size&quot;:&quot;&quot;,&quot;sizes&quot;:{&quot;start&quot;:20,&quot;end&quot;:80}},&quot;background_motion_fx_devices&quot;:[&quot;desktop&quot;,&quot;tablet&quot;,&quot;mobile&quot;]}\">\n\t\t\t\t\t<div class=\"e-con-inner\">\n\t\t\t\t<div class=\"elementor-element elementor-element-864aa23 elementor-widget elementor-widget-heading\" data-id=\"864aa23\" data-element_type=\"widget\" data-widget_type=\"heading.default\">\n\t\t\t\t\t<h1 class=\"elementor-heading-title elementor-size-default\">Nossos Produtos<\/h1>\t\t\t\t<\/div>\n\t\t\t\t\t<\/div>\n\t\t\t\t<\/div>\n\t\t<div class=\"elementor-element elementor-element-266a995 e-con-full e-flex e-con e-parent\" data-id=\"266a995\" data-element_type=\"container\" data-settings=\"{&quot;background_background&quot;:&quot;classic&quot;}\">\n\t\t<div class=\"elementor-element elementor-element-0d75944 e-flex e-con-boxed e-con e-child\" data-id=\"0d75944\" data-element_type=\"container\">\n\t\t\t\t\t<div class=\"e-con-inner\">\n\t\t\t\t<div class=\"elementor-element elementor-element-fff7196 elementor-widget-divider--view-line elementor-widget elementor-widget-divider\" data-id=\"fff7196\" data-element_type=\"widget\" data-widget_type=\"divider.default\">\n\t\t\t\t\t\t\t<div class=\"elementor-divider\">\n\t\t\t<span class=\"elementor-divider-separator\">\n\t\t\t\t\t\t<\/span>\n\t\t<\/div>\n\t\t\t\t\t\t<\/div>\n\t\t\t\t\t<\/div>\n\t\t\t\t<\/div>\n\t\t<div class=\"elementor-element elementor-element-4865b9e e-flex e-con-boxed e-con e-child\" data-id=\"4865b9e\" data-element_type=\"container\">\n\t\t\t\t\t<div class=\"e-con-inner\">\n\t\t<div class=\"elementor-element elementor-element-cfa1ccf e-con-full e-flex e-con e-child\" data-id=\"cfa1ccf\" data-element_type=\"container\">\n\t\t\t\t<div class=\"elementor-element elementor-element-e53b1ec elementor-widget elementor-widget-text-editor\" data-id=\"e53b1ec\" data-element_type=\"widget\" data-widget_type=\"text-editor.default\">\n\t\t\t\t\t\t\t\t\t<p><span style=\"font-weight: 400;\">No mercado atual, onde a personaliza\u00e7\u00e3o e a efici\u00eancia s\u00e3o essenciais, a capacidade de desenvolver <\/span><b>kits de veda\u00e7\u00f5es especiais conforme amostras ou aplica\u00e7\u00f5es espec\u00edficas<\/b><span style=\"font-weight: 400;\"> \u00e9 um diferencial estrat\u00e9gico. Nossa empresa se destaca nessa \u00e1rea, oferecendo solu\u00e7\u00f5es sob medida para as necessidades \u00fanicas de cada cliente.<\/span><\/p><ul><li style=\"font-weight: 400;\" aria-level=\"1\"><b>Especialistas em Veda\u00e7\u00f5es<\/b><span style=\"font-weight: 400;\">: Nossa equipe possui vasta experi\u00eancia no desenvolvimento de solu\u00e7\u00f5es de veda\u00e7\u00e3o para uma ampla gama de ind\u00fastrias.<\/span><\/li><li style=\"font-weight: 400;\" aria-level=\"1\"><b>Compromisso com a Qualidade<\/b><span style=\"font-weight: 400;\">: Trabalhamos com materiais de alta performance, selecionados para atender aos mais rigorosos padr\u00f5es de durabilidade e efici\u00eancia.<\/span><\/li><\/ul><p><b>Inova\u00e7\u00e3o e Personaliza\u00e7\u00e3o<\/b><span style=\"font-weight: 400;\">: Investimos continuamente em tecnologia e conhecimento t\u00e9cnico para criar produtos que superem as expectativas.<\/span><\/p><ul><li style=\"font-weight: 400;\" aria-level=\"1\"><b>Desenvolvimento Sob Medida<\/b><span style=\"font-weight: 400;\">: Projetamos kits de veda\u00e7\u00f5es espec\u00edficos para cada aplica\u00e7\u00e3o, seja com base em amostras fornecidas pelo cliente ou nas exig\u00eancias t\u00e9cnicas do projeto.<\/span><\/li><li style=\"font-weight: 400;\" aria-level=\"1\"><b>Atendimento R\u00e1pido e Eficiente<\/b><span style=\"font-weight: 400;\">: Entregamos solu\u00e7\u00f5es prontas para instala\u00e7\u00e3o, reduzindo o tempo de parada de m\u00e1quinas e sistemas.<\/span><\/li><li style=\"font-weight: 400;\" aria-level=\"1\"><b>Versatilidade de Aplica\u00e7\u00f5es<\/b><span style=\"font-weight: 400;\">: Atendemos setores como:<\/span><ul><li style=\"font-weight: 400;\" aria-level=\"2\"><b>Automotivo<\/b><span style=\"font-weight: 400;\">: Sistemas de dire\u00e7\u00e3o hidr\u00e1ulica, freios, entre outros.<\/span><\/li><li style=\"font-weight: 400;\" aria-level=\"2\"><b>Ind\u00fastria Hidr\u00e1ulica e Pneum\u00e1tica<\/b><span style=\"font-weight: 400;\">: Cilindros, bombas e v\u00e1lvulas.<\/span><\/li><li style=\"font-weight: 400;\" aria-level=\"2\"><b>M\u00e1quinas Pesadas<\/b><span style=\"font-weight: 400;\">: Escavadeiras, guindastes e prensas industriais.<\/span><\/li><\/ul><\/li><\/ul><p><b>Setor Aliment\u00edcio e Farmac\u00eautico<\/b><span style=\"font-weight: 400;\">: Solu\u00e7\u00f5es espec\u00edficas para ambientes higienizados.<\/span><\/p>\t\t\t\t\t\t\t\t<\/div>\n\t\t\t\t<\/div>\n\t\t<div class=\"elementor-element elementor-element-81412b5 e-con-full e-flex e-con e-child\" data-id=\"81412b5\" data-element_type=\"container\">\n\t\t\t\t<div class=\"elementor-element elementor-element-ffa9053 elementor-widget elementor-widget-image\" data-id=\"ffa9053\" data-element_type=\"widget\" data-widget_type=\"image.default\">\n\t\t\t\t\t\t\t\t\t\t\t\t\t\t\t<img fetchpriority=\"high\" decoding=\"async\" width=\"800\" height=\"640\" src=\"https:\/\/www.jslvedacoes.com.br\/site\/wp-content\/uploads\/2025\/03\/vedacoes-especiais.jpg\" class=\"attachment-large size-large wp-image-1045\" alt=\"\" srcset=\"https:\/\/www.jslvedacoes.com.br\/site\/wp-content\/uploads\/2025\/03\/vedacoes-especiais.jpg 1024w, https:\/\/www.jslvedacoes.com.br\/site\/wp-content\/uploads\/2025\/03\/vedacoes-especiais-300x240.jpg 300w, https:\/\/www.jslvedacoes.com.br\/site\/wp-content\/uploads\/2025\/03\/vedacoes-especiais-768x614.jpg 768w\" sizes=\"(max-width: 800px) 100vw, 800px\" \/>\t\t\t\t\t\t\t\t\t\t\t\t\t\t\t<\/div>\n\t\t\t\t<\/div>\n\t\t\t\t\t<\/div>\n\t\t\t\t<\/div>\n\t\t\t\t<\/div>\n\t\t<div class=\"elementor-element elementor-element-970afff e-con-full elementor-hidden-desktop elementor-hidden-tablet elementor-hidden-mobile e-flex e-con e-parent\" data-id=\"970afff\" data-element_type=\"container\" data-settings=\"{&quot;background_background&quot;:&quot;classic&quot;}\">\n\t\t<div class=\"elementor-element elementor-element-ecfc63d e-flex e-con-boxed e-con e-child\" data-id=\"ecfc63d\" data-element_type=\"container\">\n\t\t\t\t\t<div class=\"e-con-inner\">\n\t\t\t\t<div class=\"elementor-element elementor-element-3421c69 elementor-widget elementor-widget-heading\" data-id=\"3421c69\" data-element_type=\"widget\" data-widget_type=\"heading.default\">\n\t\t\t\t\t<h1 class=\"elementor-heading-title elementor-size-default\">Fun\u00e7\u00e3o<\/h1>\t\t\t\t<\/div>\n\t\t\t\t<div class=\"elementor-element elementor-element-c044d63 elementor-widget-divider--view-line elementor-widget elementor-widget-divider\" data-id=\"c044d63\" data-element_type=\"widget\" data-widget_type=\"divider.default\">\n\t\t\t\t\t\t\t<div class=\"elementor-divider\">\n\t\t\t<span class=\"elementor-divider-separator\">\n\t\t\t\t\t\t<\/span>\n\t\t<\/div>\n\t\t\t\t\t\t<\/div>\n\t\t<div class=\"elementor-element elementor-element-76d6a30 e-con-full e-flex e-con e-child\" data-id=\"76d6a30\" data-element_type=\"container\">\n\t\t<div class=\"elementor-element elementor-element-f0edf48 e-con-full e-flex e-con e-child\" data-id=\"f0edf48\" data-element_type=\"container\">\n\t\t\t\t<div class=\"elementor-element elementor-element-3d6a537 elementor-view-default elementor-widget elementor-widget-icon\" data-id=\"3d6a537\" data-element_type=\"widget\" data-widget_type=\"icon.default\">\n\t\t\t\t\t\t\t<div class=\"elementor-icon-wrapper\">\n\t\t\t<div class=\"elementor-icon\">\n\t\t\t<svg aria-hidden=\"true\" class=\"e-font-icon-svg e-fas-search\" viewBox=\"0 0 512 512\" xmlns=\"http:\/\/www.w3.org\/2000\/svg\"><path d=\"M505 442.7L405.3 343c-4.5-4.5-10.6-7-17-7H372c27.6-35.3 44-79.7 44-128C416 93.1 322.9 0 208 0S0 93.1 0 208s93.1 208 208 208c48.3 0 92.7-16.4 128-44v16.3c0 6.4 2.5 12.5 7 17l99.7 99.7c9.4 9.4 24.6 9.4 33.9 0l28.3-28.3c9.4-9.4 9.4-24.6.1-34zM208 336c-70.7 0-128-57.2-128-128 0-70.7 57.2-128 128-128 70.7 0 128 57.2 128 128 0 70.7-57.2 128-128 128z\"><\/path><\/svg>\t\t\t<\/div>\n\t\t<\/div>\n\t\t\t\t\t\t<\/div>\n\t\t\t\t<\/div>\n\t\t<div class=\"elementor-element elementor-element-24395bd e-con-full e-flex e-con e-child\" data-id=\"24395bd\" data-element_type=\"container\">\n\t\t\t\t<div class=\"elementor-element elementor-element-9138331 elementor-widget elementor-widget-text-editor\" data-id=\"9138331\" data-element_type=\"widget\" data-widget_type=\"text-editor.default\">\n\t\t\t\t\t\t\t\t\t<p>Lorem ipsum dolor sit amet, consectetur adipiscing elit. Ut elit tellus, luctus nec ullamcorper mattis, pulvinar dapibus leo. Lorem ipsum dolor sit amet, consectetur adipiscing elit. Ut elit tellus, luctus nec ullamcorper mattis, pulvinar dapibus leo.<\/p>\t\t\t\t\t\t\t\t<\/div>\n\t\t\t\t<\/div>\n\t\t\t\t<\/div>\n\t\t<div class=\"elementor-element elementor-element-a031002 e-con-full e-flex e-con e-child\" data-id=\"a031002\" data-element_type=\"container\">\n\t\t<div class=\"elementor-element elementor-element-91042b4 e-con-full e-flex e-con e-child\" data-id=\"91042b4\" data-element_type=\"container\">\n\t\t\t\t<div class=\"elementor-element elementor-element-b6a1b10 elementor-view-default elementor-widget elementor-widget-icon\" data-id=\"b6a1b10\" data-element_type=\"widget\" data-widget_type=\"icon.default\">\n\t\t\t\t\t\t\t<div class=\"elementor-icon-wrapper\">\n\t\t\t<div class=\"elementor-icon\">\n\t\t\t<svg aria-hidden=\"true\" class=\"e-font-icon-svg e-fas-search\" viewBox=\"0 0 512 512\" xmlns=\"http:\/\/www.w3.org\/2000\/svg\"><path d=\"M505 442.7L405.3 343c-4.5-4.5-10.6-7-17-7H372c27.6-35.3 44-79.7 44-128C416 93.1 322.9 0 208 0S0 93.1 0 208s93.1 208 208 208c48.3 0 92.7-16.4 128-44v16.3c0 6.4 2.5 12.5 7 17l99.7 99.7c9.4 9.4 24.6 9.4 33.9 0l28.3-28.3c9.4-9.4 9.4-24.6.1-34zM208 336c-70.7 0-128-57.2-128-128 0-70.7 57.2-128 128-128 70.7 0 128 57.2 128 128 0 70.7-57.2 128-128 128z\"><\/path><\/svg>\t\t\t<\/div>\n\t\t<\/div>\n\t\t\t\t\t\t<\/div>\n\t\t\t\t<\/div>\n\t\t<div class=\"elementor-element elementor-element-e251d18 e-con-full e-flex e-con e-child\" data-id=\"e251d18\" data-element_type=\"container\">\n\t\t\t\t<div class=\"elementor-element elementor-element-d07c9b0 elementor-widget elementor-widget-text-editor\" data-id=\"d07c9b0\" data-element_type=\"widget\" data-widget_type=\"text-editor.default\">\n\t\t\t\t\t\t\t\t\t<p>Lorem ipsum dolor sit amet, consectetur adipiscing elit. Ut elit tellus, luctus nec ullamcorper mattis, pulvinar dapibus leo. Lorem ipsum dolor sit amet, consectetur adipiscing elit. Ut elit tellus, luctus nec ullamcorper mattis, pulvinar dapibus leo.<\/p>\t\t\t\t\t\t\t\t<\/div>\n\t\t\t\t<\/div>\n\t\t\t\t<\/div>\n\t\t<div class=\"elementor-element elementor-element-a10ca12 e-con-full e-flex e-con e-child\" data-id=\"a10ca12\" data-element_type=\"container\">\n\t\t<div class=\"elementor-element elementor-element-7a289a1 e-con-full e-flex e-con e-child\" data-id=\"7a289a1\" data-element_type=\"container\">\n\t\t\t\t<div class=\"elementor-element elementor-element-ee9e52a elementor-view-default elementor-widget elementor-widget-icon\" data-id=\"ee9e52a\" data-element_type=\"widget\" data-widget_type=\"icon.default\">\n\t\t\t\t\t\t\t<div class=\"elementor-icon-wrapper\">\n\t\t\t<div class=\"elementor-icon\">\n\t\t\t<svg aria-hidden=\"true\" class=\"e-font-icon-svg e-fas-search\" viewBox=\"0 0 512 512\" xmlns=\"http:\/\/www.w3.org\/2000\/svg\"><path d=\"M505 442.7L405.3 343c-4.5-4.5-10.6-7-17-7H372c27.6-35.3 44-79.7 44-128C416 93.1 322.9 0 208 0S0 93.1 0 208s93.1 208 208 208c48.3 0 92.7-16.4 128-44v16.3c0 6.4 2.5 12.5 7 17l99.7 99.7c9.4 9.4 24.6 9.4 33.9 0l28.3-28.3c9.4-9.4 9.4-24.6.1-34zM208 336c-70.7 0-128-57.2-128-128 0-70.7 57.2-128 128-128 70.7 0 128 57.2 128 128 0 70.7-57.2 128-128 128z\"><\/path><\/svg>\t\t\t<\/div>\n\t\t<\/div>\n\t\t\t\t\t\t<\/div>\n\t\t\t\t<\/div>\n\t\t<div class=\"elementor-element elementor-element-d94dafa e-con-full e-flex e-con e-child\" data-id=\"d94dafa\" data-element_type=\"container\">\n\t\t\t\t<div class=\"elementor-element elementor-element-390a4a1 elementor-widget elementor-widget-text-editor\" data-id=\"390a4a1\" data-element_type=\"widget\" data-widget_type=\"text-editor.default\">\n\t\t\t\t\t\t\t\t\t<p>Lorem ipsum dolor sit amet, consectetur adipiscing elit. Ut elit tellus, luctus nec ullamcorper mattis, pulvinar dapibus leo. Lorem ipsum dolor sit amet, consectetur adipiscing elit. Ut elit tellus, luctus nec ullamcorper mattis, pulvinar dapibus leo.<\/p>\t\t\t\t\t\t\t\t<\/div>\n\t\t\t\t<\/div>\n\t\t\t\t<\/div>\n\t\t<div class=\"elementor-element elementor-element-0fe5d9d e-con-full e-flex e-con e-child\" data-id=\"0fe5d9d\" data-element_type=\"container\">\n\t\t<div class=\"elementor-element elementor-element-6baf3eb e-con-full e-flex e-con e-child\" data-id=\"6baf3eb\" data-element_type=\"container\">\n\t\t\t\t<div class=\"elementor-element elementor-element-4bff5e5 elementor-view-default elementor-widget elementor-widget-icon\" data-id=\"4bff5e5\" data-element_type=\"widget\" data-widget_type=\"icon.default\">\n\t\t\t\t\t\t\t<div class=\"elementor-icon-wrapper\">\n\t\t\t<div class=\"elementor-icon\">\n\t\t\t<svg aria-hidden=\"true\" class=\"e-font-icon-svg e-fas-search\" viewBox=\"0 0 512 512\" xmlns=\"http:\/\/www.w3.org\/2000\/svg\"><path d=\"M505 442.7L405.3 343c-4.5-4.5-10.6-7-17-7H372c27.6-35.3 44-79.7 44-128C416 93.1 322.9 0 208 0S0 93.1 0 208s93.1 208 208 208c48.3 0 92.7-16.4 128-44v16.3c0 6.4 2.5 12.5 7 17l99.7 99.7c9.4 9.4 24.6 9.4 33.9 0l28.3-28.3c9.4-9.4 9.4-24.6.1-34zM208 336c-70.7 0-128-57.2-128-128 0-70.7 57.2-128 128-128 70.7 0 128 57.2 128 128 0 70.7-57.2 128-128 128z\"><\/path><\/svg>\t\t\t<\/div>\n\t\t<\/div>\n\t\t\t\t\t\t<\/div>\n\t\t\t\t<\/div>\n\t\t<div class=\"elementor-element elementor-element-cb3a51d e-con-full e-flex e-con e-child\" data-id=\"cb3a51d\" data-element_type=\"container\">\n\t\t\t\t<div class=\"elementor-element elementor-element-4ded999 elementor-widget elementor-widget-text-editor\" data-id=\"4ded999\" data-element_type=\"widget\" data-widget_type=\"text-editor.default\">\n\t\t\t\t\t\t\t\t\t<p>Lorem ipsum dolor sit amet, consectetur adipiscing elit. Ut elit tellus, luctus nec ullamcorper mattis, pulvinar dapibus leo. Lorem ipsum dolor sit amet, consectetur adipiscing elit. Ut elit tellus, luctus nec ullamcorper mattis, pulvinar dapibus leo.<\/p>\t\t\t\t\t\t\t\t<\/div>\n\t\t\t\t<\/div>\n\t\t\t\t<\/div>\n\t\t\t\t\t<\/div>\n\t\t\t\t<\/div>\n\t\t\t\t<\/div>\n\t\t<div class=\"elementor-element elementor-element-e385dd0 e-con-full elementor-hidden-desktop elementor-hidden-tablet elementor-hidden-mobile e-flex e-con e-parent\" data-id=\"e385dd0\" data-element_type=\"container\" data-settings=\"{&quot;background_background&quot;:&quot;classic&quot;}\">\n\t\t<div class=\"elementor-element elementor-element-13142ea e-flex e-con-boxed e-con e-child\" data-id=\"13142ea\" data-element_type=\"container\">\n\t\t\t\t\t<div class=\"e-con-inner\">\n\t\t\t\t<div class=\"elementor-element elementor-element-654b9d2 elementor-widget elementor-widget-heading\" data-id=\"654b9d2\" data-element_type=\"widget\" data-widget_type=\"heading.default\">\n\t\t\t\t\t<h1 class=\"elementor-heading-title elementor-size-default\">Modelos<\/h1>\t\t\t\t<\/div>\n\t\t\t\t<div class=\"elementor-element elementor-element-0a4042f elementor-widget-divider--view-line elementor-widget elementor-widget-divider\" data-id=\"0a4042f\" data-element_type=\"widget\" data-widget_type=\"divider.default\">\n\t\t\t\t\t\t\t<div class=\"elementor-divider\">\n\t\t\t<span class=\"elementor-divider-separator\">\n\t\t\t\t\t\t<\/span>\n\t\t<\/div>\n\t\t\t\t\t\t<\/div>\n\t\t<div class=\"elementor-element elementor-element-b6f369b e-con-full e-flex e-con e-child\" data-id=\"b6f369b\" data-element_type=\"container\">\n\t\t\t\t<div class=\"elementor-element elementor-element-918d9c5 elementor-widget elementor-widget-gallery\" data-id=\"918d9c5\" data-element_type=\"widget\" data-settings=\"{&quot;gap&quot;:{&quot;unit&quot;:&quot;px&quot;,&quot;size&quot;:30,&quot;sizes&quot;:[]},&quot;aspect_ratio&quot;:&quot;1:1&quot;,&quot;gallery_layout&quot;:&quot;grid&quot;,&quot;columns&quot;:4,&quot;columns_tablet&quot;:2,&quot;columns_mobile&quot;:1,&quot;gap_tablet&quot;:{&quot;unit&quot;:&quot;px&quot;,&quot;size&quot;:10,&quot;sizes&quot;:[]},&quot;gap_mobile&quot;:{&quot;unit&quot;:&quot;px&quot;,&quot;size&quot;:10,&quot;sizes&quot;:[]},&quot;link_to&quot;:&quot;file&quot;,&quot;content_hover_animation&quot;:&quot;fade-in&quot;}\" data-widget_type=\"gallery.default\">\n\t\t\t\t\t\t\t<div class=\"elementor-gallery__container\">\n\t\t\t\t\t\t\t<a class=\"e-gallery-item elementor-gallery-item elementor-animated-content\" href=\"https:\/\/www.jslvedacoes.com.br\/site\/wp-content\/uploads\/2024\/08\/steel-pipelines-cables-plant.jpg\" data-elementor-open-lightbox=\"yes\" data-elementor-lightbox-slideshow=\"918d9c5\" data-elementor-lightbox-title=\"steel-pipelines-cables-plant\" data-e-action-hash=\"#elementor-action%3Aaction%3Dlightbox%26settings%3DeyJpZCI6MTU1LCJ1cmwiOiJodHRwczpcL1wvd3d3LmpzbHZlZGFjb2VzLmNvbS5iclwvc2l0ZVwvd3AtY29udGVudFwvdXBsb2Fkc1wvMjAyNFwvMDhcL3N0ZWVsLXBpcGVsaW5lcy1jYWJsZXMtcGxhbnQuanBnIiwic2xpZGVzaG93IjoiOTE4ZDljNSJ9\">\n\t\t\t\t\t<div class=\"e-gallery-image elementor-gallery-item__image\" data-thumbnail=\"https:\/\/www.jslvedacoes.com.br\/site\/wp-content\/uploads\/2024\/08\/steel-pipelines-cables-plant-300x300.jpg\" data-width=\"300\" data-height=\"300\" aria-label=\"\" role=\"img\" ><\/div>\n\t\t\t\t\t\t\t\t\t\t\t\t\t\t<\/a>\n\t\t\t\t\t\t\t<a class=\"e-gallery-item elementor-gallery-item elementor-animated-content\" href=\"https:\/\/www.jslvedacoes.com.br\/site\/wp-content\/uploads\/2024\/09\/img-reserva-galeria.jpg\" data-elementor-open-lightbox=\"yes\" data-elementor-lightbox-slideshow=\"918d9c5\" data-elementor-lightbox-title=\"img-reserva-galeria\" data-e-action-hash=\"#elementor-action%3Aaction%3Dlightbox%26settings%3DeyJpZCI6NDQ1LCJ1cmwiOiJodHRwczpcL1wvd3d3LmpzbHZlZGFjb2VzLmNvbS5iclwvc2l0ZVwvd3AtY29udGVudFwvdXBsb2Fkc1wvMjAyNFwvMDlcL2ltZy1yZXNlcnZhLWdhbGVyaWEuanBnIiwic2xpZGVzaG93IjoiOTE4ZDljNSJ9\">\n\t\t\t\t\t<div class=\"e-gallery-image elementor-gallery-item__image\" data-thumbnail=\"https:\/\/www.jslvedacoes.com.br\/site\/wp-content\/uploads\/2024\/09\/img-reserva-galeria-300x300.jpg\" data-width=\"300\" data-height=\"300\" aria-label=\"\" role=\"img\" ><\/div>\n\t\t\t\t\t\t\t\t\t\t\t\t\t\t<\/a>\n\t\t\t\t\t<\/div>\n\t\t\t\t\t<\/div>\n\t\t\t\t<\/div>\n\t\t\t\t\t<\/div>\n\t\t\t\t<\/div>\n\t\t\t\t<\/div>\n\t\t<div class=\"elementor-element elementor-element-ae7265e e-flex e-con-boxed e-con e-parent\" data-id=\"ae7265e\" data-element_type=\"container\" data-settings=\"{&quot;background_background&quot;:&quot;classic&quot;}\">\n\t\t\t\t\t<div class=\"e-con-inner\">\n\t\t\t\t<div class=\"elementor-element elementor-element-bcf838c elementor-widget elementor-widget-button\" data-id=\"bcf838c\" data-element_type=\"widget\" data-widget_type=\"button.default\">\n\t\t\t\t\t\t\t\t\t\t<a class=\"elementor-button elementor-button-link elementor-size-sm\" href=\"#elementor-action%3Aaction%3Dpopup%3Aopen%26settings%3DeyJpZCI6IjExNzQiLCJ0b2dnbGUiOmZhbHNlfQ%3D%3D\">\n\t\t\t\t\t\t<span class=\"elementor-button-content-wrapper\">\n\t\t\t\t\t\t\t\t\t<span class=\"elementor-button-text\">Fale com um de nossos especialistas<\/span>\n\t\t\t\t\t<\/span>\n\t\t\t\t\t<\/a>\n\t\t\t\t\t\t\t\t<\/div>\n\t\t\t\t\t<\/div>\n\t\t\t\t<\/div>\n\t\t\t\t<\/div>\n\t\t","protected":false},"excerpt":{"rendered":"<p>Nossos Produtos No mercado atual, onde a personaliza\u00e7\u00e3o e a efici\u00eancia s\u00e3o essenciais, a capacidade de desenvolver kits de veda\u00e7\u00f5es especiais conforme amostras ou aplica\u00e7\u00f5es espec\u00edficas \u00e9 um diferencial estrat\u00e9gico. Nossa empresa se destaca nessa \u00e1rea, oferecendo solu\u00e7\u00f5es sob medida para as necessidades \u00fanicas de cada cliente. Especialistas em Veda\u00e7\u00f5es: Nossa equipe possui vasta experi\u00eancia [&hellip;]<\/p>\n","protected":false},"author":1,"featured_media":1045,"parent":30,"menu_order":0,"comment_status":"closed","ping_status":"closed","template":"","meta":{"footnotes":""},"class_list":["post-568","page","type-page","status-publish","has-post-thumbnail","hentry"],"_links":{"self":[{"href":"https:\/\/www.jslvedacoes.com.br\/site\/wp-json\/wp\/v2\/pages\/568","targetHints":{"allow":["GET"]}}],"collection":[{"href":"https:\/\/www.jslvedacoes.com.br\/site\/wp-json\/wp\/v2\/pages"}],"about":[{"href":"https:\/\/www.jslvedacoes.com.br\/site\/wp-json\/wp\/v2\/types\/page"}],"author":[{"embeddable":true,"href":"https:\/\/www.jslvedacoes.com.br\/site\/wp-json\/wp\/v2\/users\/1"}],"replies":[{"embeddable":true,"href":"https:\/\/www.jslvedacoes.com.br\/site\/wp-json\/wp\/v2\/comments?post=568"}],"version-history":[{"count":25,"href":"https:\/\/www.jslvedacoes.com.br\/site\/wp-json\/wp\/v2\/pages\/568\/revisions"}],"predecessor-version":[{"id":1218,"href":"https:\/\/www.jslvedacoes.com.br\/site\/wp-json\/wp\/v2\/pages\/568\/revisions\/1218"}],"up":[{"embeddable":true,"href":"https:\/\/www.jslvedacoes.com.br\/site\/wp-json\/wp\/v2\/pages\/30"}],"wp:featuredmedia":[{"embeddable":true,"href":"https:\/\/www.jslvedacoes.com.br\/site\/wp-json\/wp\/v2\/media\/1045"}],"wp:attachment":[{"href":"https:\/\/www.jslvedacoes.com.br\/site\/wp-json\/wp\/v2\/media?parent=568"}],"curies":[{"name":"wp","href":"https:\/\/api.w.org\/{rel}","templated":true}]}}