{"id":763,"date":"2024-12-15T17:51:50","date_gmt":"2024-12-15T20:51:50","guid":{"rendered":"https:\/\/www.jslvedacoes.com.br\/site\/?page_id=763"},"modified":"2025-04-03T12:46:33","modified_gmt":"2025-04-03T15:46:33","slug":"borracha-nitrilica-nbr-buna%e2%80%91n","status":"publish","type":"page","link":"https:\/\/www.jslvedacoes.com.br\/site\/materiais\/borracha-nitrilica-nbr-buna%e2%80%91n\/","title":{"rendered":"BORRACHA NITR\u00cdLICA (NBR \/ BUNA\u2011N)"},"content":{"rendered":"\t\t<div data-elementor-type=\"wp-page\" data-elementor-id=\"763\" class=\"elementor elementor-763\" data-elementor-post-type=\"page\">\n\t\t\t\t<div class=\"elementor-element elementor-element-e622831 e-flex e-con-boxed e-con e-parent\" data-id=\"e622831\" data-element_type=\"container\" data-settings=\"{&quot;background_background&quot;:&quot;classic&quot;,&quot;background_motion_fx_motion_fx_scrolling&quot;:&quot;yes&quot;,&quot;background_motion_fx_scale_effect&quot;:&quot;yes&quot;,&quot;background_motion_fx_scale_direction&quot;:&quot;out-in&quot;,&quot;background_motion_fx_scale_speed&quot;:{&quot;unit&quot;:&quot;px&quot;,&quot;size&quot;:4,&quot;sizes&quot;:[]},&quot;background_motion_fx_scale_range&quot;:{&quot;unit&quot;:&quot;%&quot;,&quot;size&quot;:&quot;&quot;,&quot;sizes&quot;:{&quot;start&quot;:20,&quot;end&quot;:80}},&quot;background_motion_fx_devices&quot;:[&quot;desktop&quot;,&quot;tablet&quot;,&quot;mobile&quot;]}\">\n\t\t\t\t\t<div class=\"e-con-inner\">\n\t\t\t\t<div class=\"elementor-element elementor-element-2ee97f2 elementor-widget elementor-widget-heading\" data-id=\"2ee97f2\" data-element_type=\"widget\" data-widget_type=\"heading.default\">\n\t\t\t\t\t<h1 class=\"elementor-heading-title elementor-size-default\">Nossos Materiais<\/h1>\t\t\t\t<\/div>\n\t\t\t\t\t<\/div>\n\t\t\t\t<\/div>\n\t\t<div class=\"elementor-element elementor-element-b73918c e-con-full e-flex e-con e-parent\" data-id=\"b73918c\" data-element_type=\"container\" data-settings=\"{&quot;background_background&quot;:&quot;classic&quot;}\">\n\t\t<div class=\"elementor-element elementor-element-8208bd9 e-flex e-con-boxed e-con e-child\" data-id=\"8208bd9\" data-element_type=\"container\">\n\t\t\t\t\t<div class=\"e-con-inner\">\n\t\t\t\t<div class=\"elementor-element elementor-element-68a191c elementor-widget-divider--view-line elementor-widget elementor-widget-divider\" data-id=\"68a191c\" data-element_type=\"widget\" data-widget_type=\"divider.default\">\n\t\t\t\t\t\t\t<div class=\"elementor-divider\">\n\t\t\t<span class=\"elementor-divider-separator\">\n\t\t\t\t\t\t<\/span>\n\t\t<\/div>\n\t\t\t\t\t\t<\/div>\n\t\t\t\t\t<\/div>\n\t\t\t\t<\/div>\n\t\t<div class=\"elementor-element elementor-element-55b7b06 e-flex e-con-boxed e-con e-child\" data-id=\"55b7b06\" data-element_type=\"container\">\n\t\t\t\t\t<div class=\"e-con-inner\">\n\t\t<div class=\"elementor-element elementor-element-df797dc e-con-full e-flex e-con e-child\" data-id=\"df797dc\" data-element_type=\"container\">\n\t\t\t\t<div class=\"elementor-element elementor-element-51bc55b elementor-widget elementor-widget-text-editor\" data-id=\"51bc55b\" data-element_type=\"widget\" data-widget_type=\"text-editor.default\">\n\t\t\t\t\t\t\t\t\t<p><span style=\"font-weight: 400;\">\u00c9 um dos elast\u00f4meros mais amplamente utilizados na ind\u00fastria de veda\u00e7\u00f5es devido \u00e0 sua excelente resist\u00eancia qu\u00edmica, especialmente a \u00f3leos e combust\u00edveis derivados de petr\u00f3leo, \u00f3leos hidr\u00e1ulicos, \u00e1gua e \u00e1lcoois. Tamb\u00e9m se destaca por suas propriedades f\u00edsicas, como baixa deforma\u00e7\u00e3o permanente, alta resist\u00eancia \u00e0 tra\u00e7\u00e3o e \u00e0 abras\u00e3o.<\/span><\/p><p><strong>Caracter\u00edsticas principais:<\/strong><\/p><p><span style=\"font-weight: 400;\">Cor Padr\u00e3o: Preto.<\/span><\/p><p><span style=\"font-weight: 400;\">Limita\u00e7\u00f5es: N\u00e3o \u00e9 recomendado para contato com solventes altamente polares, como acetona e M.E.K., hidrocarbonetos clorados ou nitro-hidrocarbonetos. Al\u00e9m disso, deve ser protegido de exposi\u00e7\u00e3o direta ao oz\u00f4nio e \u00e0 luz solar.<\/span><\/p><p><strong>Dados t\u00e9cnicos:<\/strong><\/p><p><span style=\"font-weight: 400;\">Faixa de Temperatura: Composto padr\u00e3o: -40\u00b0C a +100\u00b0C (em calor seco e intermitente).<\/span><\/p><p><span style=\"font-weight: 400;\">Dureza (Shore A): Entre 40 e 90.<\/span><\/p>\t\t\t\t\t\t\t\t<\/div>\n\t\t\t\t<\/div>\n\t\t<div class=\"elementor-element elementor-element-15b33b3 e-con-full elementor-hidden-desktop elementor-hidden-tablet elementor-hidden-mobile e-flex e-con e-child\" data-id=\"15b33b3\" data-element_type=\"container\">\n\t\t\t\t<\/div>\n\t\t\t\t\t<\/div>\n\t\t\t\t<\/div>\n\t\t\t\t<\/div>\n\t\t<div class=\"elementor-element elementor-element-dd28fa4 e-con-full elementor-hidden-desktop elementor-hidden-tablet elementor-hidden-mobile e-flex e-con e-parent\" data-id=\"dd28fa4\" data-element_type=\"container\" data-settings=\"{&quot;background_background&quot;:&quot;classic&quot;}\">\n\t\t<div class=\"elementor-element elementor-element-266268a e-flex e-con-boxed e-con e-child\" data-id=\"266268a\" data-element_type=\"container\">\n\t\t\t\t\t<div class=\"e-con-inner\">\n\t\t\t\t<div class=\"elementor-element elementor-element-d51b5e5 elementor-widget elementor-widget-heading\" data-id=\"d51b5e5\" data-element_type=\"widget\" data-widget_type=\"heading.default\">\n\t\t\t\t\t<h1 class=\"elementor-heading-title elementor-size-default\">Descri\u00e7\u00e3o<\/h1>\t\t\t\t<\/div>\n\t\t\t\t<div class=\"elementor-element elementor-element-923294c elementor-widget-divider--view-line elementor-widget elementor-widget-divider\" data-id=\"923294c\" data-element_type=\"widget\" data-widget_type=\"divider.default\">\n\t\t\t\t\t\t\t<div class=\"elementor-divider\">\n\t\t\t<span class=\"elementor-divider-separator\">\n\t\t\t\t\t\t<\/span>\n\t\t<\/div>\n\t\t\t\t\t\t<\/div>\n\t\t<div class=\"elementor-element elementor-element-0251da8 e-con-full e-flex e-con e-child\" data-id=\"0251da8\" data-element_type=\"container\">\n\t\t<div class=\"elementor-element elementor-element-22170b6 e-con-full e-flex e-con e-child\" data-id=\"22170b6\" data-element_type=\"container\">\n\t\t\t\t<div class=\"elementor-element elementor-element-97cf6f6 elementor-view-default elementor-widget elementor-widget-icon\" data-id=\"97cf6f6\" data-element_type=\"widget\" data-widget_type=\"icon.default\">\n\t\t\t\t\t\t\t<div class=\"elementor-icon-wrapper\">\n\t\t\t<div class=\"elementor-icon\">\n\t\t\t<svg aria-hidden=\"true\" class=\"e-font-icon-svg e-fas-search\" viewBox=\"0 0 512 512\" xmlns=\"http:\/\/www.w3.org\/2000\/svg\"><path d=\"M505 442.7L405.3 343c-4.5-4.5-10.6-7-17-7H372c27.6-35.3 44-79.7 44-128C416 93.1 322.9 0 208 0S0 93.1 0 208s93.1 208 208 208c48.3 0 92.7-16.4 128-44v16.3c0 6.4 2.5 12.5 7 17l99.7 99.7c9.4 9.4 24.6 9.4 33.9 0l28.3-28.3c9.4-9.4 9.4-24.6.1-34zM208 336c-70.7 0-128-57.2-128-128 0-70.7 57.2-128 128-128 70.7 0 128 57.2 128 128 0 70.7-57.2 128-128 128z\"><\/path><\/svg>\t\t\t<\/div>\n\t\t<\/div>\n\t\t\t\t\t\t<\/div>\n\t\t\t\t<\/div>\n\t\t<div class=\"elementor-element elementor-element-bb66001 e-con-full e-flex e-con e-child\" data-id=\"bb66001\" data-element_type=\"container\">\n\t\t\t\t<div class=\"elementor-element elementor-element-92fdeb7 elementor-widget elementor-widget-text-editor\" data-id=\"92fdeb7\" data-element_type=\"widget\" data-widget_type=\"text-editor.default\">\n\t\t\t\t\t\t\t\t\t<p>Lorem ipsum dolor sit amet, consectetur adipiscing elit. Ut elit tellus, luctus nec ullamcorper mattis, pulvinar dapibus leo. Lorem ipsum dolor sit amet, consectetur adipiscing elit. Ut elit tellus, luctus nec ullamcorper mattis, pulvinar dapibus leo.<\/p>\t\t\t\t\t\t\t\t<\/div>\n\t\t\t\t<\/div>\n\t\t\t\t<\/div>\n\t\t<div class=\"elementor-element elementor-element-1d430c6 e-con-full e-flex e-con e-child\" data-id=\"1d430c6\" data-element_type=\"container\">\n\t\t<div class=\"elementor-element elementor-element-4666d39 e-con-full e-flex e-con e-child\" data-id=\"4666d39\" data-element_type=\"container\">\n\t\t\t\t<div class=\"elementor-element elementor-element-2d5976e elementor-view-default elementor-widget elementor-widget-icon\" data-id=\"2d5976e\" data-element_type=\"widget\" data-widget_type=\"icon.default\">\n\t\t\t\t\t\t\t<div class=\"elementor-icon-wrapper\">\n\t\t\t<div class=\"elementor-icon\">\n\t\t\t<svg aria-hidden=\"true\" class=\"e-font-icon-svg e-fas-search\" viewBox=\"0 0 512 512\" xmlns=\"http:\/\/www.w3.org\/2000\/svg\"><path d=\"M505 442.7L405.3 343c-4.5-4.5-10.6-7-17-7H372c27.6-35.3 44-79.7 44-128C416 93.1 322.9 0 208 0S0 93.1 0 208s93.1 208 208 208c48.3 0 92.7-16.4 128-44v16.3c0 6.4 2.5 12.5 7 17l99.7 99.7c9.4 9.4 24.6 9.4 33.9 0l28.3-28.3c9.4-9.4 9.4-24.6.1-34zM208 336c-70.7 0-128-57.2-128-128 0-70.7 57.2-128 128-128 70.7 0 128 57.2 128 128 0 70.7-57.2 128-128 128z\"><\/path><\/svg>\t\t\t<\/div>\n\t\t<\/div>\n\t\t\t\t\t\t<\/div>\n\t\t\t\t<\/div>\n\t\t<div class=\"elementor-element elementor-element-ef7b330 e-con-full e-flex e-con e-child\" data-id=\"ef7b330\" data-element_type=\"container\">\n\t\t\t\t<div class=\"elementor-element elementor-element-f90b567 elementor-widget elementor-widget-text-editor\" data-id=\"f90b567\" data-element_type=\"widget\" data-widget_type=\"text-editor.default\">\n\t\t\t\t\t\t\t\t\t<p>Lorem ipsum dolor sit amet, consectetur adipiscing elit. Ut elit tellus, luctus nec ullamcorper mattis, pulvinar dapibus leo. Lorem ipsum dolor sit amet, consectetur adipiscing elit. Ut elit tellus, luctus nec ullamcorper mattis, pulvinar dapibus leo.<\/p>\t\t\t\t\t\t\t\t<\/div>\n\t\t\t\t<\/div>\n\t\t\t\t<\/div>\n\t\t<div class=\"elementor-element elementor-element-f5534bc e-con-full e-flex e-con e-child\" data-id=\"f5534bc\" data-element_type=\"container\">\n\t\t<div class=\"elementor-element elementor-element-ca2c0d8 e-con-full e-flex e-con e-child\" data-id=\"ca2c0d8\" data-element_type=\"container\">\n\t\t\t\t<div class=\"elementor-element elementor-element-3ce31a0 elementor-view-default elementor-widget elementor-widget-icon\" data-id=\"3ce31a0\" data-element_type=\"widget\" data-widget_type=\"icon.default\">\n\t\t\t\t\t\t\t<div class=\"elementor-icon-wrapper\">\n\t\t\t<div class=\"elementor-icon\">\n\t\t\t<svg aria-hidden=\"true\" class=\"e-font-icon-svg e-fas-search\" viewBox=\"0 0 512 512\" xmlns=\"http:\/\/www.w3.org\/2000\/svg\"><path d=\"M505 442.7L405.3 343c-4.5-4.5-10.6-7-17-7H372c27.6-35.3 44-79.7 44-128C416 93.1 322.9 0 208 0S0 93.1 0 208s93.1 208 208 208c48.3 0 92.7-16.4 128-44v16.3c0 6.4 2.5 12.5 7 17l99.7 99.7c9.4 9.4 24.6 9.4 33.9 0l28.3-28.3c9.4-9.4 9.4-24.6.1-34zM208 336c-70.7 0-128-57.2-128-128 0-70.7 57.2-128 128-128 70.7 0 128 57.2 128 128 0 70.7-57.2 128-128 128z\"><\/path><\/svg>\t\t\t<\/div>\n\t\t<\/div>\n\t\t\t\t\t\t<\/div>\n\t\t\t\t<\/div>\n\t\t<div class=\"elementor-element elementor-element-ba5a229 e-con-full e-flex e-con e-child\" data-id=\"ba5a229\" data-element_type=\"container\">\n\t\t\t\t<div class=\"elementor-element elementor-element-200f593 elementor-widget elementor-widget-text-editor\" data-id=\"200f593\" data-element_type=\"widget\" data-widget_type=\"text-editor.default\">\n\t\t\t\t\t\t\t\t\t<p>Lorem ipsum dolor sit amet, consectetur adipiscing elit. Ut elit tellus, luctus nec ullamcorper mattis, pulvinar dapibus leo. Lorem ipsum dolor sit amet, consectetur adipiscing elit. Ut elit tellus, luctus nec ullamcorper mattis, pulvinar dapibus leo.<\/p>\t\t\t\t\t\t\t\t<\/div>\n\t\t\t\t<\/div>\n\t\t\t\t<\/div>\n\t\t<div class=\"elementor-element elementor-element-f84c572 e-con-full e-flex e-con e-child\" data-id=\"f84c572\" data-element_type=\"container\">\n\t\t<div class=\"elementor-element elementor-element-491d372 e-con-full e-flex e-con e-child\" data-id=\"491d372\" data-element_type=\"container\">\n\t\t\t\t<div class=\"elementor-element elementor-element-5b9089d elementor-view-default elementor-widget elementor-widget-icon\" data-id=\"5b9089d\" data-element_type=\"widget\" data-widget_type=\"icon.default\">\n\t\t\t\t\t\t\t<div class=\"elementor-icon-wrapper\">\n\t\t\t<div class=\"elementor-icon\">\n\t\t\t<svg aria-hidden=\"true\" class=\"e-font-icon-svg e-fas-search\" viewBox=\"0 0 512 512\" xmlns=\"http:\/\/www.w3.org\/2000\/svg\"><path d=\"M505 442.7L405.3 343c-4.5-4.5-10.6-7-17-7H372c27.6-35.3 44-79.7 44-128C416 93.1 322.9 0 208 0S0 93.1 0 208s93.1 208 208 208c48.3 0 92.7-16.4 128-44v16.3c0 6.4 2.5 12.5 7 17l99.7 99.7c9.4 9.4 24.6 9.4 33.9 0l28.3-28.3c9.4-9.4 9.4-24.6.1-34zM208 336c-70.7 0-128-57.2-128-128 0-70.7 57.2-128 128-128 70.7 0 128 57.2 128 128 0 70.7-57.2 128-128 128z\"><\/path><\/svg>\t\t\t<\/div>\n\t\t<\/div>\n\t\t\t\t\t\t<\/div>\n\t\t\t\t<\/div>\n\t\t<div class=\"elementor-element elementor-element-9d17ab1 e-con-full e-flex e-con e-child\" data-id=\"9d17ab1\" data-element_type=\"container\">\n\t\t\t\t<div class=\"elementor-element elementor-element-8771b28 elementor-widget elementor-widget-text-editor\" data-id=\"8771b28\" data-element_type=\"widget\" data-widget_type=\"text-editor.default\">\n\t\t\t\t\t\t\t\t\t<p>Lorem ipsum dolor sit amet, consectetur adipiscing elit. Ut elit tellus, luctus nec ullamcorper mattis, pulvinar dapibus leo. Lorem ipsum dolor sit amet, consectetur adipiscing elit. Ut elit tellus, luctus nec ullamcorper mattis, pulvinar dapibus leo.<\/p>\t\t\t\t\t\t\t\t<\/div>\n\t\t\t\t<\/div>\n\t\t\t\t<\/div>\n\t\t\t\t\t<\/div>\n\t\t\t\t<\/div>\n\t\t\t\t<\/div>\n\t\t<div class=\"elementor-element elementor-element-d7deda9 e-flex e-con-boxed e-con e-parent\" data-id=\"d7deda9\" data-element_type=\"container\" data-settings=\"{&quot;background_background&quot;:&quot;classic&quot;}\">\n\t\t\t\t\t<div class=\"e-con-inner\">\n\t\t\t\t<div class=\"elementor-element elementor-element-00d973a elementor-widget elementor-widget-button\" data-id=\"00d973a\" data-element_type=\"widget\" data-widget_type=\"button.default\">\n\t\t\t\t\t\t\t\t\t\t<a class=\"elementor-button elementor-button-link elementor-size-sm\" href=\"#elementor-action%3Aaction%3Dpopup%3Aopen%26settings%3DeyJpZCI6IjExNzQiLCJ0b2dnbGUiOmZhbHNlfQ%3D%3D\">\n\t\t\t\t\t\t<span class=\"elementor-button-content-wrapper\">\n\t\t\t\t\t\t\t\t\t<span class=\"elementor-button-text\">Fale com um de nossos especialistas<\/span>\n\t\t\t\t\t<\/span>\n\t\t\t\t\t<\/a>\n\t\t\t\t\t\t\t\t<\/div>\n\t\t\t\t\t<\/div>\n\t\t\t\t<\/div>\n\t\t\t\t<\/div>\n\t\t","protected":false},"excerpt":{"rendered":"<p>Nossos Materiais \u00c9 um dos elast\u00f4meros mais amplamente utilizados na ind\u00fastria de veda\u00e7\u00f5es devido \u00e0 sua excelente resist\u00eancia qu\u00edmica, especialmente a \u00f3leos e combust\u00edveis derivados de petr\u00f3leo, \u00f3leos hidr\u00e1ulicos, \u00e1gua e \u00e1lcoois. Tamb\u00e9m se destaca por suas propriedades f\u00edsicas, como baixa deforma\u00e7\u00e3o permanente, alta resist\u00eancia \u00e0 tra\u00e7\u00e3o e \u00e0 abras\u00e3o. Caracter\u00edsticas principais: Cor Padr\u00e3o: Preto. [&hellip;]<\/p>\n","protected":false},"author":1,"featured_media":0,"parent":27,"menu_order":0,"comment_status":"closed","ping_status":"closed","template":"","meta":{"footnotes":""},"class_list":["post-763","page","type-page","status-publish","hentry"],"_links":{"self":[{"href":"https:\/\/www.jslvedacoes.com.br\/site\/wp-json\/wp\/v2\/pages\/763","targetHints":{"allow":["GET"]}}],"collection":[{"href":"https:\/\/www.jslvedacoes.com.br\/site\/wp-json\/wp\/v2\/pages"}],"about":[{"href":"https:\/\/www.jslvedacoes.com.br\/site\/wp-json\/wp\/v2\/types\/page"}],"author":[{"embeddable":true,"href":"https:\/\/www.jslvedacoes.com.br\/site\/wp-json\/wp\/v2\/users\/1"}],"replies":[{"embeddable":true,"href":"https:\/\/www.jslvedacoes.com.br\/site\/wp-json\/wp\/v2\/comments?post=763"}],"version-history":[{"count":26,"href":"https:\/\/www.jslvedacoes.com.br\/site\/wp-json\/wp\/v2\/pages\/763\/revisions"}],"predecessor-version":[{"id":1185,"href":"https:\/\/www.jslvedacoes.com.br\/site\/wp-json\/wp\/v2\/pages\/763\/revisions\/1185"}],"up":[{"embeddable":true,"href":"https:\/\/www.jslvedacoes.com.br\/site\/wp-json\/wp\/v2\/pages\/27"}],"wp:attachment":[{"href":"https:\/\/www.jslvedacoes.com.br\/site\/wp-json\/wp\/v2\/media?parent=763"}],"curies":[{"name":"wp","href":"https:\/\/api.w.org\/{rel}","templated":true}]}}