{"id":773,"date":"2024-12-15T17:57:17","date_gmt":"2024-12-15T20:57:17","guid":{"rendered":"https:\/\/www.jslvedacoes.com.br\/site\/?page_id=773"},"modified":"2025-04-03T12:47:23","modified_gmt":"2025-04-03T15:47:23","slug":"epdm","status":"publish","type":"page","link":"https:\/\/www.jslvedacoes.com.br\/site\/materiais\/epdm\/","title":{"rendered":"EPDM"},"content":{"rendered":"\t\t<div data-elementor-type=\"wp-page\" data-elementor-id=\"773\" class=\"elementor elementor-773\" data-elementor-post-type=\"page\">\n\t\t\t\t<div class=\"elementor-element elementor-element-e0be4d4 e-flex e-con-boxed e-con e-parent\" data-id=\"e0be4d4\" data-element_type=\"container\" data-settings=\"{&quot;background_background&quot;:&quot;classic&quot;,&quot;background_motion_fx_motion_fx_scrolling&quot;:&quot;yes&quot;,&quot;background_motion_fx_scale_effect&quot;:&quot;yes&quot;,&quot;background_motion_fx_scale_direction&quot;:&quot;out-in&quot;,&quot;background_motion_fx_scale_speed&quot;:{&quot;unit&quot;:&quot;px&quot;,&quot;size&quot;:4,&quot;sizes&quot;:[]},&quot;background_motion_fx_scale_range&quot;:{&quot;unit&quot;:&quot;%&quot;,&quot;size&quot;:&quot;&quot;,&quot;sizes&quot;:{&quot;start&quot;:20,&quot;end&quot;:80}},&quot;background_motion_fx_devices&quot;:[&quot;desktop&quot;,&quot;tablet&quot;,&quot;mobile&quot;]}\">\n\t\t\t\t\t<div class=\"e-con-inner\">\n\t\t\t\t<div class=\"elementor-element elementor-element-47198c4 elementor-widget elementor-widget-heading\" data-id=\"47198c4\" data-element_type=\"widget\" data-widget_type=\"heading.default\">\n\t\t\t\t\t<h1 class=\"elementor-heading-title elementor-size-default\">Nossos Materiais<\/h1>\t\t\t\t<\/div>\n\t\t\t\t\t<\/div>\n\t\t\t\t<\/div>\n\t\t<div class=\"elementor-element elementor-element-4440e43 e-con-full e-flex e-con e-parent\" data-id=\"4440e43\" data-element_type=\"container\" data-settings=\"{&quot;background_background&quot;:&quot;classic&quot;}\">\n\t\t<div class=\"elementor-element elementor-element-c267c73 e-flex e-con-boxed e-con e-child\" data-id=\"c267c73\" data-element_type=\"container\">\n\t\t\t\t\t<div class=\"e-con-inner\">\n\t\t\t\t<div class=\"elementor-element elementor-element-5e81404 elementor-widget-divider--view-line elementor-widget elementor-widget-divider\" data-id=\"5e81404\" data-element_type=\"widget\" data-widget_type=\"divider.default\">\n\t\t\t\t\t\t\t<div class=\"elementor-divider\">\n\t\t\t<span class=\"elementor-divider-separator\">\n\t\t\t\t\t\t<\/span>\n\t\t<\/div>\n\t\t\t\t\t\t<\/div>\n\t\t\t\t\t<\/div>\n\t\t\t\t<\/div>\n\t\t<div class=\"elementor-element elementor-element-3c12cdb e-flex e-con-boxed e-con e-child\" data-id=\"3c12cdb\" data-element_type=\"container\">\n\t\t\t\t\t<div class=\"e-con-inner\">\n\t\t<div class=\"elementor-element elementor-element-c20ccf4 e-con-full e-flex e-con e-child\" data-id=\"c20ccf4\" data-element_type=\"container\">\n\t\t\t\t<div class=\"elementor-element elementor-element-0d0f43e elementor-widget elementor-widget-text-editor\" data-id=\"0d0f43e\" data-element_type=\"widget\" data-widget_type=\"text-editor.default\">\n\t\t\t\t\t\t\t\t\t<p><span style=\"font-weight: 400;\">O EPDM \u00e9 um copol\u00edmero de etileno e propileno (EPM) combinado com um terceiro mon\u00f4mero (EPDM). \u00c9 amplamente utilizado na ind\u00fastria de veda\u00e7\u00f5es devido \u00e0s suas not\u00e1veis caracter\u00edsticas de resist\u00eancia, superando a Nitrila em termos de prote\u00e7\u00e3o contra agentes qu\u00edmicos que causam degrada\u00e7\u00e3o r\u00e1pida. Possui excelente resist\u00eancia a solventes polares, como cetonas (MEK e acetona), e \u00e9 altamente recomendado para aplica\u00e7\u00f5es com vapor (at\u00e9 200\u00b0C), \u00e1gua quente, \u00f3leos e graxas \u00e0 base de silicone, \u00e1cidos e \u00e1lcalis dilu\u00eddos, al\u00e9m de alco\u00f3is e fluidos de freio automotivos. Apresenta tamb\u00e9m excelente resist\u00eancia ao envelhecimento causado por oz\u00f4nio e luz solar.<\/span><\/p><p><strong>Caracter\u00edsticas principais:<\/strong><\/p><p><span style=\"font-weight: 400;\">Cor Padr\u00e3o: Preto.<\/span><\/p><p><span style=\"font-weight: 400;\">Limita\u00e7\u00f5es: N\u00e3o \u00e9 recomendado para contato com solventes, \u00f3leos e combust\u00edveis derivados de petr\u00f3leo.<\/span><\/p><p><strong>Dados t\u00e9cnicos:<\/strong><\/p><p><span style=\"font-weight: 400;\">Faixa de Temperatura: -50\u00b0C a +150\u00b0C.<\/span><\/p><p><span style=\"font-weight: 400;\">Dureza (Shore A): Entre 40 e 90.<\/span><\/p>\t\t\t\t\t\t\t\t<\/div>\n\t\t\t\t<\/div>\n\t\t<div class=\"elementor-element elementor-element-39ca47e e-con-full elementor-hidden-desktop elementor-hidden-tablet elementor-hidden-mobile e-flex e-con e-child\" data-id=\"39ca47e\" data-element_type=\"container\">\n\t\t\t\t<\/div>\n\t\t\t\t\t<\/div>\n\t\t\t\t<\/div>\n\t\t\t\t<\/div>\n\t\t<div class=\"elementor-element elementor-element-6367862 e-con-full elementor-hidden-desktop elementor-hidden-tablet elementor-hidden-mobile e-flex e-con e-parent\" data-id=\"6367862\" data-element_type=\"container\" data-settings=\"{&quot;background_background&quot;:&quot;classic&quot;}\">\n\t\t<div class=\"elementor-element elementor-element-c154366 e-flex e-con-boxed e-con e-child\" data-id=\"c154366\" data-element_type=\"container\">\n\t\t\t\t\t<div class=\"e-con-inner\">\n\t\t\t\t<div class=\"elementor-element elementor-element-33da172 elementor-widget elementor-widget-heading\" data-id=\"33da172\" data-element_type=\"widget\" data-widget_type=\"heading.default\">\n\t\t\t\t\t<h1 class=\"elementor-heading-title elementor-size-default\">Descri\u00e7\u00e3o<\/h1>\t\t\t\t<\/div>\n\t\t\t\t<div class=\"elementor-element elementor-element-94ad10c elementor-widget-divider--view-line elementor-widget elementor-widget-divider\" data-id=\"94ad10c\" data-element_type=\"widget\" data-widget_type=\"divider.default\">\n\t\t\t\t\t\t\t<div class=\"elementor-divider\">\n\t\t\t<span class=\"elementor-divider-separator\">\n\t\t\t\t\t\t<\/span>\n\t\t<\/div>\n\t\t\t\t\t\t<\/div>\n\t\t<div class=\"elementor-element elementor-element-f1be54a e-con-full e-flex e-con e-child\" data-id=\"f1be54a\" data-element_type=\"container\">\n\t\t<div class=\"elementor-element elementor-element-c978415 e-con-full e-flex e-con e-child\" data-id=\"c978415\" data-element_type=\"container\">\n\t\t\t\t<div class=\"elementor-element elementor-element-d4b99fd elementor-view-default elementor-widget elementor-widget-icon\" data-id=\"d4b99fd\" data-element_type=\"widget\" data-widget_type=\"icon.default\">\n\t\t\t\t\t\t\t<div class=\"elementor-icon-wrapper\">\n\t\t\t<div class=\"elementor-icon\">\n\t\t\t<svg aria-hidden=\"true\" class=\"e-font-icon-svg e-fas-search\" viewBox=\"0 0 512 512\" xmlns=\"http:\/\/www.w3.org\/2000\/svg\"><path d=\"M505 442.7L405.3 343c-4.5-4.5-10.6-7-17-7H372c27.6-35.3 44-79.7 44-128C416 93.1 322.9 0 208 0S0 93.1 0 208s93.1 208 208 208c48.3 0 92.7-16.4 128-44v16.3c0 6.4 2.5 12.5 7 17l99.7 99.7c9.4 9.4 24.6 9.4 33.9 0l28.3-28.3c9.4-9.4 9.4-24.6.1-34zM208 336c-70.7 0-128-57.2-128-128 0-70.7 57.2-128 128-128 70.7 0 128 57.2 128 128 0 70.7-57.2 128-128 128z\"><\/path><\/svg>\t\t\t<\/div>\n\t\t<\/div>\n\t\t\t\t\t\t<\/div>\n\t\t\t\t<\/div>\n\t\t<div class=\"elementor-element elementor-element-8f43972 e-con-full e-flex e-con e-child\" data-id=\"8f43972\" data-element_type=\"container\">\n\t\t\t\t<div class=\"elementor-element elementor-element-59094e0 elementor-widget elementor-widget-text-editor\" data-id=\"59094e0\" data-element_type=\"widget\" data-widget_type=\"text-editor.default\">\n\t\t\t\t\t\t\t\t\t<p>Lorem ipsum dolor sit amet, consectetur adipiscing elit. Ut elit tellus, luctus nec ullamcorper mattis, pulvinar dapibus leo. Lorem ipsum dolor sit amet, consectetur adipiscing elit. Ut elit tellus, luctus nec ullamcorper mattis, pulvinar dapibus leo.<\/p>\t\t\t\t\t\t\t\t<\/div>\n\t\t\t\t<\/div>\n\t\t\t\t<\/div>\n\t\t<div class=\"elementor-element elementor-element-6bd2737 e-con-full e-flex e-con e-child\" data-id=\"6bd2737\" data-element_type=\"container\">\n\t\t<div class=\"elementor-element elementor-element-1082824 e-con-full e-flex e-con e-child\" data-id=\"1082824\" data-element_type=\"container\">\n\t\t\t\t<div class=\"elementor-element elementor-element-fc981f0 elementor-view-default elementor-widget elementor-widget-icon\" data-id=\"fc981f0\" data-element_type=\"widget\" data-widget_type=\"icon.default\">\n\t\t\t\t\t\t\t<div class=\"elementor-icon-wrapper\">\n\t\t\t<div class=\"elementor-icon\">\n\t\t\t<svg aria-hidden=\"true\" class=\"e-font-icon-svg e-fas-search\" viewBox=\"0 0 512 512\" xmlns=\"http:\/\/www.w3.org\/2000\/svg\"><path d=\"M505 442.7L405.3 343c-4.5-4.5-10.6-7-17-7H372c27.6-35.3 44-79.7 44-128C416 93.1 322.9 0 208 0S0 93.1 0 208s93.1 208 208 208c48.3 0 92.7-16.4 128-44v16.3c0 6.4 2.5 12.5 7 17l99.7 99.7c9.4 9.4 24.6 9.4 33.9 0l28.3-28.3c9.4-9.4 9.4-24.6.1-34zM208 336c-70.7 0-128-57.2-128-128 0-70.7 57.2-128 128-128 70.7 0 128 57.2 128 128 0 70.7-57.2 128-128 128z\"><\/path><\/svg>\t\t\t<\/div>\n\t\t<\/div>\n\t\t\t\t\t\t<\/div>\n\t\t\t\t<\/div>\n\t\t<div class=\"elementor-element elementor-element-66dac31 e-con-full e-flex e-con e-child\" data-id=\"66dac31\" data-element_type=\"container\">\n\t\t\t\t<div class=\"elementor-element elementor-element-9fc5fa0 elementor-widget elementor-widget-text-editor\" data-id=\"9fc5fa0\" data-element_type=\"widget\" data-widget_type=\"text-editor.default\">\n\t\t\t\t\t\t\t\t\t<p>Lorem ipsum dolor sit amet, consectetur adipiscing elit. Ut elit tellus, luctus nec ullamcorper mattis, pulvinar dapibus leo. Lorem ipsum dolor sit amet, consectetur adipiscing elit. Ut elit tellus, luctus nec ullamcorper mattis, pulvinar dapibus leo.<\/p>\t\t\t\t\t\t\t\t<\/div>\n\t\t\t\t<\/div>\n\t\t\t\t<\/div>\n\t\t<div class=\"elementor-element elementor-element-fbed540 e-con-full e-flex e-con e-child\" data-id=\"fbed540\" data-element_type=\"container\">\n\t\t<div class=\"elementor-element elementor-element-f0c3452 e-con-full e-flex e-con e-child\" data-id=\"f0c3452\" data-element_type=\"container\">\n\t\t\t\t<div class=\"elementor-element elementor-element-a44f155 elementor-view-default elementor-widget elementor-widget-icon\" data-id=\"a44f155\" data-element_type=\"widget\" data-widget_type=\"icon.default\">\n\t\t\t\t\t\t\t<div class=\"elementor-icon-wrapper\">\n\t\t\t<div class=\"elementor-icon\">\n\t\t\t<svg aria-hidden=\"true\" class=\"e-font-icon-svg e-fas-search\" viewBox=\"0 0 512 512\" xmlns=\"http:\/\/www.w3.org\/2000\/svg\"><path d=\"M505 442.7L405.3 343c-4.5-4.5-10.6-7-17-7H372c27.6-35.3 44-79.7 44-128C416 93.1 322.9 0 208 0S0 93.1 0 208s93.1 208 208 208c48.3 0 92.7-16.4 128-44v16.3c0 6.4 2.5 12.5 7 17l99.7 99.7c9.4 9.4 24.6 9.4 33.9 0l28.3-28.3c9.4-9.4 9.4-24.6.1-34zM208 336c-70.7 0-128-57.2-128-128 0-70.7 57.2-128 128-128 70.7 0 128 57.2 128 128 0 70.7-57.2 128-128 128z\"><\/path><\/svg>\t\t\t<\/div>\n\t\t<\/div>\n\t\t\t\t\t\t<\/div>\n\t\t\t\t<\/div>\n\t\t<div class=\"elementor-element elementor-element-d378bb6 e-con-full e-flex e-con e-child\" data-id=\"d378bb6\" data-element_type=\"container\">\n\t\t\t\t<div class=\"elementor-element elementor-element-84248ff elementor-widget elementor-widget-text-editor\" data-id=\"84248ff\" data-element_type=\"widget\" data-widget_type=\"text-editor.default\">\n\t\t\t\t\t\t\t\t\t<p>Lorem ipsum dolor sit amet, consectetur adipiscing elit. Ut elit tellus, luctus nec ullamcorper mattis, pulvinar dapibus leo. Lorem ipsum dolor sit amet, consectetur adipiscing elit. Ut elit tellus, luctus nec ullamcorper mattis, pulvinar dapibus leo.<\/p>\t\t\t\t\t\t\t\t<\/div>\n\t\t\t\t<\/div>\n\t\t\t\t<\/div>\n\t\t<div class=\"elementor-element elementor-element-026658a e-con-full e-flex e-con e-child\" data-id=\"026658a\" data-element_type=\"container\">\n\t\t<div class=\"elementor-element elementor-element-1d57673 e-con-full e-flex e-con e-child\" data-id=\"1d57673\" data-element_type=\"container\">\n\t\t\t\t<div class=\"elementor-element elementor-element-67e768f elementor-view-default elementor-widget elementor-widget-icon\" data-id=\"67e768f\" data-element_type=\"widget\" data-widget_type=\"icon.default\">\n\t\t\t\t\t\t\t<div class=\"elementor-icon-wrapper\">\n\t\t\t<div class=\"elementor-icon\">\n\t\t\t<svg aria-hidden=\"true\" class=\"e-font-icon-svg e-fas-search\" viewBox=\"0 0 512 512\" xmlns=\"http:\/\/www.w3.org\/2000\/svg\"><path d=\"M505 442.7L405.3 343c-4.5-4.5-10.6-7-17-7H372c27.6-35.3 44-79.7 44-128C416 93.1 322.9 0 208 0S0 93.1 0 208s93.1 208 208 208c48.3 0 92.7-16.4 128-44v16.3c0 6.4 2.5 12.5 7 17l99.7 99.7c9.4 9.4 24.6 9.4 33.9 0l28.3-28.3c9.4-9.4 9.4-24.6.1-34zM208 336c-70.7 0-128-57.2-128-128 0-70.7 57.2-128 128-128 70.7 0 128 57.2 128 128 0 70.7-57.2 128-128 128z\"><\/path><\/svg>\t\t\t<\/div>\n\t\t<\/div>\n\t\t\t\t\t\t<\/div>\n\t\t\t\t<\/div>\n\t\t<div class=\"elementor-element elementor-element-a4c0d5b e-con-full e-flex e-con e-child\" data-id=\"a4c0d5b\" data-element_type=\"container\">\n\t\t\t\t<div class=\"elementor-element elementor-element-f51a446 elementor-widget elementor-widget-text-editor\" data-id=\"f51a446\" data-element_type=\"widget\" data-widget_type=\"text-editor.default\">\n\t\t\t\t\t\t\t\t\t<p>Lorem ipsum dolor sit amet, consectetur adipiscing elit. Ut elit tellus, luctus nec ullamcorper mattis, pulvinar dapibus leo. Lorem ipsum dolor sit amet, consectetur adipiscing elit. Ut elit tellus, luctus nec ullamcorper mattis, pulvinar dapibus leo.<\/p>\t\t\t\t\t\t\t\t<\/div>\n\t\t\t\t<\/div>\n\t\t\t\t<\/div>\n\t\t\t\t\t<\/div>\n\t\t\t\t<\/div>\n\t\t\t\t<\/div>\n\t\t<div class=\"elementor-element elementor-element-6dcd4d2 e-flex e-con-boxed e-con e-parent\" data-id=\"6dcd4d2\" data-element_type=\"container\" data-settings=\"{&quot;background_background&quot;:&quot;classic&quot;}\">\n\t\t\t\t\t<div class=\"e-con-inner\">\n\t\t\t\t<div class=\"elementor-element elementor-element-f5db901 elementor-widget elementor-widget-button\" data-id=\"f5db901\" data-element_type=\"widget\" data-widget_type=\"button.default\">\n\t\t\t\t\t\t\t\t\t\t<a class=\"elementor-button elementor-button-link elementor-size-sm\" href=\"#elementor-action%3Aaction%3Dpopup%3Aopen%26settings%3DeyJpZCI6IjExNzQiLCJ0b2dnbGUiOmZhbHNlfQ%3D%3D\">\n\t\t\t\t\t\t<span class=\"elementor-button-content-wrapper\">\n\t\t\t\t\t\t\t\t\t<span class=\"elementor-button-text\">Fale com um de nossos especialistas<\/span>\n\t\t\t\t\t<\/span>\n\t\t\t\t\t<\/a>\n\t\t\t\t\t\t\t\t<\/div>\n\t\t\t\t\t<\/div>\n\t\t\t\t<\/div>\n\t\t\t\t<\/div>\n\t\t","protected":false},"excerpt":{"rendered":"<p>Nossos Materiais O EPDM \u00e9 um copol\u00edmero de etileno e propileno (EPM) combinado com um terceiro mon\u00f4mero (EPDM). \u00c9 amplamente utilizado na ind\u00fastria de veda\u00e7\u00f5es devido \u00e0s suas not\u00e1veis caracter\u00edsticas de resist\u00eancia, superando a Nitrila em termos de prote\u00e7\u00e3o contra agentes qu\u00edmicos que causam degrada\u00e7\u00e3o r\u00e1pida. Possui excelente resist\u00eancia a solventes polares, como cetonas (MEK [&hellip;]<\/p>\n","protected":false},"author":1,"featured_media":0,"parent":27,"menu_order":0,"comment_status":"closed","ping_status":"closed","template":"","meta":{"footnotes":""},"class_list":["post-773","page","type-page","status-publish","hentry"],"_links":{"self":[{"href":"https:\/\/www.jslvedacoes.com.br\/site\/wp-json\/wp\/v2\/pages\/773","targetHints":{"allow":["GET"]}}],"collection":[{"href":"https:\/\/www.jslvedacoes.com.br\/site\/wp-json\/wp\/v2\/pages"}],"about":[{"href":"https:\/\/www.jslvedacoes.com.br\/site\/wp-json\/wp\/v2\/types\/page"}],"author":[{"embeddable":true,"href":"https:\/\/www.jslvedacoes.com.br\/site\/wp-json\/wp\/v2\/users\/1"}],"replies":[{"embeddable":true,"href":"https:\/\/www.jslvedacoes.com.br\/site\/wp-json\/wp\/v2\/comments?post=773"}],"version-history":[{"count":25,"href":"https:\/\/www.jslvedacoes.com.br\/site\/wp-json\/wp\/v2\/pages\/773\/revisions"}],"predecessor-version":[{"id":1188,"href":"https:\/\/www.jslvedacoes.com.br\/site\/wp-json\/wp\/v2\/pages\/773\/revisions\/1188"}],"up":[{"embeddable":true,"href":"https:\/\/www.jslvedacoes.com.br\/site\/wp-json\/wp\/v2\/pages\/27"}],"wp:attachment":[{"href":"https:\/\/www.jslvedacoes.com.br\/site\/wp-json\/wp\/v2\/media?parent=773"}],"curies":[{"name":"wp","href":"https:\/\/api.w.org\/{rel}","templated":true}]}}