{"id":784,"date":"2024-12-15T18:02:04","date_gmt":"2024-12-15T21:02:04","guid":{"rendered":"https:\/\/www.jslvedacoes.com.br\/site\/?page_id=784"},"modified":"2025-04-03T12:48:41","modified_gmt":"2025-04-03T15:48:41","slug":"silicone","status":"publish","type":"page","link":"https:\/\/www.jslvedacoes.com.br\/site\/materiais\/silicone\/","title":{"rendered":"SILICONE"},"content":{"rendered":"\t\t<div data-elementor-type=\"wp-page\" data-elementor-id=\"784\" class=\"elementor elementor-784\" data-elementor-post-type=\"page\">\n\t\t\t\t<div class=\"elementor-element elementor-element-0cc3789 e-flex e-con-boxed e-con e-parent\" data-id=\"0cc3789\" data-element_type=\"container\" data-settings=\"{&quot;background_background&quot;:&quot;classic&quot;,&quot;background_motion_fx_motion_fx_scrolling&quot;:&quot;yes&quot;,&quot;background_motion_fx_scale_effect&quot;:&quot;yes&quot;,&quot;background_motion_fx_scale_direction&quot;:&quot;out-in&quot;,&quot;background_motion_fx_scale_speed&quot;:{&quot;unit&quot;:&quot;px&quot;,&quot;size&quot;:4,&quot;sizes&quot;:[]},&quot;background_motion_fx_scale_range&quot;:{&quot;unit&quot;:&quot;%&quot;,&quot;size&quot;:&quot;&quot;,&quot;sizes&quot;:{&quot;start&quot;:20,&quot;end&quot;:80}},&quot;background_motion_fx_devices&quot;:[&quot;desktop&quot;,&quot;tablet&quot;,&quot;mobile&quot;]}\">\n\t\t\t\t\t<div class=\"e-con-inner\">\n\t\t\t\t<div class=\"elementor-element elementor-element-bcb43a3 elementor-widget elementor-widget-heading\" data-id=\"bcb43a3\" data-element_type=\"widget\" data-widget_type=\"heading.default\">\n\t\t\t\t\t<h1 class=\"elementor-heading-title elementor-size-default\">Nossos Materiais<\/h1>\t\t\t\t<\/div>\n\t\t\t\t\t<\/div>\n\t\t\t\t<\/div>\n\t\t<div class=\"elementor-element elementor-element-4b49834 e-con-full e-flex e-con e-parent\" data-id=\"4b49834\" data-element_type=\"container\" data-settings=\"{&quot;background_background&quot;:&quot;classic&quot;}\">\n\t\t<div class=\"elementor-element elementor-element-c79245b e-flex e-con-boxed e-con e-child\" data-id=\"c79245b\" data-element_type=\"container\">\n\t\t\t\t\t<div class=\"e-con-inner\">\n\t\t\t\t<div class=\"elementor-element elementor-element-ef8595b elementor-widget-divider--view-line elementor-widget elementor-widget-divider\" data-id=\"ef8595b\" data-element_type=\"widget\" data-widget_type=\"divider.default\">\n\t\t\t\t\t\t\t<div class=\"elementor-divider\">\n\t\t\t<span class=\"elementor-divider-separator\">\n\t\t\t\t\t\t<\/span>\n\t\t<\/div>\n\t\t\t\t\t\t<\/div>\n\t\t\t\t\t<\/div>\n\t\t\t\t<\/div>\n\t\t<div class=\"elementor-element elementor-element-bdf6494 e-flex e-con-boxed e-con e-child\" data-id=\"bdf6494\" data-element_type=\"container\">\n\t\t\t\t\t<div class=\"e-con-inner\">\n\t\t<div class=\"elementor-element elementor-element-03d11ca e-con-full e-flex e-con e-child\" data-id=\"03d11ca\" data-element_type=\"container\">\n\t\t\t\t<div class=\"elementor-element elementor-element-cebfc8e elementor-widget elementor-widget-text-editor\" data-id=\"cebfc8e\" data-element_type=\"widget\" data-widget_type=\"text-editor.default\">\n\t\t\t\t\t\t\t\t\t<p><span style=\"font-weight: 400;\">Os elast\u00f4meros de silicone s\u00e3o compostos por uma combina\u00e7\u00e3o de sil\u00edcio, oxig\u00eanio, hidrog\u00eanio e carbono. S\u00e3o amplamente reconhecidos por suas qualidades de reten\u00e7\u00e3o, flexibilidade e baixa deforma\u00e7\u00e3o permanente sob compress\u00e3o, com uma ampla faixa de temperaturas de opera\u00e7\u00e3o. S\u00e3o particularmente recomendados para veda\u00e7\u00f5es est\u00e1ticas que exigem resist\u00eancia a temperaturas extremas, tanto altas quanto muito baixas. Al\u00e9m disso, as siliconas se destacam pela resist\u00eancia ao envelhecimento causado pela luz solar e ao ataque do oz\u00f4nio.<\/span><\/p><p><span style=\"font-weight: 400;\">Embora o silicone tenha excelente resist\u00eancia t\u00e9rmica, ele possui baixa resist\u00eancia \u00e0 tra\u00e7\u00e3o, rasgamento e abras\u00e3o. Sua alta pegajosidade torna-o inadequado para veda\u00e7\u00f5es din\u00e2micas, e tamb\u00e9m n\u00e3o \u00e9 recomendado para vedar gases, cetonas, \u00e1cidos concentrados ou vapor d&#8217;\u00e1gua.<\/span><\/p><p><strong>Caracter\u00edsticas principais:<\/strong><\/p><p><span style=\"font-weight: 400;\">Cor Padr\u00e3o: Vermelho<\/span><\/p><p><strong>Dados t\u00e9cnicos:<\/strong><\/p><p><span style=\"font-weight: 400;\">Faixa de Temperatura: Composto padr\u00e3o: -55\u00b0C a +230\u00b0C (em calor seco e n\u00e3o cont\u00ednuo).<\/span><\/p><p><span style=\"font-weight: 400;\">Dureza (Shore A): De 25 a 80 shore.<\/span><\/p>\t\t\t\t\t\t\t\t<\/div>\n\t\t\t\t<\/div>\n\t\t<div class=\"elementor-element elementor-element-5d11d12 e-con-full elementor-hidden-desktop elementor-hidden-tablet elementor-hidden-mobile e-flex e-con e-child\" data-id=\"5d11d12\" data-element_type=\"container\">\n\t\t\t\t<\/div>\n\t\t\t\t\t<\/div>\n\t\t\t\t<\/div>\n\t\t\t\t<\/div>\n\t\t<div class=\"elementor-element elementor-element-7b40310 e-con-full elementor-hidden-desktop elementor-hidden-tablet elementor-hidden-mobile e-flex e-con e-parent\" data-id=\"7b40310\" data-element_type=\"container\" data-settings=\"{&quot;background_background&quot;:&quot;classic&quot;}\">\n\t\t<div class=\"elementor-element elementor-element-8f37388 e-flex e-con-boxed e-con e-child\" data-id=\"8f37388\" data-element_type=\"container\">\n\t\t\t\t\t<div class=\"e-con-inner\">\n\t\t\t\t<div class=\"elementor-element elementor-element-22cddba elementor-widget elementor-widget-heading\" data-id=\"22cddba\" data-element_type=\"widget\" data-widget_type=\"heading.default\">\n\t\t\t\t\t<h1 class=\"elementor-heading-title elementor-size-default\">Descri\u00e7\u00e3o<\/h1>\t\t\t\t<\/div>\n\t\t\t\t<div class=\"elementor-element elementor-element-526227f elementor-widget-divider--view-line elementor-widget elementor-widget-divider\" data-id=\"526227f\" data-element_type=\"widget\" data-widget_type=\"divider.default\">\n\t\t\t\t\t\t\t<div class=\"elementor-divider\">\n\t\t\t<span class=\"elementor-divider-separator\">\n\t\t\t\t\t\t<\/span>\n\t\t<\/div>\n\t\t\t\t\t\t<\/div>\n\t\t<div class=\"elementor-element elementor-element-2919beb e-con-full e-flex e-con e-child\" data-id=\"2919beb\" data-element_type=\"container\">\n\t\t<div class=\"elementor-element elementor-element-d2d3855 e-con-full e-flex e-con e-child\" data-id=\"d2d3855\" data-element_type=\"container\">\n\t\t\t\t<div class=\"elementor-element elementor-element-0626e1f elementor-view-default elementor-widget elementor-widget-icon\" data-id=\"0626e1f\" data-element_type=\"widget\" data-widget_type=\"icon.default\">\n\t\t\t\t\t\t\t<div class=\"elementor-icon-wrapper\">\n\t\t\t<div class=\"elementor-icon\">\n\t\t\t<svg aria-hidden=\"true\" class=\"e-font-icon-svg e-fas-search\" viewBox=\"0 0 512 512\" xmlns=\"http:\/\/www.w3.org\/2000\/svg\"><path d=\"M505 442.7L405.3 343c-4.5-4.5-10.6-7-17-7H372c27.6-35.3 44-79.7 44-128C416 93.1 322.9 0 208 0S0 93.1 0 208s93.1 208 208 208c48.3 0 92.7-16.4 128-44v16.3c0 6.4 2.5 12.5 7 17l99.7 99.7c9.4 9.4 24.6 9.4 33.9 0l28.3-28.3c9.4-9.4 9.4-24.6.1-34zM208 336c-70.7 0-128-57.2-128-128 0-70.7 57.2-128 128-128 70.7 0 128 57.2 128 128 0 70.7-57.2 128-128 128z\"><\/path><\/svg>\t\t\t<\/div>\n\t\t<\/div>\n\t\t\t\t\t\t<\/div>\n\t\t\t\t<\/div>\n\t\t<div class=\"elementor-element elementor-element-e305206 e-con-full e-flex e-con e-child\" data-id=\"e305206\" data-element_type=\"container\">\n\t\t\t\t<div class=\"elementor-element elementor-element-627f110 elementor-widget elementor-widget-text-editor\" data-id=\"627f110\" data-element_type=\"widget\" data-widget_type=\"text-editor.default\">\n\t\t\t\t\t\t\t\t\t<p>Lorem ipsum dolor sit amet, consectetur adipiscing elit. Ut elit tellus, luctus nec ullamcorper mattis, pulvinar dapibus leo. Lorem ipsum dolor sit amet, consectetur adipiscing elit. Ut elit tellus, luctus nec ullamcorper mattis, pulvinar dapibus leo.<\/p>\t\t\t\t\t\t\t\t<\/div>\n\t\t\t\t<\/div>\n\t\t\t\t<\/div>\n\t\t<div class=\"elementor-element elementor-element-abd6ae5 e-con-full e-flex e-con e-child\" data-id=\"abd6ae5\" data-element_type=\"container\">\n\t\t<div class=\"elementor-element elementor-element-900fdab e-con-full e-flex e-con e-child\" data-id=\"900fdab\" data-element_type=\"container\">\n\t\t\t\t<div class=\"elementor-element elementor-element-906ec75 elementor-view-default elementor-widget elementor-widget-icon\" data-id=\"906ec75\" data-element_type=\"widget\" data-widget_type=\"icon.default\">\n\t\t\t\t\t\t\t<div class=\"elementor-icon-wrapper\">\n\t\t\t<div class=\"elementor-icon\">\n\t\t\t<svg aria-hidden=\"true\" class=\"e-font-icon-svg e-fas-search\" viewBox=\"0 0 512 512\" xmlns=\"http:\/\/www.w3.org\/2000\/svg\"><path d=\"M505 442.7L405.3 343c-4.5-4.5-10.6-7-17-7H372c27.6-35.3 44-79.7 44-128C416 93.1 322.9 0 208 0S0 93.1 0 208s93.1 208 208 208c48.3 0 92.7-16.4 128-44v16.3c0 6.4 2.5 12.5 7 17l99.7 99.7c9.4 9.4 24.6 9.4 33.9 0l28.3-28.3c9.4-9.4 9.4-24.6.1-34zM208 336c-70.7 0-128-57.2-128-128 0-70.7 57.2-128 128-128 70.7 0 128 57.2 128 128 0 70.7-57.2 128-128 128z\"><\/path><\/svg>\t\t\t<\/div>\n\t\t<\/div>\n\t\t\t\t\t\t<\/div>\n\t\t\t\t<\/div>\n\t\t<div class=\"elementor-element elementor-element-2c32965 e-con-full e-flex e-con e-child\" data-id=\"2c32965\" data-element_type=\"container\">\n\t\t\t\t<div class=\"elementor-element elementor-element-fc36f28 elementor-widget elementor-widget-text-editor\" data-id=\"fc36f28\" data-element_type=\"widget\" data-widget_type=\"text-editor.default\">\n\t\t\t\t\t\t\t\t\t<p>Lorem ipsum dolor sit amet, consectetur adipiscing elit. Ut elit tellus, luctus nec ullamcorper mattis, pulvinar dapibus leo. Lorem ipsum dolor sit amet, consectetur adipiscing elit. Ut elit tellus, luctus nec ullamcorper mattis, pulvinar dapibus leo.<\/p>\t\t\t\t\t\t\t\t<\/div>\n\t\t\t\t<\/div>\n\t\t\t\t<\/div>\n\t\t<div class=\"elementor-element elementor-element-24925de e-con-full e-flex e-con e-child\" data-id=\"24925de\" data-element_type=\"container\">\n\t\t<div class=\"elementor-element elementor-element-9bc3688 e-con-full e-flex e-con e-child\" data-id=\"9bc3688\" data-element_type=\"container\">\n\t\t\t\t<div class=\"elementor-element elementor-element-2f36052 elementor-view-default elementor-widget elementor-widget-icon\" data-id=\"2f36052\" data-element_type=\"widget\" data-widget_type=\"icon.default\">\n\t\t\t\t\t\t\t<div class=\"elementor-icon-wrapper\">\n\t\t\t<div class=\"elementor-icon\">\n\t\t\t<svg aria-hidden=\"true\" class=\"e-font-icon-svg e-fas-search\" viewBox=\"0 0 512 512\" xmlns=\"http:\/\/www.w3.org\/2000\/svg\"><path d=\"M505 442.7L405.3 343c-4.5-4.5-10.6-7-17-7H372c27.6-35.3 44-79.7 44-128C416 93.1 322.9 0 208 0S0 93.1 0 208s93.1 208 208 208c48.3 0 92.7-16.4 128-44v16.3c0 6.4 2.5 12.5 7 17l99.7 99.7c9.4 9.4 24.6 9.4 33.9 0l28.3-28.3c9.4-9.4 9.4-24.6.1-34zM208 336c-70.7 0-128-57.2-128-128 0-70.7 57.2-128 128-128 70.7 0 128 57.2 128 128 0 70.7-57.2 128-128 128z\"><\/path><\/svg>\t\t\t<\/div>\n\t\t<\/div>\n\t\t\t\t\t\t<\/div>\n\t\t\t\t<\/div>\n\t\t<div class=\"elementor-element elementor-element-dd2386d e-con-full e-flex e-con e-child\" data-id=\"dd2386d\" data-element_type=\"container\">\n\t\t\t\t<div class=\"elementor-element elementor-element-404a676 elementor-widget elementor-widget-text-editor\" data-id=\"404a676\" data-element_type=\"widget\" data-widget_type=\"text-editor.default\">\n\t\t\t\t\t\t\t\t\t<p>Lorem ipsum dolor sit amet, consectetur adipiscing elit. Ut elit tellus, luctus nec ullamcorper mattis, pulvinar dapibus leo. Lorem ipsum dolor sit amet, consectetur adipiscing elit. Ut elit tellus, luctus nec ullamcorper mattis, pulvinar dapibus leo.<\/p>\t\t\t\t\t\t\t\t<\/div>\n\t\t\t\t<\/div>\n\t\t\t\t<\/div>\n\t\t<div class=\"elementor-element elementor-element-81cd38b e-con-full e-flex e-con e-child\" data-id=\"81cd38b\" data-element_type=\"container\">\n\t\t<div class=\"elementor-element elementor-element-21d19cd e-con-full e-flex e-con e-child\" data-id=\"21d19cd\" data-element_type=\"container\">\n\t\t\t\t<div class=\"elementor-element elementor-element-ff2ef0b elementor-view-default elementor-widget elementor-widget-icon\" data-id=\"ff2ef0b\" data-element_type=\"widget\" data-widget_type=\"icon.default\">\n\t\t\t\t\t\t\t<div class=\"elementor-icon-wrapper\">\n\t\t\t<div class=\"elementor-icon\">\n\t\t\t<svg aria-hidden=\"true\" class=\"e-font-icon-svg e-fas-search\" viewBox=\"0 0 512 512\" xmlns=\"http:\/\/www.w3.org\/2000\/svg\"><path d=\"M505 442.7L405.3 343c-4.5-4.5-10.6-7-17-7H372c27.6-35.3 44-79.7 44-128C416 93.1 322.9 0 208 0S0 93.1 0 208s93.1 208 208 208c48.3 0 92.7-16.4 128-44v16.3c0 6.4 2.5 12.5 7 17l99.7 99.7c9.4 9.4 24.6 9.4 33.9 0l28.3-28.3c9.4-9.4 9.4-24.6.1-34zM208 336c-70.7 0-128-57.2-128-128 0-70.7 57.2-128 128-128 70.7 0 128 57.2 128 128 0 70.7-57.2 128-128 128z\"><\/path><\/svg>\t\t\t<\/div>\n\t\t<\/div>\n\t\t\t\t\t\t<\/div>\n\t\t\t\t<\/div>\n\t\t<div class=\"elementor-element elementor-element-3b852bc e-con-full e-flex e-con e-child\" data-id=\"3b852bc\" data-element_type=\"container\">\n\t\t\t\t<div class=\"elementor-element elementor-element-003dbb8 elementor-widget elementor-widget-text-editor\" data-id=\"003dbb8\" data-element_type=\"widget\" data-widget_type=\"text-editor.default\">\n\t\t\t\t\t\t\t\t\t<p>Lorem ipsum dolor sit amet, consectetur adipiscing elit. Ut elit tellus, luctus nec ullamcorper mattis, pulvinar dapibus leo. Lorem ipsum dolor sit amet, consectetur adipiscing elit. Ut elit tellus, luctus nec ullamcorper mattis, pulvinar dapibus leo.<\/p>\t\t\t\t\t\t\t\t<\/div>\n\t\t\t\t<\/div>\n\t\t\t\t<\/div>\n\t\t\t\t\t<\/div>\n\t\t\t\t<\/div>\n\t\t\t\t<\/div>\n\t\t<div class=\"elementor-element elementor-element-6dc325a e-flex e-con-boxed e-con e-parent\" data-id=\"6dc325a\" data-element_type=\"container\" data-settings=\"{&quot;background_background&quot;:&quot;classic&quot;}\">\n\t\t\t\t\t<div class=\"e-con-inner\">\n\t\t\t\t<div class=\"elementor-element elementor-element-94bff07 elementor-widget elementor-widget-button\" data-id=\"94bff07\" data-element_type=\"widget\" data-widget_type=\"button.default\">\n\t\t\t\t\t\t\t\t\t\t<a class=\"elementor-button elementor-button-link elementor-size-sm\" href=\"#elementor-action%3Aaction%3Dpopup%3Aopen%26settings%3DeyJpZCI6IjExNzQiLCJ0b2dnbGUiOmZhbHNlfQ%3D%3D\">\n\t\t\t\t\t\t<span class=\"elementor-button-content-wrapper\">\n\t\t\t\t\t\t\t\t\t<span class=\"elementor-button-text\">Fale com um de nossos especialistas<\/span>\n\t\t\t\t\t<\/span>\n\t\t\t\t\t<\/a>\n\t\t\t\t\t\t\t\t<\/div>\n\t\t\t\t\t<\/div>\n\t\t\t\t<\/div>\n\t\t\t\t<\/div>\n\t\t","protected":false},"excerpt":{"rendered":"<p>Nossos Materiais Os elast\u00f4meros de silicone s\u00e3o compostos por uma combina\u00e7\u00e3o de sil\u00edcio, oxig\u00eanio, hidrog\u00eanio e carbono. S\u00e3o amplamente reconhecidos por suas qualidades de reten\u00e7\u00e3o, flexibilidade e baixa deforma\u00e7\u00e3o permanente sob compress\u00e3o, com uma ampla faixa de temperaturas de opera\u00e7\u00e3o. S\u00e3o particularmente recomendados para veda\u00e7\u00f5es est\u00e1ticas que exigem resist\u00eancia a temperaturas extremas, tanto altas quanto [&hellip;]<\/p>\n","protected":false},"author":1,"featured_media":0,"parent":27,"menu_order":0,"comment_status":"closed","ping_status":"closed","template":"","meta":{"footnotes":""},"class_list":["post-784","page","type-page","status-publish","hentry"],"_links":{"self":[{"href":"https:\/\/www.jslvedacoes.com.br\/site\/wp-json\/wp\/v2\/pages\/784","targetHints":{"allow":["GET"]}}],"collection":[{"href":"https:\/\/www.jslvedacoes.com.br\/site\/wp-json\/wp\/v2\/pages"}],"about":[{"href":"https:\/\/www.jslvedacoes.com.br\/site\/wp-json\/wp\/v2\/types\/page"}],"author":[{"embeddable":true,"href":"https:\/\/www.jslvedacoes.com.br\/site\/wp-json\/wp\/v2\/users\/1"}],"replies":[{"embeddable":true,"href":"https:\/\/www.jslvedacoes.com.br\/site\/wp-json\/wp\/v2\/comments?post=784"}],"version-history":[{"count":17,"href":"https:\/\/www.jslvedacoes.com.br\/site\/wp-json\/wp\/v2\/pages\/784\/revisions"}],"predecessor-version":[{"id":1194,"href":"https:\/\/www.jslvedacoes.com.br\/site\/wp-json\/wp\/v2\/pages\/784\/revisions\/1194"}],"up":[{"embeddable":true,"href":"https:\/\/www.jslvedacoes.com.br\/site\/wp-json\/wp\/v2\/pages\/27"}],"wp:attachment":[{"href":"https:\/\/www.jslvedacoes.com.br\/site\/wp-json\/wp\/v2\/media?parent=784"}],"curies":[{"name":"wp","href":"https:\/\/api.w.org\/{rel}","templated":true}]}}