{"id":793,"date":"2024-12-15T20:36:36","date_gmt":"2024-12-15T23:36:36","guid":{"rendered":"https:\/\/www.jslvedacoes.com.br\/site\/?page_id=793"},"modified":"2025-04-03T12:49:47","modified_gmt":"2025-04-03T15:49:47","slug":"viton-fkm","status":"publish","type":"page","link":"https:\/\/www.jslvedacoes.com.br\/site\/materiais\/viton-fkm\/","title":{"rendered":"VITON &#8211; FKM"},"content":{"rendered":"\t\t<div data-elementor-type=\"wp-page\" data-elementor-id=\"793\" class=\"elementor elementor-793\" data-elementor-post-type=\"page\">\n\t\t\t\t<div class=\"elementor-element elementor-element-0832609 e-flex e-con-boxed e-con e-parent\" data-id=\"0832609\" data-element_type=\"container\" data-settings=\"{&quot;background_background&quot;:&quot;classic&quot;,&quot;background_motion_fx_motion_fx_scrolling&quot;:&quot;yes&quot;,&quot;background_motion_fx_scale_effect&quot;:&quot;yes&quot;,&quot;background_motion_fx_scale_direction&quot;:&quot;out-in&quot;,&quot;background_motion_fx_scale_speed&quot;:{&quot;unit&quot;:&quot;px&quot;,&quot;size&quot;:4,&quot;sizes&quot;:[]},&quot;background_motion_fx_scale_range&quot;:{&quot;unit&quot;:&quot;%&quot;,&quot;size&quot;:&quot;&quot;,&quot;sizes&quot;:{&quot;start&quot;:20,&quot;end&quot;:80}},&quot;background_motion_fx_devices&quot;:[&quot;desktop&quot;,&quot;tablet&quot;,&quot;mobile&quot;]}\">\n\t\t\t\t\t<div class=\"e-con-inner\">\n\t\t\t\t<div class=\"elementor-element elementor-element-36b8cca elementor-widget elementor-widget-heading\" data-id=\"36b8cca\" data-element_type=\"widget\" data-widget_type=\"heading.default\">\n\t\t\t\t\t<h1 class=\"elementor-heading-title elementor-size-default\">Nossos Materiais<\/h1>\t\t\t\t<\/div>\n\t\t\t\t\t<\/div>\n\t\t\t\t<\/div>\n\t\t<div class=\"elementor-element elementor-element-99ba6b8 e-con-full e-flex e-con e-parent\" data-id=\"99ba6b8\" data-element_type=\"container\" data-settings=\"{&quot;background_background&quot;:&quot;classic&quot;}\">\n\t\t<div class=\"elementor-element elementor-element-52b3bb4 e-flex e-con-boxed e-con e-child\" data-id=\"52b3bb4\" data-element_type=\"container\">\n\t\t\t\t\t<div class=\"e-con-inner\">\n\t\t\t\t<div class=\"elementor-element elementor-element-af48ac1 elementor-widget-divider--view-line elementor-widget elementor-widget-divider\" data-id=\"af48ac1\" data-element_type=\"widget\" data-widget_type=\"divider.default\">\n\t\t\t\t\t\t\t<div class=\"elementor-divider\">\n\t\t\t<span class=\"elementor-divider-separator\">\n\t\t\t\t\t\t<\/span>\n\t\t<\/div>\n\t\t\t\t\t\t<\/div>\n\t\t\t\t\t<\/div>\n\t\t\t\t<\/div>\n\t\t<div class=\"elementor-element elementor-element-9878198 e-flex e-con-boxed e-con e-child\" data-id=\"9878198\" data-element_type=\"container\">\n\t\t\t\t\t<div class=\"e-con-inner\">\n\t\t<div class=\"elementor-element elementor-element-d3617bc e-con-full e-flex e-con e-child\" data-id=\"d3617bc\" data-element_type=\"container\">\n\t\t\t\t<div class=\"elementor-element elementor-element-185d2ca elementor-widget elementor-widget-text-editor\" data-id=\"185d2ca\" data-element_type=\"widget\" data-widget_type=\"text-editor.default\">\n\t\t\t\t\t\t\t\t\t<p><span style=\"font-weight: 400;\">O FKM (fluorocarbono) \u00e9 um elast\u00f4mero conhecido por sua excepcional resist\u00eancia a altas temperaturas e a produtos qu\u00edmicos agressivos, tornando-o uma escolha ideal para veda\u00e7\u00f5es. Os compostos de FKM s\u00e3o altamente resistentes ao incha\u00e7o causado por gasolina, misturas de gasolina com \u00e1lcool, al\u00e9m de serem imunes \u00e0 degrada\u00e7\u00e3o causada por luz ultravioleta e oz\u00f4nio. Com baixa permeabilidade aos gases, o FKM \u00e9 especialmente adequado para aplica\u00e7\u00f5es em v\u00e1cuo severo. Este material tamb\u00e9m \u00e9 recomendado para ambientes com exposi\u00e7\u00e3o a cetonas, aminas, \u00e9steres de baixo peso molecular, \u00e1cidos hidroflu\u00f3ricos, \u00e1cidos clorosulf\u00f4nicos e fluidos &#8220;skydrol&#8221;.<\/span><\/p><p><strong>Caracter\u00edsticas principais:<\/strong><\/p><p><span style=\"font-weight: 400;\">Cor Padr\u00e3o: Preto,marrom,verde e laranja.<\/span><\/p><p><strong>Dados t\u00e9cnicos:<\/strong><\/p><p><span style=\"font-weight: 400;\">Faixa de Temperatura: Composto padr\u00e3o: -25\u00b0C a +200\u00b0C.<\/span><\/p><p><span style=\"font-weight: 400;\">Dureza (Shore A): De 50 a 90 shore.<\/span><\/p>\t\t\t\t\t\t\t\t<\/div>\n\t\t\t\t<\/div>\n\t\t<div class=\"elementor-element elementor-element-e2c9545 e-con-full elementor-hidden-desktop elementor-hidden-tablet elementor-hidden-mobile e-flex e-con e-child\" data-id=\"e2c9545\" data-element_type=\"container\">\n\t\t\t\t<\/div>\n\t\t\t\t\t<\/div>\n\t\t\t\t<\/div>\n\t\t\t\t<\/div>\n\t\t<div class=\"elementor-element elementor-element-0d83830 e-con-full elementor-hidden-desktop elementor-hidden-tablet elementor-hidden-mobile e-flex e-con e-parent\" data-id=\"0d83830\" data-element_type=\"container\" data-settings=\"{&quot;background_background&quot;:&quot;classic&quot;}\">\n\t\t<div class=\"elementor-element elementor-element-8646aaf e-flex e-con-boxed e-con e-child\" data-id=\"8646aaf\" data-element_type=\"container\">\n\t\t\t\t\t<div class=\"e-con-inner\">\n\t\t\t\t<div class=\"elementor-element elementor-element-48e1e58 elementor-widget elementor-widget-heading\" data-id=\"48e1e58\" data-element_type=\"widget\" data-widget_type=\"heading.default\">\n\t\t\t\t\t<h1 class=\"elementor-heading-title elementor-size-default\">Descri\u00e7\u00e3o<\/h1>\t\t\t\t<\/div>\n\t\t\t\t<div class=\"elementor-element elementor-element-ab5362c elementor-widget-divider--view-line elementor-widget elementor-widget-divider\" data-id=\"ab5362c\" data-element_type=\"widget\" data-widget_type=\"divider.default\">\n\t\t\t\t\t\t\t<div class=\"elementor-divider\">\n\t\t\t<span class=\"elementor-divider-separator\">\n\t\t\t\t\t\t<\/span>\n\t\t<\/div>\n\t\t\t\t\t\t<\/div>\n\t\t<div class=\"elementor-element elementor-element-f140762 e-con-full e-flex e-con e-child\" data-id=\"f140762\" data-element_type=\"container\">\n\t\t<div class=\"elementor-element elementor-element-9d63cb8 e-con-full e-flex e-con e-child\" data-id=\"9d63cb8\" data-element_type=\"container\">\n\t\t\t\t<div class=\"elementor-element elementor-element-ce5fa74 elementor-view-default elementor-widget elementor-widget-icon\" data-id=\"ce5fa74\" data-element_type=\"widget\" data-widget_type=\"icon.default\">\n\t\t\t\t\t\t\t<div class=\"elementor-icon-wrapper\">\n\t\t\t<div class=\"elementor-icon\">\n\t\t\t<svg aria-hidden=\"true\" class=\"e-font-icon-svg e-fas-search\" viewBox=\"0 0 512 512\" xmlns=\"http:\/\/www.w3.org\/2000\/svg\"><path d=\"M505 442.7L405.3 343c-4.5-4.5-10.6-7-17-7H372c27.6-35.3 44-79.7 44-128C416 93.1 322.9 0 208 0S0 93.1 0 208s93.1 208 208 208c48.3 0 92.7-16.4 128-44v16.3c0 6.4 2.5 12.5 7 17l99.7 99.7c9.4 9.4 24.6 9.4 33.9 0l28.3-28.3c9.4-9.4 9.4-24.6.1-34zM208 336c-70.7 0-128-57.2-128-128 0-70.7 57.2-128 128-128 70.7 0 128 57.2 128 128 0 70.7-57.2 128-128 128z\"><\/path><\/svg>\t\t\t<\/div>\n\t\t<\/div>\n\t\t\t\t\t\t<\/div>\n\t\t\t\t<\/div>\n\t\t<div class=\"elementor-element elementor-element-2719f6e e-con-full e-flex e-con e-child\" data-id=\"2719f6e\" data-element_type=\"container\">\n\t\t\t\t<div class=\"elementor-element elementor-element-634a451 elementor-widget elementor-widget-text-editor\" data-id=\"634a451\" data-element_type=\"widget\" data-widget_type=\"text-editor.default\">\n\t\t\t\t\t\t\t\t\t<p>Lorem ipsum dolor sit amet, consectetur adipiscing elit. Ut elit tellus, luctus nec ullamcorper mattis, pulvinar dapibus leo. Lorem ipsum dolor sit amet, consectetur adipiscing elit. Ut elit tellus, luctus nec ullamcorper mattis, pulvinar dapibus leo.<\/p>\t\t\t\t\t\t\t\t<\/div>\n\t\t\t\t<\/div>\n\t\t\t\t<\/div>\n\t\t<div class=\"elementor-element elementor-element-9440b9a e-con-full e-flex e-con e-child\" data-id=\"9440b9a\" data-element_type=\"container\">\n\t\t<div class=\"elementor-element elementor-element-55109d4 e-con-full e-flex e-con e-child\" data-id=\"55109d4\" data-element_type=\"container\">\n\t\t\t\t<div class=\"elementor-element elementor-element-09bfb39 elementor-view-default elementor-widget elementor-widget-icon\" data-id=\"09bfb39\" data-element_type=\"widget\" data-widget_type=\"icon.default\">\n\t\t\t\t\t\t\t<div class=\"elementor-icon-wrapper\">\n\t\t\t<div class=\"elementor-icon\">\n\t\t\t<svg aria-hidden=\"true\" class=\"e-font-icon-svg e-fas-search\" viewBox=\"0 0 512 512\" xmlns=\"http:\/\/www.w3.org\/2000\/svg\"><path d=\"M505 442.7L405.3 343c-4.5-4.5-10.6-7-17-7H372c27.6-35.3 44-79.7 44-128C416 93.1 322.9 0 208 0S0 93.1 0 208s93.1 208 208 208c48.3 0 92.7-16.4 128-44v16.3c0 6.4 2.5 12.5 7 17l99.7 99.7c9.4 9.4 24.6 9.4 33.9 0l28.3-28.3c9.4-9.4 9.4-24.6.1-34zM208 336c-70.7 0-128-57.2-128-128 0-70.7 57.2-128 128-128 70.7 0 128 57.2 128 128 0 70.7-57.2 128-128 128z\"><\/path><\/svg>\t\t\t<\/div>\n\t\t<\/div>\n\t\t\t\t\t\t<\/div>\n\t\t\t\t<\/div>\n\t\t<div class=\"elementor-element elementor-element-e9477b6 e-con-full e-flex e-con e-child\" data-id=\"e9477b6\" data-element_type=\"container\">\n\t\t\t\t<div class=\"elementor-element elementor-element-99a874f elementor-widget elementor-widget-text-editor\" data-id=\"99a874f\" data-element_type=\"widget\" data-widget_type=\"text-editor.default\">\n\t\t\t\t\t\t\t\t\t<p>Lorem ipsum dolor sit amet, consectetur adipiscing elit. Ut elit tellus, luctus nec ullamcorper mattis, pulvinar dapibus leo. Lorem ipsum dolor sit amet, consectetur adipiscing elit. Ut elit tellus, luctus nec ullamcorper mattis, pulvinar dapibus leo.<\/p>\t\t\t\t\t\t\t\t<\/div>\n\t\t\t\t<\/div>\n\t\t\t\t<\/div>\n\t\t<div class=\"elementor-element elementor-element-192c7cd e-con-full e-flex e-con e-child\" data-id=\"192c7cd\" data-element_type=\"container\">\n\t\t<div class=\"elementor-element elementor-element-7cced9f e-con-full e-flex e-con e-child\" data-id=\"7cced9f\" data-element_type=\"container\">\n\t\t\t\t<div class=\"elementor-element elementor-element-f6cfa72 elementor-view-default elementor-widget elementor-widget-icon\" data-id=\"f6cfa72\" data-element_type=\"widget\" data-widget_type=\"icon.default\">\n\t\t\t\t\t\t\t<div class=\"elementor-icon-wrapper\">\n\t\t\t<div class=\"elementor-icon\">\n\t\t\t<svg aria-hidden=\"true\" class=\"e-font-icon-svg e-fas-search\" viewBox=\"0 0 512 512\" xmlns=\"http:\/\/www.w3.org\/2000\/svg\"><path d=\"M505 442.7L405.3 343c-4.5-4.5-10.6-7-17-7H372c27.6-35.3 44-79.7 44-128C416 93.1 322.9 0 208 0S0 93.1 0 208s93.1 208 208 208c48.3 0 92.7-16.4 128-44v16.3c0 6.4 2.5 12.5 7 17l99.7 99.7c9.4 9.4 24.6 9.4 33.9 0l28.3-28.3c9.4-9.4 9.4-24.6.1-34zM208 336c-70.7 0-128-57.2-128-128 0-70.7 57.2-128 128-128 70.7 0 128 57.2 128 128 0 70.7-57.2 128-128 128z\"><\/path><\/svg>\t\t\t<\/div>\n\t\t<\/div>\n\t\t\t\t\t\t<\/div>\n\t\t\t\t<\/div>\n\t\t<div class=\"elementor-element elementor-element-cac9168 e-con-full e-flex e-con e-child\" data-id=\"cac9168\" data-element_type=\"container\">\n\t\t\t\t<div class=\"elementor-element elementor-element-f8af418 elementor-widget elementor-widget-text-editor\" data-id=\"f8af418\" data-element_type=\"widget\" data-widget_type=\"text-editor.default\">\n\t\t\t\t\t\t\t\t\t<p>Lorem ipsum dolor sit amet, consectetur adipiscing elit. Ut elit tellus, luctus nec ullamcorper mattis, pulvinar dapibus leo. Lorem ipsum dolor sit amet, consectetur adipiscing elit. Ut elit tellus, luctus nec ullamcorper mattis, pulvinar dapibus leo.<\/p>\t\t\t\t\t\t\t\t<\/div>\n\t\t\t\t<\/div>\n\t\t\t\t<\/div>\n\t\t<div class=\"elementor-element elementor-element-9fb01db e-con-full e-flex e-con e-child\" data-id=\"9fb01db\" data-element_type=\"container\">\n\t\t<div class=\"elementor-element elementor-element-772c242 e-con-full e-flex e-con e-child\" data-id=\"772c242\" data-element_type=\"container\">\n\t\t\t\t<div class=\"elementor-element elementor-element-befaaaa elementor-view-default elementor-widget elementor-widget-icon\" data-id=\"befaaaa\" data-element_type=\"widget\" data-widget_type=\"icon.default\">\n\t\t\t\t\t\t\t<div class=\"elementor-icon-wrapper\">\n\t\t\t<div class=\"elementor-icon\">\n\t\t\t<svg aria-hidden=\"true\" class=\"e-font-icon-svg e-fas-search\" viewBox=\"0 0 512 512\" xmlns=\"http:\/\/www.w3.org\/2000\/svg\"><path d=\"M505 442.7L405.3 343c-4.5-4.5-10.6-7-17-7H372c27.6-35.3 44-79.7 44-128C416 93.1 322.9 0 208 0S0 93.1 0 208s93.1 208 208 208c48.3 0 92.7-16.4 128-44v16.3c0 6.4 2.5 12.5 7 17l99.7 99.7c9.4 9.4 24.6 9.4 33.9 0l28.3-28.3c9.4-9.4 9.4-24.6.1-34zM208 336c-70.7 0-128-57.2-128-128 0-70.7 57.2-128 128-128 70.7 0 128 57.2 128 128 0 70.7-57.2 128-128 128z\"><\/path><\/svg>\t\t\t<\/div>\n\t\t<\/div>\n\t\t\t\t\t\t<\/div>\n\t\t\t\t<\/div>\n\t\t<div class=\"elementor-element elementor-element-243d41d e-con-full e-flex e-con e-child\" data-id=\"243d41d\" data-element_type=\"container\">\n\t\t\t\t<div class=\"elementor-element elementor-element-4f7385a elementor-widget elementor-widget-text-editor\" data-id=\"4f7385a\" data-element_type=\"widget\" data-widget_type=\"text-editor.default\">\n\t\t\t\t\t\t\t\t\t<p>Lorem ipsum dolor sit amet, consectetur adipiscing elit. Ut elit tellus, luctus nec ullamcorper mattis, pulvinar dapibus leo. Lorem ipsum dolor sit amet, consectetur adipiscing elit. Ut elit tellus, luctus nec ullamcorper mattis, pulvinar dapibus leo.<\/p>\t\t\t\t\t\t\t\t<\/div>\n\t\t\t\t<\/div>\n\t\t\t\t<\/div>\n\t\t\t\t\t<\/div>\n\t\t\t\t<\/div>\n\t\t\t\t<\/div>\n\t\t<div class=\"elementor-element elementor-element-494c108 e-flex e-con-boxed e-con e-parent\" data-id=\"494c108\" data-element_type=\"container\" data-settings=\"{&quot;background_background&quot;:&quot;classic&quot;}\">\n\t\t\t\t\t<div class=\"e-con-inner\">\n\t\t\t\t<div class=\"elementor-element elementor-element-418d84e elementor-widget elementor-widget-button\" data-id=\"418d84e\" data-element_type=\"widget\" data-widget_type=\"button.default\">\n\t\t\t\t\t\t\t\t\t\t<a class=\"elementor-button elementor-button-link elementor-size-sm\" href=\"#elementor-action%3Aaction%3Dpopup%3Aopen%26settings%3DeyJpZCI6IjExNzQiLCJ0b2dnbGUiOmZhbHNlfQ%3D%3D\">\n\t\t\t\t\t\t<span class=\"elementor-button-content-wrapper\">\n\t\t\t\t\t\t\t\t\t<span class=\"elementor-button-text\">Fale com um de nossos especialistas<\/span>\n\t\t\t\t\t<\/span>\n\t\t\t\t\t<\/a>\n\t\t\t\t\t\t\t\t<\/div>\n\t\t\t\t\t<\/div>\n\t\t\t\t<\/div>\n\t\t\t\t<\/div>\n\t\t","protected":false},"excerpt":{"rendered":"<p>Nossos Materiais O FKM (fluorocarbono) \u00e9 um elast\u00f4mero conhecido por sua excepcional resist\u00eancia a altas temperaturas e a produtos qu\u00edmicos agressivos, tornando-o uma escolha ideal para veda\u00e7\u00f5es. Os compostos de FKM s\u00e3o altamente resistentes ao incha\u00e7o causado por gasolina, misturas de gasolina com \u00e1lcool, al\u00e9m de serem imunes \u00e0 degrada\u00e7\u00e3o causada por luz ultravioleta e [&hellip;]<\/p>\n","protected":false},"author":1,"featured_media":0,"parent":27,"menu_order":0,"comment_status":"closed","ping_status":"closed","template":"","meta":{"footnotes":""},"class_list":["post-793","page","type-page","status-publish","hentry"],"_links":{"self":[{"href":"https:\/\/www.jslvedacoes.com.br\/site\/wp-json\/wp\/v2\/pages\/793","targetHints":{"allow":["GET"]}}],"collection":[{"href":"https:\/\/www.jslvedacoes.com.br\/site\/wp-json\/wp\/v2\/pages"}],"about":[{"href":"https:\/\/www.jslvedacoes.com.br\/site\/wp-json\/wp\/v2\/types\/page"}],"author":[{"embeddable":true,"href":"https:\/\/www.jslvedacoes.com.br\/site\/wp-json\/wp\/v2\/users\/1"}],"replies":[{"embeddable":true,"href":"https:\/\/www.jslvedacoes.com.br\/site\/wp-json\/wp\/v2\/comments?post=793"}],"version-history":[{"count":16,"href":"https:\/\/www.jslvedacoes.com.br\/site\/wp-json\/wp\/v2\/pages\/793\/revisions"}],"predecessor-version":[{"id":1206,"href":"https:\/\/www.jslvedacoes.com.br\/site\/wp-json\/wp\/v2\/pages\/793\/revisions\/1206"}],"up":[{"embeddable":true,"href":"https:\/\/www.jslvedacoes.com.br\/site\/wp-json\/wp\/v2\/pages\/27"}],"wp:attachment":[{"href":"https:\/\/www.jslvedacoes.com.br\/site\/wp-json\/wp\/v2\/media?parent=793"}],"curies":[{"name":"wp","href":"https:\/\/api.w.org\/{rel}","templated":true}]}}