{"id":801,"date":"2024-12-15T21:12:46","date_gmt":"2024-12-16T00:12:46","guid":{"rendered":"https:\/\/www.jslvedacoes.com.br\/site\/?page_id=801"},"modified":"2025-04-03T12:48:50","modified_gmt":"2025-04-03T15:48:50","slug":"teflon-puro-ptfe","status":"publish","type":"page","link":"https:\/\/www.jslvedacoes.com.br\/site\/materiais\/teflon-puro-ptfe\/","title":{"rendered":"TEFLON PURO (PTFE)"},"content":{"rendered":"\t\t<div data-elementor-type=\"wp-page\" data-elementor-id=\"801\" class=\"elementor elementor-801\" data-elementor-post-type=\"page\">\n\t\t\t\t<div class=\"elementor-element elementor-element-d023993 e-flex e-con-boxed e-con e-parent\" data-id=\"d023993\" data-element_type=\"container\" data-settings=\"{&quot;background_background&quot;:&quot;classic&quot;,&quot;background_motion_fx_motion_fx_scrolling&quot;:&quot;yes&quot;,&quot;background_motion_fx_scale_effect&quot;:&quot;yes&quot;,&quot;background_motion_fx_scale_direction&quot;:&quot;out-in&quot;,&quot;background_motion_fx_scale_speed&quot;:{&quot;unit&quot;:&quot;px&quot;,&quot;size&quot;:4,&quot;sizes&quot;:[]},&quot;background_motion_fx_scale_range&quot;:{&quot;unit&quot;:&quot;%&quot;,&quot;size&quot;:&quot;&quot;,&quot;sizes&quot;:{&quot;start&quot;:20,&quot;end&quot;:80}},&quot;background_motion_fx_devices&quot;:[&quot;desktop&quot;,&quot;tablet&quot;,&quot;mobile&quot;]}\">\n\t\t\t\t\t<div class=\"e-con-inner\">\n\t\t\t\t<div class=\"elementor-element elementor-element-78ad1fd elementor-widget elementor-widget-heading\" data-id=\"78ad1fd\" data-element_type=\"widget\" data-widget_type=\"heading.default\">\n\t\t\t\t\t<h1 class=\"elementor-heading-title elementor-size-default\">Nossos Materiais<\/h1>\t\t\t\t<\/div>\n\t\t\t\t\t<\/div>\n\t\t\t\t<\/div>\n\t\t<div class=\"elementor-element elementor-element-daade54 e-con-full e-flex e-con e-parent\" data-id=\"daade54\" data-element_type=\"container\" data-settings=\"{&quot;background_background&quot;:&quot;classic&quot;}\">\n\t\t<div class=\"elementor-element elementor-element-b0d1dad e-flex e-con-boxed e-con e-child\" data-id=\"b0d1dad\" data-element_type=\"container\">\n\t\t\t\t\t<div class=\"e-con-inner\">\n\t\t\t\t<div class=\"elementor-element elementor-element-3eca7c9 elementor-widget-divider--view-line elementor-widget elementor-widget-divider\" data-id=\"3eca7c9\" data-element_type=\"widget\" data-widget_type=\"divider.default\">\n\t\t\t\t\t\t\t<div class=\"elementor-divider\">\n\t\t\t<span class=\"elementor-divider-separator\">\n\t\t\t\t\t\t<\/span>\n\t\t<\/div>\n\t\t\t\t\t\t<\/div>\n\t\t\t\t\t<\/div>\n\t\t\t\t<\/div>\n\t\t<div class=\"elementor-element elementor-element-beda1a8 e-flex e-con-boxed e-con e-child\" data-id=\"beda1a8\" data-element_type=\"container\">\n\t\t\t\t\t<div class=\"e-con-inner\">\n\t\t<div class=\"elementor-element elementor-element-f7e82ce e-con-full e-flex e-con e-child\" data-id=\"f7e82ce\" data-element_type=\"container\">\n\t\t\t\t<div class=\"elementor-element elementor-element-fd3af36 elementor-widget elementor-widget-text-editor\" data-id=\"fd3af36\" data-element_type=\"widget\" data-widget_type=\"text-editor.default\">\n\t\t\t\t\t\t\t\t\t<p><span style=\"font-weight: 400;\">O PTFE (politetrafluoretileno) cont\u00e9m fluorcarbono em sua composi\u00e7\u00e3o, o que lhe confere not\u00e1veis propriedades qu\u00edmicas e f\u00edsicas de resist\u00eancia. Suas caracter\u00edsticas excepcionais n\u00e3o s\u00e3o encontradas em outros pl\u00e1sticos, sendo, muitas vezes, a \u00fanica solu\u00e7\u00e3o para problemas de materiais, desde que adaptado \u00e0 forma espec\u00edfica da pe\u00e7a.<\/span><\/p><p><strong>Caracter\u00edsticas principais:<\/strong><\/p><p><span style=\"font-weight: 400;\">Alta durabilidade;<\/span><\/p><p><span style=\"font-weight: 400;\">Excelente estabilidade t\u00e9rmica;<\/span><\/p><p><span style=\"font-weight: 400;\">In\u00e9rcia frente a produtos qu\u00edmicos;<\/span><\/p><p><span style=\"font-weight: 400;\">Propriedades isolantes;<\/span><\/p><p><span style=\"font-weight: 400;\">Not\u00e1veis qualidades de deslizamento;<\/span><\/p><p><span style=\"font-weight: 400;\">Impermeabilidade a gases.<\/span><\/p><p><span style=\"font-weight: 400;\">Este material \u00e9 produzido atrav\u00e9s do aquecimento (a 1000\u00b0C) do difluor-mono-clorometano, passando por v\u00e1rias transforma\u00e7\u00f5es at\u00e9 ser polimerizado para formar politetrafluoretileno, originando a sigla PTFE.<\/span><\/p><p><strong>Dados t\u00e9cnicos:<\/strong><\/p><p><span style=\"font-weight: 400;\">Faixa de Temperatura: -200\u00b0C a +260\u00b0C.<\/span><\/p><p><span style=\"font-weight: 400;\">Dureza (Shore 0): Entre 57 e 68 shore, dependendo das cargas aplicadas.<\/span><\/p>\t\t\t\t\t\t\t\t<\/div>\n\t\t\t\t<\/div>\n\t\t<div class=\"elementor-element elementor-element-d6371bb e-con-full elementor-hidden-desktop elementor-hidden-tablet elementor-hidden-mobile e-flex e-con e-child\" data-id=\"d6371bb\" data-element_type=\"container\">\n\t\t\t\t<\/div>\n\t\t\t\t\t<\/div>\n\t\t\t\t<\/div>\n\t\t\t\t<\/div>\n\t\t<div class=\"elementor-element elementor-element-30122bd e-con-full elementor-hidden-desktop elementor-hidden-tablet elementor-hidden-mobile e-flex e-con e-parent\" data-id=\"30122bd\" data-element_type=\"container\" data-settings=\"{&quot;background_background&quot;:&quot;classic&quot;}\">\n\t\t<div class=\"elementor-element elementor-element-7a77130 e-flex e-con-boxed e-con e-child\" data-id=\"7a77130\" data-element_type=\"container\">\n\t\t\t\t\t<div class=\"e-con-inner\">\n\t\t\t\t<div class=\"elementor-element elementor-element-3bd1a4e elementor-widget elementor-widget-heading\" data-id=\"3bd1a4e\" data-element_type=\"widget\" data-widget_type=\"heading.default\">\n\t\t\t\t\t<h1 class=\"elementor-heading-title elementor-size-default\">Descri\u00e7\u00e3o<\/h1>\t\t\t\t<\/div>\n\t\t\t\t<div class=\"elementor-element elementor-element-3a0104f elementor-widget-divider--view-line elementor-widget elementor-widget-divider\" data-id=\"3a0104f\" data-element_type=\"widget\" data-widget_type=\"divider.default\">\n\t\t\t\t\t\t\t<div class=\"elementor-divider\">\n\t\t\t<span class=\"elementor-divider-separator\">\n\t\t\t\t\t\t<\/span>\n\t\t<\/div>\n\t\t\t\t\t\t<\/div>\n\t\t<div class=\"elementor-element elementor-element-02b7160 e-con-full e-flex e-con e-child\" data-id=\"02b7160\" data-element_type=\"container\">\n\t\t<div class=\"elementor-element elementor-element-d4e4a3d e-con-full e-flex e-con e-child\" data-id=\"d4e4a3d\" data-element_type=\"container\">\n\t\t\t\t<div class=\"elementor-element elementor-element-1e53219 elementor-view-default elementor-widget elementor-widget-icon\" data-id=\"1e53219\" data-element_type=\"widget\" data-widget_type=\"icon.default\">\n\t\t\t\t\t\t\t<div class=\"elementor-icon-wrapper\">\n\t\t\t<div class=\"elementor-icon\">\n\t\t\t<svg aria-hidden=\"true\" class=\"e-font-icon-svg e-fas-search\" viewBox=\"0 0 512 512\" xmlns=\"http:\/\/www.w3.org\/2000\/svg\"><path d=\"M505 442.7L405.3 343c-4.5-4.5-10.6-7-17-7H372c27.6-35.3 44-79.7 44-128C416 93.1 322.9 0 208 0S0 93.1 0 208s93.1 208 208 208c48.3 0 92.7-16.4 128-44v16.3c0 6.4 2.5 12.5 7 17l99.7 99.7c9.4 9.4 24.6 9.4 33.9 0l28.3-28.3c9.4-9.4 9.4-24.6.1-34zM208 336c-70.7 0-128-57.2-128-128 0-70.7 57.2-128 128-128 70.7 0 128 57.2 128 128 0 70.7-57.2 128-128 128z\"><\/path><\/svg>\t\t\t<\/div>\n\t\t<\/div>\n\t\t\t\t\t\t<\/div>\n\t\t\t\t<\/div>\n\t\t<div class=\"elementor-element elementor-element-d1b3d43 e-con-full e-flex e-con e-child\" data-id=\"d1b3d43\" data-element_type=\"container\">\n\t\t\t\t<div class=\"elementor-element elementor-element-c026bc1 elementor-widget elementor-widget-text-editor\" data-id=\"c026bc1\" data-element_type=\"widget\" data-widget_type=\"text-editor.default\">\n\t\t\t\t\t\t\t\t\t<p>Lorem ipsum dolor sit amet, consectetur adipiscing elit. Ut elit tellus, luctus nec ullamcorper mattis, pulvinar dapibus leo. Lorem ipsum dolor sit amet, consectetur adipiscing elit. Ut elit tellus, luctus nec ullamcorper mattis, pulvinar dapibus leo.<\/p>\t\t\t\t\t\t\t\t<\/div>\n\t\t\t\t<\/div>\n\t\t\t\t<\/div>\n\t\t<div class=\"elementor-element elementor-element-71f91ec e-con-full e-flex e-con e-child\" data-id=\"71f91ec\" data-element_type=\"container\">\n\t\t<div class=\"elementor-element elementor-element-e66502a e-con-full e-flex e-con e-child\" data-id=\"e66502a\" data-element_type=\"container\">\n\t\t\t\t<div class=\"elementor-element elementor-element-3ab7575 elementor-view-default elementor-widget elementor-widget-icon\" data-id=\"3ab7575\" data-element_type=\"widget\" data-widget_type=\"icon.default\">\n\t\t\t\t\t\t\t<div class=\"elementor-icon-wrapper\">\n\t\t\t<div class=\"elementor-icon\">\n\t\t\t<svg aria-hidden=\"true\" class=\"e-font-icon-svg e-fas-search\" viewBox=\"0 0 512 512\" xmlns=\"http:\/\/www.w3.org\/2000\/svg\"><path d=\"M505 442.7L405.3 343c-4.5-4.5-10.6-7-17-7H372c27.6-35.3 44-79.7 44-128C416 93.1 322.9 0 208 0S0 93.1 0 208s93.1 208 208 208c48.3 0 92.7-16.4 128-44v16.3c0 6.4 2.5 12.5 7 17l99.7 99.7c9.4 9.4 24.6 9.4 33.9 0l28.3-28.3c9.4-9.4 9.4-24.6.1-34zM208 336c-70.7 0-128-57.2-128-128 0-70.7 57.2-128 128-128 70.7 0 128 57.2 128 128 0 70.7-57.2 128-128 128z\"><\/path><\/svg>\t\t\t<\/div>\n\t\t<\/div>\n\t\t\t\t\t\t<\/div>\n\t\t\t\t<\/div>\n\t\t<div class=\"elementor-element elementor-element-12b6cd9 e-con-full e-flex e-con e-child\" data-id=\"12b6cd9\" data-element_type=\"container\">\n\t\t\t\t<div class=\"elementor-element elementor-element-a819910 elementor-widget elementor-widget-text-editor\" data-id=\"a819910\" data-element_type=\"widget\" data-widget_type=\"text-editor.default\">\n\t\t\t\t\t\t\t\t\t<p>Lorem ipsum dolor sit amet, consectetur adipiscing elit. Ut elit tellus, luctus nec ullamcorper mattis, pulvinar dapibus leo. Lorem ipsum dolor sit amet, consectetur adipiscing elit. Ut elit tellus, luctus nec ullamcorper mattis, pulvinar dapibus leo.<\/p>\t\t\t\t\t\t\t\t<\/div>\n\t\t\t\t<\/div>\n\t\t\t\t<\/div>\n\t\t<div class=\"elementor-element elementor-element-93b4e25 e-con-full e-flex e-con e-child\" data-id=\"93b4e25\" data-element_type=\"container\">\n\t\t<div class=\"elementor-element elementor-element-7dd4268 e-con-full e-flex e-con e-child\" data-id=\"7dd4268\" data-element_type=\"container\">\n\t\t\t\t<div class=\"elementor-element elementor-element-8c9c60c elementor-view-default elementor-widget elementor-widget-icon\" data-id=\"8c9c60c\" data-element_type=\"widget\" data-widget_type=\"icon.default\">\n\t\t\t\t\t\t\t<div class=\"elementor-icon-wrapper\">\n\t\t\t<div class=\"elementor-icon\">\n\t\t\t<svg aria-hidden=\"true\" class=\"e-font-icon-svg e-fas-search\" viewBox=\"0 0 512 512\" xmlns=\"http:\/\/www.w3.org\/2000\/svg\"><path d=\"M505 442.7L405.3 343c-4.5-4.5-10.6-7-17-7H372c27.6-35.3 44-79.7 44-128C416 93.1 322.9 0 208 0S0 93.1 0 208s93.1 208 208 208c48.3 0 92.7-16.4 128-44v16.3c0 6.4 2.5 12.5 7 17l99.7 99.7c9.4 9.4 24.6 9.4 33.9 0l28.3-28.3c9.4-9.4 9.4-24.6.1-34zM208 336c-70.7 0-128-57.2-128-128 0-70.7 57.2-128 128-128 70.7 0 128 57.2 128 128 0 70.7-57.2 128-128 128z\"><\/path><\/svg>\t\t\t<\/div>\n\t\t<\/div>\n\t\t\t\t\t\t<\/div>\n\t\t\t\t<\/div>\n\t\t<div class=\"elementor-element elementor-element-d0389a4 e-con-full e-flex e-con e-child\" data-id=\"d0389a4\" data-element_type=\"container\">\n\t\t\t\t<div class=\"elementor-element elementor-element-7bc2884 elementor-widget elementor-widget-text-editor\" data-id=\"7bc2884\" data-element_type=\"widget\" data-widget_type=\"text-editor.default\">\n\t\t\t\t\t\t\t\t\t<p>Lorem ipsum dolor sit amet, consectetur adipiscing elit. Ut elit tellus, luctus nec ullamcorper mattis, pulvinar dapibus leo. Lorem ipsum dolor sit amet, consectetur adipiscing elit. Ut elit tellus, luctus nec ullamcorper mattis, pulvinar dapibus leo.<\/p>\t\t\t\t\t\t\t\t<\/div>\n\t\t\t\t<\/div>\n\t\t\t\t<\/div>\n\t\t<div class=\"elementor-element elementor-element-b22b99a e-con-full e-flex e-con e-child\" data-id=\"b22b99a\" data-element_type=\"container\">\n\t\t<div class=\"elementor-element elementor-element-6342546 e-con-full e-flex e-con e-child\" data-id=\"6342546\" data-element_type=\"container\">\n\t\t\t\t<div class=\"elementor-element elementor-element-0f048bb elementor-view-default elementor-widget elementor-widget-icon\" data-id=\"0f048bb\" data-element_type=\"widget\" data-widget_type=\"icon.default\">\n\t\t\t\t\t\t\t<div class=\"elementor-icon-wrapper\">\n\t\t\t<div class=\"elementor-icon\">\n\t\t\t<svg aria-hidden=\"true\" class=\"e-font-icon-svg e-fas-search\" viewBox=\"0 0 512 512\" xmlns=\"http:\/\/www.w3.org\/2000\/svg\"><path d=\"M505 442.7L405.3 343c-4.5-4.5-10.6-7-17-7H372c27.6-35.3 44-79.7 44-128C416 93.1 322.9 0 208 0S0 93.1 0 208s93.1 208 208 208c48.3 0 92.7-16.4 128-44v16.3c0 6.4 2.5 12.5 7 17l99.7 99.7c9.4 9.4 24.6 9.4 33.9 0l28.3-28.3c9.4-9.4 9.4-24.6.1-34zM208 336c-70.7 0-128-57.2-128-128 0-70.7 57.2-128 128-128 70.7 0 128 57.2 128 128 0 70.7-57.2 128-128 128z\"><\/path><\/svg>\t\t\t<\/div>\n\t\t<\/div>\n\t\t\t\t\t\t<\/div>\n\t\t\t\t<\/div>\n\t\t<div class=\"elementor-element elementor-element-1f0746e e-con-full e-flex e-con e-child\" data-id=\"1f0746e\" data-element_type=\"container\">\n\t\t\t\t<div class=\"elementor-element elementor-element-bb06fb5 elementor-widget elementor-widget-text-editor\" data-id=\"bb06fb5\" data-element_type=\"widget\" data-widget_type=\"text-editor.default\">\n\t\t\t\t\t\t\t\t\t<p>Lorem ipsum dolor sit amet, consectetur adipiscing elit. Ut elit tellus, luctus nec ullamcorper mattis, pulvinar dapibus leo. Lorem ipsum dolor sit amet, consectetur adipiscing elit. Ut elit tellus, luctus nec ullamcorper mattis, pulvinar dapibus leo.<\/p>\t\t\t\t\t\t\t\t<\/div>\n\t\t\t\t<\/div>\n\t\t\t\t<\/div>\n\t\t\t\t\t<\/div>\n\t\t\t\t<\/div>\n\t\t\t\t<\/div>\n\t\t<div class=\"elementor-element elementor-element-093cd00 e-flex e-con-boxed e-con e-parent\" data-id=\"093cd00\" data-element_type=\"container\" data-settings=\"{&quot;background_background&quot;:&quot;classic&quot;}\">\n\t\t\t\t\t<div class=\"e-con-inner\">\n\t\t\t\t<div class=\"elementor-element elementor-element-5d685c2 elementor-widget elementor-widget-button\" data-id=\"5d685c2\" data-element_type=\"widget\" data-widget_type=\"button.default\">\n\t\t\t\t\t\t\t\t\t\t<a class=\"elementor-button elementor-button-link elementor-size-sm\" href=\"#elementor-action%3Aaction%3Dpopup%3Aopen%26settings%3DeyJpZCI6IjExNzQiLCJ0b2dnbGUiOmZhbHNlfQ%3D%3D\">\n\t\t\t\t\t\t<span class=\"elementor-button-content-wrapper\">\n\t\t\t\t\t\t\t\t\t<span class=\"elementor-button-text\">Fale com um de nossos especialistas<\/span>\n\t\t\t\t\t<\/span>\n\t\t\t\t\t<\/a>\n\t\t\t\t\t\t\t\t<\/div>\n\t\t\t\t\t<\/div>\n\t\t\t\t<\/div>\n\t\t\t\t<\/div>\n\t\t","protected":false},"excerpt":{"rendered":"<p>Nossos Materiais O PTFE (politetrafluoretileno) cont\u00e9m fluorcarbono em sua composi\u00e7\u00e3o, o que lhe confere not\u00e1veis propriedades qu\u00edmicas e f\u00edsicas de resist\u00eancia. Suas caracter\u00edsticas excepcionais n\u00e3o s\u00e3o encontradas em outros pl\u00e1sticos, sendo, muitas vezes, a \u00fanica solu\u00e7\u00e3o para problemas de materiais, desde que adaptado \u00e0 forma espec\u00edfica da pe\u00e7a. Caracter\u00edsticas principais: Alta durabilidade; Excelente estabilidade t\u00e9rmica; [&hellip;]<\/p>\n","protected":false},"author":1,"featured_media":0,"parent":27,"menu_order":0,"comment_status":"closed","ping_status":"closed","template":"","meta":{"footnotes":""},"class_list":["post-801","page","type-page","status-publish","hentry"],"_links":{"self":[{"href":"https:\/\/www.jslvedacoes.com.br\/site\/wp-json\/wp\/v2\/pages\/801","targetHints":{"allow":["GET"]}}],"collection":[{"href":"https:\/\/www.jslvedacoes.com.br\/site\/wp-json\/wp\/v2\/pages"}],"about":[{"href":"https:\/\/www.jslvedacoes.com.br\/site\/wp-json\/wp\/v2\/types\/page"}],"author":[{"embeddable":true,"href":"https:\/\/www.jslvedacoes.com.br\/site\/wp-json\/wp\/v2\/users\/1"}],"replies":[{"embeddable":true,"href":"https:\/\/www.jslvedacoes.com.br\/site\/wp-json\/wp\/v2\/comments?post=801"}],"version-history":[{"count":16,"href":"https:\/\/www.jslvedacoes.com.br\/site\/wp-json\/wp\/v2\/pages\/801\/revisions"}],"predecessor-version":[{"id":1197,"href":"https:\/\/www.jslvedacoes.com.br\/site\/wp-json\/wp\/v2\/pages\/801\/revisions\/1197"}],"up":[{"embeddable":true,"href":"https:\/\/www.jslvedacoes.com.br\/site\/wp-json\/wp\/v2\/pages\/27"}],"wp:attachment":[{"href":"https:\/\/www.jslvedacoes.com.br\/site\/wp-json\/wp\/v2\/media?parent=801"}],"curies":[{"name":"wp","href":"https:\/\/api.w.org\/{rel}","templated":true}]}}