{"id":815,"date":"2024-12-28T13:18:28","date_gmt":"2024-12-28T16:18:28","guid":{"rendered":"https:\/\/www.jslvedacoes.com.br\/site\/?page_id=815"},"modified":"2025-04-03T12:49:36","modified_gmt":"2025-04-03T15:49:36","slug":"teflongrafite","status":"publish","type":"page","link":"https:\/\/www.jslvedacoes.com.br\/site\/materiais\/teflongrafite\/","title":{"rendered":"TEFLON+GRAFITE"},"content":{"rendered":"\t\t<div data-elementor-type=\"wp-page\" data-elementor-id=\"815\" class=\"elementor elementor-815\" data-elementor-post-type=\"page\">\n\t\t\t\t<div class=\"elementor-element elementor-element-542b773 e-flex e-con-boxed e-con e-parent\" data-id=\"542b773\" data-element_type=\"container\" data-settings=\"{&quot;background_background&quot;:&quot;classic&quot;,&quot;background_motion_fx_motion_fx_scrolling&quot;:&quot;yes&quot;,&quot;background_motion_fx_scale_effect&quot;:&quot;yes&quot;,&quot;background_motion_fx_scale_direction&quot;:&quot;out-in&quot;,&quot;background_motion_fx_scale_speed&quot;:{&quot;unit&quot;:&quot;px&quot;,&quot;size&quot;:4,&quot;sizes&quot;:[]},&quot;background_motion_fx_scale_range&quot;:{&quot;unit&quot;:&quot;%&quot;,&quot;size&quot;:&quot;&quot;,&quot;sizes&quot;:{&quot;start&quot;:20,&quot;end&quot;:80}},&quot;background_motion_fx_devices&quot;:[&quot;desktop&quot;,&quot;tablet&quot;,&quot;mobile&quot;]}\">\n\t\t\t\t\t<div class=\"e-con-inner\">\n\t\t\t\t<div class=\"elementor-element elementor-element-34043b5 elementor-widget elementor-widget-heading\" data-id=\"34043b5\" data-element_type=\"widget\" data-widget_type=\"heading.default\">\n\t\t\t\t\t<h1 class=\"elementor-heading-title elementor-size-default\">Nossos Materiais<\/h1>\t\t\t\t<\/div>\n\t\t\t\t\t<\/div>\n\t\t\t\t<\/div>\n\t\t<div class=\"elementor-element elementor-element-724e83e e-con-full e-flex e-con e-parent\" data-id=\"724e83e\" data-element_type=\"container\" data-settings=\"{&quot;background_background&quot;:&quot;classic&quot;}\">\n\t\t<div class=\"elementor-element elementor-element-f008586 e-flex e-con-boxed e-con e-child\" data-id=\"f008586\" data-element_type=\"container\">\n\t\t\t\t\t<div class=\"e-con-inner\">\n\t\t\t\t<div class=\"elementor-element elementor-element-f8c1337 elementor-widget-divider--view-line elementor-widget elementor-widget-divider\" data-id=\"f8c1337\" data-element_type=\"widget\" data-widget_type=\"divider.default\">\n\t\t\t\t\t\t\t<div class=\"elementor-divider\">\n\t\t\t<span class=\"elementor-divider-separator\">\n\t\t\t\t\t\t<\/span>\n\t\t<\/div>\n\t\t\t\t\t\t<\/div>\n\t\t\t\t\t<\/div>\n\t\t\t\t<\/div>\n\t\t<div class=\"elementor-element elementor-element-437d1c1 e-flex e-con-boxed e-con e-child\" data-id=\"437d1c1\" data-element_type=\"container\">\n\t\t\t\t\t<div class=\"e-con-inner\">\n\t\t<div class=\"elementor-element elementor-element-2e973b2 e-con-full e-flex e-con e-child\" data-id=\"2e973b2\" data-element_type=\"container\">\n\t\t\t\t<div class=\"elementor-element elementor-element-21b8709 elementor-widget elementor-widget-text-editor\" data-id=\"21b8709\" data-element_type=\"widget\" data-widget_type=\"text-editor.default\">\n\t\t\t\t\t\t\t\t\t<p><span style=\"font-weight: 400;\">Teflon + Grafite (PTFE + Grafite) \u00e9 um composto que combina a resist\u00eancia qu\u00edmica do PTFE com as propriedades lubrificantes e resist\u00eancia ao desgaste do grafite, criando um material ideal para veda\u00e7\u00f5es de alto desempenho.<\/span><\/p><p><strong>Caracter\u00edsticas principais:<\/strong><\/p><p><span style=\"font-weight: 400;\">Resist\u00eancia qu\u00edmica a \u00e1cidos, bases e solventes.<\/span><\/p><p><span style=\"font-weight: 400;\">Baixo coeficiente de atrito, ideal para veda\u00e7\u00f5es din\u00e2micas e rotativas.<\/span><\/p><p><span style=\"font-weight: 400;\">Alta resist\u00eancia ao desgaste, gra\u00e7as ao grafite.<\/span><\/p><p><span style=\"font-weight: 400;\">Estabilidade t\u00e9rmica de -200\u00b0C a +260\u00b0C.<\/span><\/p><p><strong>Aplica\u00e7\u00f5es:<\/strong><\/p><p><span style=\"font-weight: 400;\">Veda\u00e7\u00f5es em sistemas hidr\u00e1ulicos e pneum\u00e1ticos, ind\u00fastrias qu\u00edmicas, e outras aplica\u00e7\u00f5es que exigem alta resist\u00eancia ao desgaste e baixa fric\u00e7\u00e3o.<\/span><\/p><p><span style=\"font-weight: 400;\">Ideal para ambientes com alta press\u00e3o, fric\u00e7\u00e3o e exposi\u00e7\u00e3o a produtos qu\u00edmicos.<\/span><\/p>\t\t\t\t\t\t\t\t<\/div>\n\t\t\t\t<\/div>\n\t\t<div class=\"elementor-element elementor-element-df1e21a e-con-full elementor-hidden-desktop elementor-hidden-tablet elementor-hidden-mobile e-flex e-con e-child\" data-id=\"df1e21a\" data-element_type=\"container\">\n\t\t\t\t<\/div>\n\t\t\t\t\t<\/div>\n\t\t\t\t<\/div>\n\t\t\t\t<\/div>\n\t\t<div class=\"elementor-element elementor-element-f3c0bf7 e-con-full elementor-hidden-desktop elementor-hidden-tablet elementor-hidden-mobile e-flex e-con e-parent\" data-id=\"f3c0bf7\" data-element_type=\"container\" data-settings=\"{&quot;background_background&quot;:&quot;classic&quot;}\">\n\t\t<div class=\"elementor-element elementor-element-138f271 e-flex e-con-boxed e-con e-child\" data-id=\"138f271\" data-element_type=\"container\">\n\t\t\t\t\t<div class=\"e-con-inner\">\n\t\t\t\t<div class=\"elementor-element elementor-element-800362c elementor-widget elementor-widget-heading\" data-id=\"800362c\" data-element_type=\"widget\" data-widget_type=\"heading.default\">\n\t\t\t\t\t<h1 class=\"elementor-heading-title elementor-size-default\">Descri\u00e7\u00e3o<\/h1>\t\t\t\t<\/div>\n\t\t\t\t<div class=\"elementor-element elementor-element-6b87edf elementor-widget-divider--view-line elementor-widget elementor-widget-divider\" data-id=\"6b87edf\" data-element_type=\"widget\" data-widget_type=\"divider.default\">\n\t\t\t\t\t\t\t<div class=\"elementor-divider\">\n\t\t\t<span class=\"elementor-divider-separator\">\n\t\t\t\t\t\t<\/span>\n\t\t<\/div>\n\t\t\t\t\t\t<\/div>\n\t\t<div class=\"elementor-element elementor-element-e3df561 e-con-full e-flex e-con e-child\" data-id=\"e3df561\" data-element_type=\"container\">\n\t\t<div class=\"elementor-element elementor-element-0ec3a50 e-con-full e-flex e-con e-child\" data-id=\"0ec3a50\" data-element_type=\"container\">\n\t\t\t\t<div class=\"elementor-element elementor-element-7b52232 elementor-view-default elementor-widget elementor-widget-icon\" data-id=\"7b52232\" data-element_type=\"widget\" data-widget_type=\"icon.default\">\n\t\t\t\t\t\t\t<div class=\"elementor-icon-wrapper\">\n\t\t\t<div class=\"elementor-icon\">\n\t\t\t<svg aria-hidden=\"true\" class=\"e-font-icon-svg e-fas-search\" viewBox=\"0 0 512 512\" xmlns=\"http:\/\/www.w3.org\/2000\/svg\"><path d=\"M505 442.7L405.3 343c-4.5-4.5-10.6-7-17-7H372c27.6-35.3 44-79.7 44-128C416 93.1 322.9 0 208 0S0 93.1 0 208s93.1 208 208 208c48.3 0 92.7-16.4 128-44v16.3c0 6.4 2.5 12.5 7 17l99.7 99.7c9.4 9.4 24.6 9.4 33.9 0l28.3-28.3c9.4-9.4 9.4-24.6.1-34zM208 336c-70.7 0-128-57.2-128-128 0-70.7 57.2-128 128-128 70.7 0 128 57.2 128 128 0 70.7-57.2 128-128 128z\"><\/path><\/svg>\t\t\t<\/div>\n\t\t<\/div>\n\t\t\t\t\t\t<\/div>\n\t\t\t\t<\/div>\n\t\t<div class=\"elementor-element elementor-element-ea51f93 e-con-full e-flex e-con e-child\" data-id=\"ea51f93\" data-element_type=\"container\">\n\t\t\t\t<div class=\"elementor-element elementor-element-e4a1e4e elementor-widget elementor-widget-text-editor\" data-id=\"e4a1e4e\" data-element_type=\"widget\" data-widget_type=\"text-editor.default\">\n\t\t\t\t\t\t\t\t\t<p>Lorem ipsum dolor sit amet, consectetur adipiscing elit. Ut elit tellus, luctus nec ullamcorper mattis, pulvinar dapibus leo. Lorem ipsum dolor sit amet, consectetur adipiscing elit. Ut elit tellus, luctus nec ullamcorper mattis, pulvinar dapibus leo.<\/p>\t\t\t\t\t\t\t\t<\/div>\n\t\t\t\t<\/div>\n\t\t\t\t<\/div>\n\t\t<div class=\"elementor-element elementor-element-730cb0f e-con-full e-flex e-con e-child\" data-id=\"730cb0f\" data-element_type=\"container\">\n\t\t<div class=\"elementor-element elementor-element-3dcb235 e-con-full e-flex e-con e-child\" data-id=\"3dcb235\" data-element_type=\"container\">\n\t\t\t\t<div class=\"elementor-element elementor-element-19e7b6a elementor-view-default elementor-widget elementor-widget-icon\" data-id=\"19e7b6a\" data-element_type=\"widget\" data-widget_type=\"icon.default\">\n\t\t\t\t\t\t\t<div class=\"elementor-icon-wrapper\">\n\t\t\t<div class=\"elementor-icon\">\n\t\t\t<svg aria-hidden=\"true\" class=\"e-font-icon-svg e-fas-search\" viewBox=\"0 0 512 512\" xmlns=\"http:\/\/www.w3.org\/2000\/svg\"><path d=\"M505 442.7L405.3 343c-4.5-4.5-10.6-7-17-7H372c27.6-35.3 44-79.7 44-128C416 93.1 322.9 0 208 0S0 93.1 0 208s93.1 208 208 208c48.3 0 92.7-16.4 128-44v16.3c0 6.4 2.5 12.5 7 17l99.7 99.7c9.4 9.4 24.6 9.4 33.9 0l28.3-28.3c9.4-9.4 9.4-24.6.1-34zM208 336c-70.7 0-128-57.2-128-128 0-70.7 57.2-128 128-128 70.7 0 128 57.2 128 128 0 70.7-57.2 128-128 128z\"><\/path><\/svg>\t\t\t<\/div>\n\t\t<\/div>\n\t\t\t\t\t\t<\/div>\n\t\t\t\t<\/div>\n\t\t<div class=\"elementor-element elementor-element-9caf757 e-con-full e-flex e-con e-child\" data-id=\"9caf757\" data-element_type=\"container\">\n\t\t\t\t<div class=\"elementor-element elementor-element-82eac80 elementor-widget elementor-widget-text-editor\" data-id=\"82eac80\" data-element_type=\"widget\" data-widget_type=\"text-editor.default\">\n\t\t\t\t\t\t\t\t\t<p>Lorem ipsum dolor sit amet, consectetur adipiscing elit. Ut elit tellus, luctus nec ullamcorper mattis, pulvinar dapibus leo. Lorem ipsum dolor sit amet, consectetur adipiscing elit. Ut elit tellus, luctus nec ullamcorper mattis, pulvinar dapibus leo.<\/p>\t\t\t\t\t\t\t\t<\/div>\n\t\t\t\t<\/div>\n\t\t\t\t<\/div>\n\t\t<div class=\"elementor-element elementor-element-c0d20fb e-con-full e-flex e-con e-child\" data-id=\"c0d20fb\" data-element_type=\"container\">\n\t\t<div class=\"elementor-element elementor-element-7a4b747 e-con-full e-flex e-con e-child\" data-id=\"7a4b747\" data-element_type=\"container\">\n\t\t\t\t<div class=\"elementor-element elementor-element-dca840c elementor-view-default elementor-widget elementor-widget-icon\" data-id=\"dca840c\" data-element_type=\"widget\" data-widget_type=\"icon.default\">\n\t\t\t\t\t\t\t<div class=\"elementor-icon-wrapper\">\n\t\t\t<div class=\"elementor-icon\">\n\t\t\t<svg aria-hidden=\"true\" class=\"e-font-icon-svg e-fas-search\" viewBox=\"0 0 512 512\" xmlns=\"http:\/\/www.w3.org\/2000\/svg\"><path d=\"M505 442.7L405.3 343c-4.5-4.5-10.6-7-17-7H372c27.6-35.3 44-79.7 44-128C416 93.1 322.9 0 208 0S0 93.1 0 208s93.1 208 208 208c48.3 0 92.7-16.4 128-44v16.3c0 6.4 2.5 12.5 7 17l99.7 99.7c9.4 9.4 24.6 9.4 33.9 0l28.3-28.3c9.4-9.4 9.4-24.6.1-34zM208 336c-70.7 0-128-57.2-128-128 0-70.7 57.2-128 128-128 70.7 0 128 57.2 128 128 0 70.7-57.2 128-128 128z\"><\/path><\/svg>\t\t\t<\/div>\n\t\t<\/div>\n\t\t\t\t\t\t<\/div>\n\t\t\t\t<\/div>\n\t\t<div class=\"elementor-element elementor-element-4a1be5d e-con-full e-flex e-con e-child\" data-id=\"4a1be5d\" data-element_type=\"container\">\n\t\t\t\t<div class=\"elementor-element elementor-element-003d212 elementor-widget elementor-widget-text-editor\" data-id=\"003d212\" data-element_type=\"widget\" data-widget_type=\"text-editor.default\">\n\t\t\t\t\t\t\t\t\t<p>Lorem ipsum dolor sit amet, consectetur adipiscing elit. Ut elit tellus, luctus nec ullamcorper mattis, pulvinar dapibus leo. Lorem ipsum dolor sit amet, consectetur adipiscing elit. Ut elit tellus, luctus nec ullamcorper mattis, pulvinar dapibus leo.<\/p>\t\t\t\t\t\t\t\t<\/div>\n\t\t\t\t<\/div>\n\t\t\t\t<\/div>\n\t\t<div class=\"elementor-element elementor-element-5b1be6b e-con-full e-flex e-con e-child\" data-id=\"5b1be6b\" data-element_type=\"container\">\n\t\t<div class=\"elementor-element elementor-element-b131b44 e-con-full e-flex e-con e-child\" data-id=\"b131b44\" data-element_type=\"container\">\n\t\t\t\t<div class=\"elementor-element elementor-element-e7046a1 elementor-view-default elementor-widget elementor-widget-icon\" data-id=\"e7046a1\" data-element_type=\"widget\" data-widget_type=\"icon.default\">\n\t\t\t\t\t\t\t<div class=\"elementor-icon-wrapper\">\n\t\t\t<div class=\"elementor-icon\">\n\t\t\t<svg aria-hidden=\"true\" class=\"e-font-icon-svg e-fas-search\" viewBox=\"0 0 512 512\" xmlns=\"http:\/\/www.w3.org\/2000\/svg\"><path d=\"M505 442.7L405.3 343c-4.5-4.5-10.6-7-17-7H372c27.6-35.3 44-79.7 44-128C416 93.1 322.9 0 208 0S0 93.1 0 208s93.1 208 208 208c48.3 0 92.7-16.4 128-44v16.3c0 6.4 2.5 12.5 7 17l99.7 99.7c9.4 9.4 24.6 9.4 33.9 0l28.3-28.3c9.4-9.4 9.4-24.6.1-34zM208 336c-70.7 0-128-57.2-128-128 0-70.7 57.2-128 128-128 70.7 0 128 57.2 128 128 0 70.7-57.2 128-128 128z\"><\/path><\/svg>\t\t\t<\/div>\n\t\t<\/div>\n\t\t\t\t\t\t<\/div>\n\t\t\t\t<\/div>\n\t\t<div class=\"elementor-element elementor-element-d24d6b0 e-con-full e-flex e-con e-child\" data-id=\"d24d6b0\" data-element_type=\"container\">\n\t\t\t\t<div class=\"elementor-element elementor-element-c2bdc5e elementor-widget elementor-widget-text-editor\" data-id=\"c2bdc5e\" data-element_type=\"widget\" data-widget_type=\"text-editor.default\">\n\t\t\t\t\t\t\t\t\t<p>Lorem ipsum dolor sit amet, consectetur adipiscing elit. Ut elit tellus, luctus nec ullamcorper mattis, pulvinar dapibus leo. Lorem ipsum dolor sit amet, consectetur adipiscing elit. Ut elit tellus, luctus nec ullamcorper mattis, pulvinar dapibus leo.<\/p>\t\t\t\t\t\t\t\t<\/div>\n\t\t\t\t<\/div>\n\t\t\t\t<\/div>\n\t\t\t\t\t<\/div>\n\t\t\t\t<\/div>\n\t\t\t\t<\/div>\n\t\t<div class=\"elementor-element elementor-element-6ec7e80 e-flex e-con-boxed e-con e-parent\" data-id=\"6ec7e80\" data-element_type=\"container\" data-settings=\"{&quot;background_background&quot;:&quot;classic&quot;}\">\n\t\t\t\t\t<div class=\"e-con-inner\">\n\t\t\t\t<div class=\"elementor-element elementor-element-0d17b29 elementor-widget elementor-widget-button\" data-id=\"0d17b29\" data-element_type=\"widget\" data-widget_type=\"button.default\">\n\t\t\t\t\t\t\t\t\t\t<a class=\"elementor-button elementor-button-link elementor-size-sm\" href=\"#elementor-action%3Aaction%3Dpopup%3Aopen%26settings%3DeyJpZCI6IjExNzQiLCJ0b2dnbGUiOmZhbHNlfQ%3D%3D\">\n\t\t\t\t\t\t<span class=\"elementor-button-content-wrapper\">\n\t\t\t\t\t\t\t\t\t<span class=\"elementor-button-text\">Fale com um de nossos especialistas<\/span>\n\t\t\t\t\t<\/span>\n\t\t\t\t\t<\/a>\n\t\t\t\t\t\t\t\t<\/div>\n\t\t\t\t\t<\/div>\n\t\t\t\t<\/div>\n\t\t\t\t<\/div>\n\t\t","protected":false},"excerpt":{"rendered":"<p>Nossos Materiais Teflon + Grafite (PTFE + Grafite) \u00e9 um composto que combina a resist\u00eancia qu\u00edmica do PTFE com as propriedades lubrificantes e resist\u00eancia ao desgaste do grafite, criando um material ideal para veda\u00e7\u00f5es de alto desempenho. Caracter\u00edsticas principais: Resist\u00eancia qu\u00edmica a \u00e1cidos, bases e solventes. Baixo coeficiente de atrito, ideal para veda\u00e7\u00f5es din\u00e2micas e [&hellip;]<\/p>\n","protected":false},"author":1,"featured_media":0,"parent":27,"menu_order":0,"comment_status":"closed","ping_status":"closed","template":"","meta":{"footnotes":""},"class_list":["post-815","page","type-page","status-publish","hentry"],"_links":{"self":[{"href":"https:\/\/www.jslvedacoes.com.br\/site\/wp-json\/wp\/v2\/pages\/815","targetHints":{"allow":["GET"]}}],"collection":[{"href":"https:\/\/www.jslvedacoes.com.br\/site\/wp-json\/wp\/v2\/pages"}],"about":[{"href":"https:\/\/www.jslvedacoes.com.br\/site\/wp-json\/wp\/v2\/types\/page"}],"author":[{"embeddable":true,"href":"https:\/\/www.jslvedacoes.com.br\/site\/wp-json\/wp\/v2\/users\/1"}],"replies":[{"embeddable":true,"href":"https:\/\/www.jslvedacoes.com.br\/site\/wp-json\/wp\/v2\/comments?post=815"}],"version-history":[{"count":16,"href":"https:\/\/www.jslvedacoes.com.br\/site\/wp-json\/wp\/v2\/pages\/815\/revisions"}],"predecessor-version":[{"id":1203,"href":"https:\/\/www.jslvedacoes.com.br\/site\/wp-json\/wp\/v2\/pages\/815\/revisions\/1203"}],"up":[{"embeddable":true,"href":"https:\/\/www.jslvedacoes.com.br\/site\/wp-json\/wp\/v2\/pages\/27"}],"wp:attachment":[{"href":"https:\/\/www.jslvedacoes.com.br\/site\/wp-json\/wp\/v2\/media?parent=815"}],"curies":[{"name":"wp","href":"https:\/\/api.w.org\/{rel}","templated":true}]}}